{"id":1744,"date":"2023-09-27T10:29:26","date_gmt":"2023-09-27T10:29:26","guid":{"rendered":"http:\/\/inyod.com.tr\/?page_id=1744"},"modified":"2023-10-10T08:24:18","modified_gmt":"2023-10-10T08:24:18","slug":"faq","status":"publish","type":"page","link":"https:\/\/inyod.com.tr\/de\/about-us\/faq\/","title":{"rendered":"FAQ"},"content":{"rendered":"<p><section data-bb-version=\"4.6.1\" id=\"bt_bb_section6a03a131a4147\" class=\"bt_bb_section bt_bb_color_scheme_11 bt_bb_layout_boxed_1200 bt_bb_vertical_align_top bt_bb_background_overlay_alternate_solid bt_bb_top_spacing_none bt_bb_bottom_spacing_none bt_bb_negative_margin_\" style=\"; --section-primary-color:#ffffff; --section-secondary-color:#181818;\" data-bt-override-class=\"{&quot;bt_bb_top_spacing_&quot;:{&quot;current_class&quot;:&quot;bt_bb_top_spacing_none&quot;,&quot;def&quot;:&quot;none&quot;},&quot;bt_bb_bottom_spacing_&quot;:{&quot;current_class&quot;:&quot;bt_bb_bottom_spacing_none&quot;,&quot;def&quot;:&quot;none&quot;},&quot;bt_bb_negative_margin_&quot;:{&quot;current_class&quot;:&quot;bt_bb_negative_margin_&quot;,&quot;def&quot;:&quot;&quot;}}\"><div class=\"bt_bb_background_image_holder_wrapper\"><div class=\"bt_bb_background_image_holder btLazyLoadBackground\"  data-background_image_src=\"https:\/\/inyod.com.tr\/wp-content\/uploads\/2020\/11\/img-slider-02-1.jpg\" data-parallax-zoom-start=\"1\" data-parallax-zoom-end=\"1\" data-parallax-blur-start=\"0\" data-parallax-blur-end=\"0\" data-parallax-opacity-start=\"1\" data-parallax-opacity-end=\"1\" style=\" background-image: url(&#039;https:\/\/inyod.com.tr\/wp-content\/plugins\/bold-page-builder\/img\/blank.gif&#039;);\"><\/div><\/div><div class=\"bt_bb_port\"><div class=\"bt_bb_cell\"><div class=\"bt_bb_cell_inner\"><div class=\"bt_bb_row\"  data-bt-override-class=\"{}\"><div class=\"bt_bb_row_holder\" ><div  class=\"bt_bb_column col-xxl-12 col-xl-12 bt_bb_vertical_align_middle bt_bb_align_center bt_bb_padding_normal bt_bb_animation_fade_in zoom_out animate\" style=\"; --column-width:12;\" data-width=\"12\" data-bt-override-class=\"{}\"><div class=\"bt_bb_column_content\"><div class=\"bt_bb_column_content_inner\"><div data-bb-version=\"4.6.1\" class=\"bt_bb_separator bt_bb_border_style_none bt_bb_top_spacing_normal bt_bb_bottom_spacing_large bt_bb_hidden_md bt_bb_hidden_lg bt_bb_hidden_xl\" data-bt-override-class=\"{&quot;bt_bb_top_spacing_&quot;:{&quot;current_class&quot;:&quot;bt_bb_top_spacing_normal&quot;,&quot;def&quot;:&quot;normal&quot;},&quot;bt_bb_bottom_spacing_&quot;:{&quot;current_class&quot;:&quot;bt_bb_bottom_spacing_large&quot;,&quot;def&quot;:&quot;large&quot;}}\"><\/div><div data-bb-version=\"4.6.1\" class=\"bt_bb_separator bt_bb_border_style_none bt_bb_top_spacing_60 bt_bb_bottom_spacing_60 bt_bb_hidden_xs bt_bb_hidden_ms bt_bb_hidden_sm\" data-bt-override-class=\"{&quot;bt_bb_top_spacing_&quot;:{&quot;current_class&quot;:&quot;bt_bb_top_spacing_60&quot;,&quot;def&quot;:&quot;60&quot;},&quot;bt_bb_bottom_spacing_&quot;:{&quot;current_class&quot;:&quot;bt_bb_bottom_spacing_60&quot;,&quot;def&quot;:&quot;60&quot;}}\"><\/div><header data-bb-version=\"4.6.1\" class=\"bt_bb_headline bt_bb_dash_none bt_bb_size_extrahuge bt_bb_align_inherit\" data-bt-override-class=\"{&quot;bt_bb_size_&quot;:{&quot;current_class&quot;:&quot;bt_bb_size_extrahuge&quot;,&quot;def&quot;:&quot;extrahuge&quot;},&quot;bt_bb_align_&quot;:{&quot;current_class&quot;:&quot;bt_bb_align_inherit&quot;,&quot;def&quot;:&quot;inherit&quot;}}\"><h1><span class=\"bt_bb_headline_content\"><span>Sie fragen, wir antworten<span class=\"bt_bb_outline_text bt_bb_outline_text_align_inherit bt_bb_outline_text_size_300\"><span>FAQ<\/span><\/span><\/span><\/span><\/h1><\/header><div class=\"bt_bb_separator bt_bb_border_style_none bt_bb_bottom_spacing_60\" data-bt-override-class=\"null\"><\/div><div data-bb-version=\"4.6.1\" class=\"bt_bb_separator\" data-bt-override-class=\"null\"><\/div><\/div><\/div><\/div><\/div><\/div><\/div><!-- cell_inner --><\/div><!-- cell --><\/div><!-- port --><\/section><section data-bb-version=\"4.6.1\" id=\"bt_bb_section6a03a131a4331\" class=\"bt_bb_section bt_bb_layout_boxed_1200\"  data-bt-override-class=\"null\"><div class=\"bt_bb_port\"><div class=\"bt_bb_cell\"><div class=\"bt_bb_cell_inner\"><div class=\"bt_bb_row\"  data-bt-override-class=\"{}\"><div class=\"bt_bb_row_holder\" ><div data-bb-version=\"4.6.1\"  class=\"bt_bb_column col-xxl-12 col-xl-12 col-xs-12 col-sm-12 col-md-12 col-lg-12 bt_bb_vertical_align_top bt_bb_align_left bt_bb_padding_normal\" style=\"; --column-width:12;\" data-width=\"12\" data-bt-override-class=\"{}\"><div class=\"bt_bb_column_content\"><div class=\"bt_bb_column_content_inner\"><div data-bb-version=\"4.6.1\" class=\"bt_bb_separator bt_bb_border_style_none bt_bb_top_spacing_60 bt_bb_bottom_spacing_60 bt_bb_hidden_xs bt_bb_hidden_ms bt_bb_hidden_sm\" data-bt-override-class=\"{&quot;bt_bb_top_spacing_&quot;:{&quot;current_class&quot;:&quot;bt_bb_top_spacing_60&quot;,&quot;def&quot;:&quot;60&quot;},&quot;bt_bb_bottom_spacing_&quot;:{&quot;current_class&quot;:&quot;bt_bb_bottom_spacing_60&quot;,&quot;def&quot;:&quot;60&quot;}}\"><\/div><div data-bb-version=\"4.6.1\"  class=\"bt_bb_text\" >            <div class=\"qae-faqs-container qae-faqs-toggle-container\">\n\t\t\t\t<h3 class=\"qe-faqs-group-title\">Allgemeine Fragen<\/h3>\t\t<div id=\"qaef-1944\" class=\"qe-faq-toggle general-questions\">\n\t\t\t<div class=\"qe-toggle-title\">\n\t\t\t\t<h4>\n\t\t\t\t\t<i class=\"fa fa-minus-circle\"><\/i> Erfordern Lasermaschinen eine spezielle Schulung f\u00fcr den Betrieb?\t\t\t\t<\/h4>\n\t\t\t<\/div>\n\t\t\t<div class=\"qe-toggle-content\">\n\t\t\t\t<p>Ja, Bediener sollten eine angemessene Schulung zum Maschinenbetrieb, zu Sicherheitsprotokollen und zur Wartung erhalten, um eine optimale und sichere Nutzung zu gew\u00e4hrleisten.<\/p>\n\t\t\t<\/div>\n\t\t<\/div>\n\t\t\t\t<div id=\"qaef-1943\" class=\"qe-faq-toggle general-questions\">\n\t\t\t<div class=\"qe-toggle-title\">\n\t\t\t\t<h4>\n\t\t\t\t\t<i class=\"fa fa-minus-circle\"><\/i> Wie hoch ist die Lebensdauer der Laserquellen in diesen Maschinen?\t\t\t\t<\/h4>\n\t\t\t<\/div>\n\t\t\t<div class=\"qe-toggle-content\">\n\t\t\t\t<p>Die Lebensdauer variiert je nach Nutzung, moderne Laserquellen k\u00f6nnen jedoch mehrere Zehntausend Stunden halten. Regelm\u00e4\u00dfige Wartung kann ihre Lebensdauer weiter verl\u00e4ngern.<\/p>\n\t\t\t<\/div>\n\t\t<\/div>\n\t\t\t\t<div id=\"qaef-1941\" class=\"qe-faq-toggle general-questions maintenance\">\n\t\t\t<div class=\"qe-toggle-title\">\n\t\t\t\t<h4>\n\t\t\t\t\t<i class=\"fa fa-minus-circle\"><\/i> Welche Wartung ben\u00f6tigen Lasermaschinen?\t\t\t\t<\/h4>\n\t\t\t<\/div>\n\t\t\t<div class=\"qe-toggle-content\">\n\t\t\t\t<p>Lasermaschinen erfordern regelm\u00e4\u00dfige Reinigung, Ausrichtungspr\u00fcfungen und Wartung der K\u00fchlsysteme. Regelm\u00e4\u00dfige Wartung sorgt f\u00fcr optimale Leistung und Langlebigkeit.<\/p>\n\t\t\t<\/div>\n\t\t<\/div>\n\t\t\t\t<div id=\"qaef-1940\" class=\"qe-faq-toggle general-questions safety\">\n\t\t\t<div class=\"qe-toggle-title\">\n\t\t\t\t<h4>\n\t\t\t\t\t<i class=\"fa fa-minus-circle\"><\/i> Sind Lasermaschinen sicher zu bedienen?\t\t\t\t<\/h4>\n\t\t\t<\/div>\n\t\t\t<div class=\"qe-toggle-content\">\n\t\t\t\t<p>Ja, Lasermaschinen sind sicher, wenn sie richtig und unter Einhaltung der Sicherheitsrichtlinien verwendet werden. Sie verf\u00fcgen h\u00e4ufig \u00fcber Sicherheitsfunktionen wie Geh\u00e4use und Verriegelungen, um Unf\u00e4lle zu verhindern.<\/p>\n\t\t\t<\/div>\n\t\t<\/div>\n\t\t\t\t<div id=\"qaef-1930\" class=\"qe-faq-toggle general-questions\">\n\t\t\t<div class=\"qe-toggle-title\">\n\t\t\t\t<h4>\n\t\t\t\t\t<i class=\"fa fa-minus-circle\"><\/i> Was sind Inyod-Dienste?\t\t\t\t<\/h4>\n\t\t\t<\/div>\n\t\t\t<div class=\"qe-toggle-content\">\n\t\t\t\t<ul>\n<li>Professionelle Beratung zum Laserschneiden ist sowohl online als auch offline verf\u00fcgbar.<\/li>\n<li>Unsere erfahrenen professionellen Ingenieure stellen entsprechend Ihrer Nachfrage die am besten geeigneten Produktl\u00f6sungen bereit.<\/li>\n<li>Servicetechniker aus \u00dcbersee sind sofort vor Ort und l\u00f6sen Probleme innerhalb von 24 Stunden.<\/li>\n<li>Ersatzteilzentren im Ausland stellen sicher, dass Kunden Ersatzteile innerhalb von 48 Stunden austauschen k\u00f6nnen.<\/li>\n<\/ul>\n<p>Inyod AI bietet eine 24-Stunden-\u00dcberwachung der Maschinenleistung<\/p>\n\t\t\t<\/div>\n\t\t<\/div>\n\t\t\t\t<div id=\"qaef-1929\" class=\"qe-faq-toggle general-questions\">\n\t\t\t<div class=\"qe-toggle-title\">\n\t\t\t\t<h4>\n\t\t\t\t\t<i class=\"fa fa-minus-circle\"><\/i> Wer ist Inyod?\t\t\t\t<\/h4>\n\t\t\t<\/div>\n\t\t\t<div class=\"qe-toggle-content\">\n\t\t\t\t<p>Wir sind ein auf Laserschwei\u00df-, -schneid- und -markierungssysteme spezialisierter Maschinenhersteller<\/p>\n\t\t\t<\/div>\n\t\t<\/div>\n\t\t<h3 class=\"qe-faqs-group-title\">Automatisierung<\/h3>\t\t<div id=\"qaef-1942\" class=\"qe-faq-toggle automation cutting-machines\">\n\t\t\t<div class=\"qe-toggle-title\">\n\t\t\t\t<h4>\n\t\t\t\t\t<i class=\"fa fa-minus-circle\"><\/i> K\u00f6nnen Lasermaschinen in Automatisierungssysteme integriert werden?\t\t\t\t<\/h4>\n\t\t\t<\/div>\n\t\t\t<div class=\"qe-toggle-content\">\n\t\t\t\t<p>Ja, viele Lasermaschinen k\u00f6nnen zur Steigerung der Effizienz und Produktivit\u00e4t in Roboterarme, F\u00f6rderb\u00e4nder und andere Automatisierungssysteme integriert werden.<\/p>\n\t\t\t<\/div>\n\t\t<\/div>\n\t\t<h3 class=\"qe-faqs-group-title\">Schneidemaschinen<\/h3>\t\t<div id=\"qaef-1942\" class=\"qe-faq-toggle automation cutting-machines\">\n\t\t\t<div class=\"qe-toggle-title\">\n\t\t\t\t<h4>\n\t\t\t\t\t<i class=\"fa fa-minus-circle\"><\/i> K\u00f6nnen Lasermaschinen in Automatisierungssysteme integriert werden?\t\t\t\t<\/h4>\n\t\t\t<\/div>\n\t\t\t<div class=\"qe-toggle-content\">\n\t\t\t\t<p>Ja, viele Lasermaschinen k\u00f6nnen zur Steigerung der Effizienz und Produktivit\u00e4t in Roboterarme, F\u00f6rderb\u00e4nder und andere Automatisierungssysteme integriert werden.<\/p>\n\t\t\t<\/div>\n\t\t<\/div>\n\t\t\t\t<div id=\"qaef-1933\" class=\"qe-faq-toggle cutting-machines\">\n\t\t\t<div class=\"qe-toggle-title\">\n\t\t\t\t<h4>\n\t\t\t\t\t<i class=\"fa fa-minus-circle\"><\/i> K\u00f6nnen Laserschneidmaschinen dicke Materialien verarbeiten?\t\t\t\t<\/h4>\n\t\t\t<\/div>\n\t\t\t<div class=\"qe-toggle-content\">\n\t\t\t\t<p>Ja, bestimmte Laserschneidmaschinen k\u00f6nnen dicke Materialien durchschneiden, bei dickeren Materialien kann sich die Schnittgeschwindigkeit jedoch aufgrund der h\u00f6heren Energieabsorption verringern.<\/p>\n\t\t\t<\/div>\n\t\t<\/div>\n\t\t\t\t<div id=\"qaef-1932\" class=\"qe-faq-toggle cutting-machines\">\n\t\t\t<div class=\"qe-toggle-title\">\n\t\t\t\t<h4>\n\t\t\t\t\t<i class=\"fa fa-minus-circle\"><\/i> Was ist der Vorteil des Laserschneidens gegen\u00fcber herk\u00f6mmlichen Methoden?\t\t\t\t<\/h4>\n\t\t\t<\/div>\n\t\t\t<div class=\"qe-toggle-content\">\n\t\t\t\t<p>Das Laserschneiden bietet hohe Pr\u00e4zision, komplizierte Details, minimale Materialverschwendung und die M\u00f6glichkeit, komplexe Formen zu schneiden, ohne dass teure Werkzeuge erforderlich sind.<\/p>\n\t\t\t<\/div>\n\t\t<\/div>\n\t\t\t\t<div id=\"qaef-1931\" class=\"qe-faq-toggle cutting-machines\">\n\t\t\t<div class=\"qe-toggle-title\">\n\t\t\t\t<h4>\n\t\t\t\t\t<i class=\"fa fa-minus-circle\"><\/i> Welche Materialien k\u00f6nnen Laserschneidmaschinen verarbeiten?\t\t\t\t<\/h4>\n\t\t\t<\/div>\n\t\t\t<div class=\"qe-toggle-content\">\n\t\t\t\t<p>Laserschneidmaschinen k\u00f6nnen mit einer Vielzahl von Materialien arbeiten, darunter Metalle (wie Stahl, Aluminium, Messing), Kunststoffe, Holz, Acryl, Textilien, Leder und mehr.<\/p>\n\t\t\t<\/div>\n\t\t<\/div>\n\t\t<h3 class=\"qe-faqs-group-title\">Wartung<\/h3>\t\t<div id=\"qaef-1941\" class=\"qe-faq-toggle general-questions maintenance\">\n\t\t\t<div class=\"qe-toggle-title\">\n\t\t\t\t<h4>\n\t\t\t\t\t<i class=\"fa fa-minus-circle\"><\/i> Welche Wartung ben\u00f6tigen Lasermaschinen?\t\t\t\t<\/h4>\n\t\t\t<\/div>\n\t\t\t<div class=\"qe-toggle-content\">\n\t\t\t\t<p>Lasermaschinen erfordern regelm\u00e4\u00dfige Reinigung, Ausrichtungspr\u00fcfungen und Wartung der K\u00fchlsysteme. Regelm\u00e4\u00dfige Wartung sorgt f\u00fcr optimale Leistung und Langlebigkeit.<\/p>\n\t\t\t<\/div>\n\t\t<\/div>\n\t\t<h3 class=\"qe-faqs-group-title\">Sicherheit<\/h3>\t\t<div id=\"qaef-1940\" class=\"qe-faq-toggle general-questions safety\">\n\t\t\t<div class=\"qe-toggle-title\">\n\t\t\t\t<h4>\n\t\t\t\t\t<i class=\"fa fa-minus-circle\"><\/i> Sind Lasermaschinen sicher zu bedienen?\t\t\t\t<\/h4>\n\t\t\t<\/div>\n\t\t\t<div class=\"qe-toggle-content\">\n\t\t\t\t<p>Ja, Lasermaschinen sind sicher, wenn sie richtig und unter Einhaltung der Sicherheitsrichtlinien verwendet werden. Sie verf\u00fcgen h\u00e4ufig \u00fcber Sicherheitsfunktionen wie Geh\u00e4use und Verriegelungen, um Unf\u00e4lle zu verhindern.<\/p>\n\t\t\t<\/div>\n\t\t<\/div>\n\t\t<h3 class=\"qe-faqs-group-title\">Markiermaschinen<\/h3>\t\t<div id=\"qaef-1939\" class=\"qe-faq-toggle marking-machines\">\n\t\t\t<div class=\"qe-toggle-title\">\n\t\t\t\t<h4>\n\t\t\t\t\t<i class=\"fa fa-minus-circle\"><\/i> K\u00f6nnen Laserbeschriftungsmaschinen komplexe Muster oder Texte erstellen?\t\t\t\t<\/h4>\n\t\t\t<\/div>\n\t\t\t<div class=\"qe-toggle-content\">\n\t\t\t\t<p>Ja, Laserbeschriftungsmaschinen k\u00f6nnen komplizierte Muster, detaillierte Texte, Barcodes, QR-Codes und sogar Bilder mit hoher Pr\u00e4zision erstellen.<\/p>\n\t\t\t<\/div>\n\t\t<\/div>\n\t\t\t\t<div id=\"qaef-1938\" class=\"qe-faq-toggle marking-machines\">\n\t\t\t<div class=\"qe-toggle-title\">\n\t\t\t\t<h4>\n\t\t\t\t\t<i class=\"fa fa-minus-circle\"><\/i> Was ist der Vorteil der Lasermarkierung gegen\u00fcber herk\u00f6mmlichen Methoden?\t\t\t\t<\/h4>\n\t\t\t<\/div>\n\t\t\t<div class=\"qe-toggle-content\">\n\t\t\t\t<p>Die Lasermarkierung sorgt f\u00fcr dauerhafte, hochaufl\u00f6sende Markierungen, ohne dass Tinten oder Farbstoffe erforderlich sind. Es ist schnell, pr\u00e4zise und umweltfreundlich.<\/p>\n\t\t\t<\/div>\n\t\t<\/div>\n\t\t\t\t<div id=\"qaef-1937\" class=\"qe-faq-toggle marking-machines\">\n\t\t\t<div class=\"qe-toggle-title\">\n\t\t\t\t<h4>\n\t\t\t\t\t<i class=\"fa fa-minus-circle\"><\/i> Auf welchen Materialien k\u00f6nnen Lasermarkiermaschinen markieren?\t\t\t\t<\/h4>\n\t\t\t<\/div>\n\t\t\t<div class=\"qe-toggle-content\">\n\t\t\t\t<p>Lasermarkiermaschinen k\u00f6nnen Metalle, Kunststoffe, Glas, Keramik, Holz, Papier, Leder, Textilien und mehr markieren.<\/p>\n\t\t\t<\/div>\n\t\t<\/div>\n\t\t<h3 class=\"qe-faqs-group-title\">Schwei\u00dfger\u00e4te<\/h3>\t\t<div id=\"qaef-1936\" class=\"qe-faq-toggle welding-machines\">\n\t\t\t<div class=\"qe-toggle-title\">\n\t\t\t\t<h4>\n\t\t\t\t\t<i class=\"fa fa-minus-circle\"><\/i> K\u00f6nnen Laserschwei\u00dfger\u00e4te mit reflektierenden Materialien arbeiten?\t\t\t\t<\/h4>\n\t\t\t<\/div>\n\t\t\t<div class=\"qe-toggle-content\">\n\t\t\t\t<p>Faserlaserschwei\u00dfmaschinen eignen sich besser f\u00fcr reflektierende Materialien wie Metalle, da ihre Wellenl\u00e4nge von Metallen stark absorbiert wird.<\/p>\n\t\t\t<\/div>\n\t\t<\/div>\n\t\t\t\t<div id=\"qaef-1935\" class=\"qe-faq-toggle welding-machines\">\n\t\t\t<div class=\"qe-toggle-title\">\n\t\t\t\t<h4>\n\t\t\t\t\t<i class=\"fa fa-minus-circle\"><\/i> Wie unterscheidet sich das Laserschwei\u00dfen von herk\u00f6mmlichen Schwei\u00dfmethoden?\t\t\t\t<\/h4>\n\t\t\t<\/div>\n\t\t\t<div class=\"qe-toggle-content\">\n\t\t\t\t<p>Das Laserschwei\u00dfen bietet h\u00f6here Pr\u00e4zision, minimale W\u00e4rmeeinflusszonen, weniger Verzug und eine schnellere Bearbeitung. Es eignet sich besonders zum Verbinden empfindlicher oder hitzeempfindlicher Materialien.<\/p>\n\t\t\t<\/div>\n\t\t<\/div>\n\t\t\t\t<div id=\"qaef-1934\" class=\"qe-faq-toggle welding-machines\">\n\t\t\t<div class=\"qe-toggle-title\">\n\t\t\t\t<h4>\n\t\t\t\t\t<i class=\"fa fa-minus-circle\"><\/i> Welche Schwei\u00dfarten k\u00f6nnen Laserschwei\u00dfmaschinen durchf\u00fchren?\t\t\t\t<\/h4>\n\t\t\t<\/div>\n\t\t\t<div class=\"qe-toggle-content\">\n\t\t\t\t<p>Laserschwei\u00dfmaschinen k\u00f6nnen Punktschwei\u00dfen, Nahtschwei\u00dfen, Stumpfschwei\u00dfen und sogar Pr\u00e4zisionsmikroschwei\u00dfen an Materialien wie Metallen, Kunststoffen und Keramik durchf\u00fchren.<\/p>\n\t\t\t<\/div>\n\t\t<\/div>\n\t\t            <\/div>\n\t\t<\/div><div data-bb-version=\"4.6.1\" class=\"bt_bb_separator bt_bb_border_style_none bt_bb_top_spacing_60 bt_bb_bottom_spacing_60 bt_bb_hidden_xs bt_bb_hidden_ms bt_bb_hidden_sm\" data-bt-override-class=\"{&quot;bt_bb_top_spacing_&quot;:{&quot;current_class&quot;:&quot;bt_bb_top_spacing_60&quot;,&quot;def&quot;:&quot;60&quot;},&quot;bt_bb_bottom_spacing_&quot;:{&quot;current_class&quot;:&quot;bt_bb_bottom_spacing_60&quot;,&quot;def&quot;:&quot;60&quot;}}\"><\/div><\/div><\/div><\/div><\/div><\/div><\/div><!-- cell_inner --><\/div><!-- cell --><\/div><!-- port --><\/section><\/p>","protected":false},"excerpt":{"rendered":"<p>Uniquely deploy cross-unit benefits with wireless testing procedures. Collaboratively build backward-compatible relationships whereas tactical paradigms. Compellingly reconceptualize compelling outsourcing whereas optimal service.<\/p>","protected":false},"author":1,"featured_media":585,"parent":440,"menu_order":0,"comment_status":"closed","ping_status":"closed","template":"","meta":{"_acf_changed":false,"footnotes":""},"class_list":["post-1744","page","type-page","status-publish","has-post-thumbnail","hentry"],"acf":[],"yoast_head":"<!-- This site is optimized with the Yoast SEO Premium plugin v20.13 (Yoast SEO v20.13) - https:\/\/yoast.com\/wordpress\/plugins\/seo\/ -->\n<title>FAQ - Inyod Laser Machine Technology<\/title>\n<meta name=\"robots\" content=\"index, follow, max-snippet:-1, max-image-preview:large, max-video-preview:-1\" \/>\n<link rel=\"canonical\" href=\"https:\/\/inyod.com.tr\/de\/about-us\/faq\/\" \/>\n<meta property=\"og:locale\" content=\"de_DE\" \/>\n<meta property=\"og:type\" content=\"article\" \/>\n<meta property=\"og:title\" content=\"FAQ\" \/>\n<meta property=\"og:description\" content=\"Uniquely deploy cross-unit benefits with wireless testing procedures. Collaboratively build backward-compatible relationships whereas tactical paradigms. Compellingly reconceptualize compelling outsourcing whereas optimal service.\" \/>\n<meta property=\"og:url\" content=\"https:\/\/inyod.com.tr\/de\/about-us\/faq\/\" \/>\n<meta property=\"og:site_name\" content=\"Inyod Laser Machine Technology\" \/>\n<meta property=\"article:publisher\" content=\"https:\/\/www.facebook.com\/inyod\" \/>\n<meta property=\"article:modified_time\" content=\"2023-10-10T08:24:18+00:00\" \/>\n<meta property=\"og:image\" content=\"https:\/\/inyod.com.tr\/wp-content\/uploads\/2020\/10\/post_12-1.jpg\" \/>\n\t<meta property=\"og:image:width\" content=\"2500\" \/>\n\t<meta property=\"og:image:height\" content=\"1667\" \/>\n\t<meta property=\"og:image:type\" content=\"image\/jpeg\" \/>\n<meta name=\"twitter:card\" content=\"summary_large_image\" \/>\n<meta name=\"twitter:site\" content=\"@inyodcom\" \/>\n<meta name=\"twitter:label1\" content=\"Gesch\u00e4tzte Lesezeit\" \/>\n\t<meta name=\"twitter:data1\" content=\"2\u00a0Minuten\" \/>\n<script type=\"application\/ld+json\" class=\"yoast-schema-graph\">{\"@context\":\"https:\/\/schema.org\",\"@graph\":[{\"@type\":\"WebPage\",\"@id\":\"https:\/\/inyod.com.tr\/en\/about-us\/faq\/\",\"url\":\"https:\/\/inyod.com.tr\/en\/about-us\/faq\/\",\"name\":\"FAQ - Inyod Laser Machine Technology\",\"isPartOf\":{\"@id\":\"https:\/\/inyod.com.tr\/en\/#website\"},\"datePublished\":\"2023-09-27T10:29:26+00:00\",\"dateModified\":\"2023-10-10T08:24:18+00:00\",\"breadcrumb\":{\"@id\":\"https:\/\/inyod.com.tr\/en\/about-us\/faq\/#breadcrumb\"},\"inLanguage\":\"de\",\"potentialAction\":[{\"@type\":\"ReadAction\",\"target\":[\"https:\/\/inyod.com.tr\/en\/about-us\/faq\/\"]}]},{\"@type\":\"BreadcrumbList\",\"@id\":\"https:\/\/inyod.com.tr\/en\/about-us\/faq\/#breadcrumb\",\"itemListElement\":[{\"@type\":\"ListItem\",\"position\":1,\"name\":\"Home\",\"item\":\"https:\/\/inyod.com.tr\/en\/\"},{\"@type\":\"ListItem\",\"position\":2,\"name\":\"About us\",\"item\":\"https:\/\/inyod.com.tr\/tr\/about-us\/\"},{\"@type\":\"ListItem\",\"position\":3,\"name\":\"FAQ\"}]},{\"@type\":\"WebSite\",\"@id\":\"https:\/\/inyod.com.tr\/en\/#website\",\"url\":\"https:\/\/inyod.com.tr\/en\/\",\"name\":\"Inyod Machine Technology\",\"description\":\"Inyod Technology\",\"publisher\":{\"@id\":\"https:\/\/inyod.com.tr\/en\/#organization\"},\"alternateName\":\"Machine Technology\",\"potentialAction\":[{\"@type\":\"SearchAction\",\"target\":{\"@type\":\"EntryPoint\",\"urlTemplate\":\"https:\/\/inyod.com.tr\/en\/?s={search_term_string}\"},\"query-input\":\"required name=search_term_string\"}],\"inLanguage\":\"de\"},{\"@type\":\"Organization\",\"@id\":\"https:\/\/inyod.com.tr\/en\/#organization\",\"name\":\"Inyod\",\"url\":\"https:\/\/inyod.com.tr\/en\/\",\"logo\":{\"@type\":\"ImageObject\",\"inLanguage\":\"de\",\"@id\":\"https:\/\/inyod.com.tr\/en\/#\/schema\/logo\/image\/\",\"url\":\"https:\/\/inyod.com.tr\/wp-content\/uploads\/2023\/09\/Inyod-marka591x591-e1695265459802.jpg\",\"contentUrl\":\"https:\/\/inyod.com.tr\/wp-content\/uploads\/2023\/09\/Inyod-marka591x591-e1695265459802.jpg\",\"width\":591,\"height\":254,\"caption\":\"Inyod\"},\"image\":{\"@id\":\"https:\/\/inyod.com.tr\/en\/#\/schema\/logo\/image\/\"},\"sameAs\":[\"https:\/\/www.facebook.com\/inyod\",\"https:\/\/twitter.com\/inyodcom\",\"https:\/\/www.instagram.com\/inyodcom\"]}]}<\/script>\n<!-- \/ Yoast SEO Premium plugin. -->","yoast_head_json":{"title":"FAQ - Inyod Laser Machine Technology","robots":{"index":"index","follow":"follow","max-snippet":"max-snippet:-1","max-image-preview":"max-image-preview:large","max-video-preview":"max-video-preview:-1"},"canonical":"https:\/\/inyod.com.tr\/de\/about-us\/faq\/","og_locale":"de_DE","og_type":"article","og_title":"FAQ","og_description":"Uniquely deploy cross-unit benefits with wireless testing procedures. Collaboratively build backward-compatible relationships whereas tactical paradigms. Compellingly reconceptualize compelling outsourcing whereas optimal service.","og_url":"https:\/\/inyod.com.tr\/de\/about-us\/faq\/","og_site_name":"Inyod Laser Machine Technology","article_publisher":"https:\/\/www.facebook.com\/inyod","article_modified_time":"2023-10-10T08:24:18+00:00","og_image":[{"width":2500,"height":1667,"url":"https:\/\/inyod.com.tr\/wp-content\/uploads\/2020\/10\/post_12-1.jpg","type":"image\/jpeg"}],"twitter_card":"summary_large_image","twitter_site":"@inyodcom","twitter_misc":{"Gesch\u00e4tzte Lesezeit":"2\u00a0Minuten"},"schema":{"@context":"https:\/\/schema.org","@graph":[{"@type":"WebPage","@id":"https:\/\/inyod.com.tr\/en\/about-us\/faq\/","url":"https:\/\/inyod.com.tr\/en\/about-us\/faq\/","name":"FAQ - Inyod Laser Machine Technology","isPartOf":{"@id":"https:\/\/inyod.com.tr\/en\/#website"},"datePublished":"2023-09-27T10:29:26+00:00","dateModified":"2023-10-10T08:24:18+00:00","breadcrumb":{"@id":"https:\/\/inyod.com.tr\/en\/about-us\/faq\/#breadcrumb"},"inLanguage":"de","potentialAction":[{"@type":"ReadAction","target":["https:\/\/inyod.com.tr\/en\/about-us\/faq\/"]}]},{"@type":"BreadcrumbList","@id":"https:\/\/inyod.com.tr\/en\/about-us\/faq\/#breadcrumb","itemListElement":[{"@type":"ListItem","position":1,"name":"Home","item":"https:\/\/inyod.com.tr\/en\/"},{"@type":"ListItem","position":2,"name":"About us","item":"https:\/\/inyod.com.tr\/tr\/about-us\/"},{"@type":"ListItem","position":3,"name":"FAQ"}]},{"@type":"WebSite","@id":"https:\/\/inyod.com.tr\/en\/#website","url":"https:\/\/inyod.com.tr\/en\/","name":"Inyod Machine Technology","description":"Inyod Technology","publisher":{"@id":"https:\/\/inyod.com.tr\/en\/#organization"},"alternateName":"Machine Technology","potentialAction":[{"@type":"SearchAction","target":{"@type":"EntryPoint","urlTemplate":"https:\/\/inyod.com.tr\/en\/?s={search_term_string}"},"query-input":"required name=search_term_string"}],"inLanguage":"de"},{"@type":"Organization","@id":"https:\/\/inyod.com.tr\/en\/#organization","name":"Inyod","url":"https:\/\/inyod.com.tr\/en\/","logo":{"@type":"ImageObject","inLanguage":"de","@id":"https:\/\/inyod.com.tr\/en\/#\/schema\/logo\/image\/","url":"https:\/\/inyod.com.tr\/wp-content\/uploads\/2023\/09\/Inyod-marka591x591-e1695265459802.jpg","contentUrl":"https:\/\/inyod.com.tr\/wp-content\/uploads\/2023\/09\/Inyod-marka591x591-e1695265459802.jpg","width":591,"height":254,"caption":"Inyod"},"image":{"@id":"https:\/\/inyod.com.tr\/en\/#\/schema\/logo\/image\/"},"sameAs":["https:\/\/www.facebook.com\/inyod","https:\/\/twitter.com\/inyodcom","https:\/\/www.instagram.com\/inyodcom"]}]}},"_links":{"self":[{"href":"https:\/\/inyod.com.tr\/de\/wp-json\/wp\/v2\/pages\/1744","targetHints":{"allow":["GET"]}}],"collection":[{"href":"https:\/\/inyod.com.tr\/de\/wp-json\/wp\/v2\/pages"}],"about":[{"href":"https:\/\/inyod.com.tr\/de\/wp-json\/wp\/v2\/types\/page"}],"author":[{"embeddable":true,"href":"https:\/\/inyod.com.tr\/de\/wp-json\/wp\/v2\/users\/1"}],"replies":[{"embeddable":true,"href":"https:\/\/inyod.com.tr\/de\/wp-json\/wp\/v2\/comments?post=1744"}],"version-history":[{"count":0,"href":"https:\/\/inyod.com.tr\/de\/wp-json\/wp\/v2\/pages\/1744\/revisions"}],"up":[{"embeddable":true,"href":"https:\/\/inyod.com.tr\/de\/wp-json\/wp\/v2\/pages\/440"}],"wp:featuredmedia":[{"embeddable":true,"href":"https:\/\/inyod.com.tr\/de\/wp-json\/wp\/v2\/media\/585"}],"wp:attachment":[{"href":"https:\/\/inyod.com.tr\/de\/wp-json\/wp\/v2\/media?parent=1744"}],"curies":[{"name":"wp","href":"https:\/\/api.w.org\/{rel}","templated":true}]}}