{"id":2576,"date":"2023-10-18T16:17:37","date_gmt":"2023-10-18T08:17:37","guid":{"rendered":"http:\/\/inyod.com.tr\/?post_type=product&#038;p=2576"},"modified":"2023-10-18T16:38:53","modified_gmt":"2023-10-18T08:38:53","slug":"iny-p-fls-fiber-laser-source","status":"publish","type":"product","link":"https:\/\/inyod.com.tr\/de\/produkt\/iny-p-fls-fiber-laser-source\/","title":{"rendered":"INY-P-FLS Faserlaserquelle"},"content":{"rendered":"<p><span style=\"color: #000000;\">CW-Faserlaser decken einen Ausgangsleistungsbereich ab und verf\u00fcgen \u00fcber ein breites Spektrum an Betriebswellenl\u00e4ngen.<\/span><\/p>\n<p>&nbsp;<\/p>\n<h5><span style=\"color: #000000;\"><span style=\"color: #2f5496;\">Besonderheit<\/span><\/span><\/h5>\n<p><span style=\"color: #000000;\">CW-Faserlaser decken den Ausgangsleistungsbereich ab und zeichnen sich durch ein breites Spektrum an Betriebswellenl\u00e4ngen, Singlemode- und Multimode-Optionen, hohe Stabilit\u00e4t und eine extrem lange Lebensdauer der Pumpdiode aus. Diese Laser sind wassergek\u00fchlt und k\u00f6nnen mit einem eingebauten oder eigenst\u00e4ndigen K\u00fchler geliefert werden. Die Laser sind mit einer Vielzahl von Faseranschl\u00fcssen, Kollimationsoptiken und Bearbeitungsk\u00f6pfen erh\u00e4ltlich.<\/span><\/p>\n<p><span style=\"color: #000000;\">Rekord-Effizienz von Steckdosen<\/span><\/p>\n<ol>\n<li style=\"list-style-type: none;\">\n<ol>\n<li><span style=\"color: #000000;\">1 \u2013 4000 W Ausgangsleistungsbereich<\/span><\/li>\n<li><span style=\"color: #000000;\">Rekord-Effizienz von Steckdosen<\/span><\/li>\n<li><span style=\"color: #000000;\">Hervorragende Strahlmodusqualit\u00e4t<\/span><\/li>\n<li><span style=\"color: #000000;\">Ausgezeichnete Zuverl\u00e4ssigkeit<\/span><\/li>\n<li><span style=\"color: #000000;\">Vernachl\u00e4ssigbare Strahlausrichtung<\/span><\/li>\n<li><span style=\"color: #000000;\">Stabile Strahlqualit\u00e4t im gesamten Leistungsbereich<\/span><\/li>\n<li><span style=\"color: #000000;\">Luftk\u00fchlungsbetrieb<\/span><\/li>\n<li><span style=\"color: #000000;\">Au\u00dfergew\u00f6hnlich niedrige Anschaffungskosten<\/span><\/li>\n<li><span style=\"color: #000000;\">Extrem niedrige Betriebskosten<\/span><\/li>\n<li><span style=\"color: #000000;\">Unbegrenzte Auswahl an Wellenl\u00e4ngen im breiten Spektralbereich<\/span><\/li>\n<\/ol>\n<\/li>\n<\/ol>","protected":false},"excerpt":{"rendered":"<h5><span style=\"color: #000000;\"><span style=\"color: #2f5496;\">Einf\u00fchrung<\/span><\/span><\/h5>\n<p>Der Goldanalysator INY-XRAY-GA2000 gew\u00e4hrleistet die Genauigkeit, Qualit\u00e4t und Authentizit\u00e4t von Gold und anderen Edelmetallprodukten und hilft Unternehmen und Verbrauchern, fundierte Entscheidungen zu treffen<\/p>\n<p>&nbsp;<\/p>\n<h5><span style=\"color: #000000;\"><span style=\"color: #2f5496;\">Anwendungsbereich<\/span><\/span><\/h5>\n<p>wertvolles Werkzeug in verschiedenen Branchen, einschlie\u00dflich Schmuck, Bergbau, Raffinerie und Altmetallrecycling, da es eine genaue und schnelle Analyse des Goldgehalts erm\u00f6glicht.<\/p>","protected":false},"featured_media":1528,"template":"","meta":{"_acf_changed":false},"product_brand":[],"product_cat":[230],"product_tag":[249],"class_list":{"0":"post-2576","1":"product","2":"type-product","3":"status-publish","4":"has-post-thumbnail","6":"product_cat-consumables","7":"product_tag-consumables","9":"first","10":"instock","11":"shipping-taxable","12":"product-type-simple"},"acf":[],"yoast_head":"<!-- This site is optimized with the Yoast SEO Premium plugin v20.13 (Yoast SEO v20.13) - https:\/\/yoast.com\/wordpress\/plugins\/seo\/ -->\n<title>INY-P-FLS Fiber Laser Source - Inyod Laser Machine Technology<\/title>\n<meta name=\"robots\" content=\"index, follow, max-snippet:-1, max-image-preview:large, max-video-preview:-1\" \/>\n<link rel=\"canonical\" href=\"https:\/\/inyod.com.tr\/de\/produkt\/iny-p-fls-fiber-laser-source\/\" \/>\n<meta property=\"og:locale\" content=\"de_DE\" \/>\n<meta property=\"og:type\" content=\"article\" \/>\n<meta property=\"og:title\" content=\"INY-P-FLS Fiber Laser Source\" \/>\n<meta property=\"og:description\" content=\"Introduction INY-XRAY-GA2000 Gold Analyzer ensures the accuracy, quality, and authenticity of gold and other precious metal products, helping businesses and consumers make informed decisions  &nbsp; Application Scope valuable tool in various industries, including jewelry, mining, refining, and scrap metal recycling, as it provides accurate and fast analysis of gold content.\" \/>\n<meta property=\"og:url\" content=\"https:\/\/inyod.com.tr\/de\/produkt\/iny-p-fls-fiber-laser-source\/\" \/>\n<meta property=\"og:site_name\" content=\"Inyod Laser Machine Technology\" \/>\n<meta property=\"article:publisher\" content=\"https:\/\/www.facebook.com\/inyod\" \/>\n<meta property=\"article:modified_time\" content=\"2023-10-18T08:38:53+00:00\" \/>\n<meta property=\"og:image\" content=\"https:\/\/inyod.com.tr\/wp-content\/uploads\/2023\/09\/INY-P-FLS1-Fiber-Laser-Source.jpg\" \/>\n\t<meta property=\"og:image:width\" content=\"300\" \/>\n\t<meta property=\"og:image:height\" content=\"300\" \/>\n\t<meta property=\"og:image:type\" content=\"image\/jpeg\" \/>\n<meta name=\"twitter:card\" content=\"summary_large_image\" \/>\n<meta name=\"twitter:site\" content=\"@inyodcom\" \/>\n<meta name=\"twitter:label1\" content=\"Gesch\u00e4tzte Lesezeit\" \/>\n\t<meta name=\"twitter:data1\" content=\"1\u00a0Minute\" \/>\n<script type=\"application\/ld+json\" class=\"yoast-schema-graph\">{\"@context\":\"https:\/\/schema.org\",\"@graph\":[{\"@type\":\"WebPage\",\"@id\":\"https:\/\/inyod.com.tr\/en\/product\/iny-p-fls-fiber-laser-source\/\",\"url\":\"https:\/\/inyod.com.tr\/en\/product\/iny-p-fls-fiber-laser-source\/\",\"name\":\"INY-P-FLS Fiber Laser Source - Inyod Laser Machine Technology\",\"isPartOf\":{\"@id\":\"https:\/\/inyod.com.tr\/en\/#website\"},\"datePublished\":\"2023-10-18T08:17:37+00:00\",\"dateModified\":\"2023-10-18T08:38:53+00:00\",\"breadcrumb\":{\"@id\":\"https:\/\/inyod.com.tr\/en\/product\/iny-p-fls-fiber-laser-source\/#breadcrumb\"},\"inLanguage\":\"de\",\"potentialAction\":[{\"@type\":\"ReadAction\",\"target\":[\"https:\/\/inyod.com.tr\/en\/product\/iny-p-fls-fiber-laser-source\/\"]}]},{\"@type\":\"BreadcrumbList\",\"@id\":\"https:\/\/inyod.com.tr\/en\/product\/iny-p-fls-fiber-laser-source\/#breadcrumb\",\"itemListElement\":[{\"@type\":\"ListItem\",\"position\":1,\"name\":\"Home\",\"item\":\"https:\/\/inyod.com.tr\/en\/\"},{\"@type\":\"ListItem\",\"position\":2,\"name\":\"Products\",\"item\":\"https:\/\/inyod.com.tr\/en\/products\/\"},{\"@type\":\"ListItem\",\"position\":3,\"name\":\"INY-P-FLS Fiber Laser Source\"}]},{\"@type\":\"WebSite\",\"@id\":\"https:\/\/inyod.com.tr\/en\/#website\",\"url\":\"https:\/\/inyod.com.tr\/en\/\",\"name\":\"Inyod Machine Technology\",\"description\":\"Inyod Technology\",\"publisher\":{\"@id\":\"https:\/\/inyod.com.tr\/en\/#organization\"},\"alternateName\":\"Machine Technology\",\"potentialAction\":[{\"@type\":\"SearchAction\",\"target\":{\"@type\":\"EntryPoint\",\"urlTemplate\":\"https:\/\/inyod.com.tr\/en\/?s={search_term_string}\"},\"query-input\":\"required name=search_term_string\"}],\"inLanguage\":\"de\"},{\"@type\":\"Organization\",\"@id\":\"https:\/\/inyod.com.tr\/en\/#organization\",\"name\":\"Inyod\",\"url\":\"https:\/\/inyod.com.tr\/en\/\",\"logo\":{\"@type\":\"ImageObject\",\"inLanguage\":\"de\",\"@id\":\"https:\/\/inyod.com.tr\/en\/#\/schema\/logo\/image\/\",\"url\":\"https:\/\/inyod.com.tr\/wp-content\/uploads\/2023\/09\/Inyod-marka591x591-e1695265459802.jpg\",\"contentUrl\":\"https:\/\/inyod.com.tr\/wp-content\/uploads\/2023\/09\/Inyod-marka591x591-e1695265459802.jpg\",\"width\":591,\"height\":254,\"caption\":\"Inyod\"},\"image\":{\"@id\":\"https:\/\/inyod.com.tr\/en\/#\/schema\/logo\/image\/\"},\"sameAs\":[\"https:\/\/www.facebook.com\/inyod\",\"https:\/\/twitter.com\/inyodcom\",\"https:\/\/www.instagram.com\/inyodcom\"]}]}<\/script>\n<!-- \/ Yoast SEO Premium plugin. -->","yoast_head_json":{"title":"INY-P-FLS Fiber Laser Source - Inyod Laser Machine Technology","robots":{"index":"index","follow":"follow","max-snippet":"max-snippet:-1","max-image-preview":"max-image-preview:large","max-video-preview":"max-video-preview:-1"},"canonical":"https:\/\/inyod.com.tr\/de\/produkt\/iny-p-fls-fiber-laser-source\/","og_locale":"de_DE","og_type":"article","og_title":"INY-P-FLS Fiber Laser Source","og_description":"Introduction INY-XRAY-GA2000 Gold Analyzer ensures the accuracy, quality, and authenticity of gold and other precious metal products, helping businesses and consumers make informed decisions  &nbsp; Application Scope valuable tool in various industries, including jewelry, mining, refining, and scrap metal recycling, as it provides accurate and fast analysis of gold content.","og_url":"https:\/\/inyod.com.tr\/de\/produkt\/iny-p-fls-fiber-laser-source\/","og_site_name":"Inyod Laser Machine Technology","article_publisher":"https:\/\/www.facebook.com\/inyod","article_modified_time":"2023-10-18T08:38:53+00:00","og_image":[{"width":300,"height":300,"url":"https:\/\/inyod.com.tr\/wp-content\/uploads\/2023\/09\/INY-P-FLS1-Fiber-Laser-Source.jpg","type":"image\/jpeg"}],"twitter_card":"summary_large_image","twitter_site":"@inyodcom","twitter_misc":{"Gesch\u00e4tzte Lesezeit":"1\u00a0Minute"},"schema":{"@context":"https:\/\/schema.org","@graph":[{"@type":"WebPage","@id":"https:\/\/inyod.com.tr\/en\/product\/iny-p-fls-fiber-laser-source\/","url":"https:\/\/inyod.com.tr\/en\/product\/iny-p-fls-fiber-laser-source\/","name":"INY-P-FLS Fiber Laser Source - Inyod Laser Machine Technology","isPartOf":{"@id":"https:\/\/inyod.com.tr\/en\/#website"},"datePublished":"2023-10-18T08:17:37+00:00","dateModified":"2023-10-18T08:38:53+00:00","breadcrumb":{"@id":"https:\/\/inyod.com.tr\/en\/product\/iny-p-fls-fiber-laser-source\/#breadcrumb"},"inLanguage":"de","potentialAction":[{"@type":"ReadAction","target":["https:\/\/inyod.com.tr\/en\/product\/iny-p-fls-fiber-laser-source\/"]}]},{"@type":"BreadcrumbList","@id":"https:\/\/inyod.com.tr\/en\/product\/iny-p-fls-fiber-laser-source\/#breadcrumb","itemListElement":[{"@type":"ListItem","position":1,"name":"Home","item":"https:\/\/inyod.com.tr\/en\/"},{"@type":"ListItem","position":2,"name":"Products","item":"https:\/\/inyod.com.tr\/en\/products\/"},{"@type":"ListItem","position":3,"name":"INY-P-FLS Fiber Laser Source"}]},{"@type":"WebSite","@id":"https:\/\/inyod.com.tr\/en\/#website","url":"https:\/\/inyod.com.tr\/en\/","name":"Inyod Machine Technology","description":"Inyod Technology","publisher":{"@id":"https:\/\/inyod.com.tr\/en\/#organization"},"alternateName":"Machine Technology","potentialAction":[{"@type":"SearchAction","target":{"@type":"EntryPoint","urlTemplate":"https:\/\/inyod.com.tr\/en\/?s={search_term_string}"},"query-input":"required name=search_term_string"}],"inLanguage":"de"},{"@type":"Organization","@id":"https:\/\/inyod.com.tr\/en\/#organization","name":"Inyod","url":"https:\/\/inyod.com.tr\/en\/","logo":{"@type":"ImageObject","inLanguage":"de","@id":"https:\/\/inyod.com.tr\/en\/#\/schema\/logo\/image\/","url":"https:\/\/inyod.com.tr\/wp-content\/uploads\/2023\/09\/Inyod-marka591x591-e1695265459802.jpg","contentUrl":"https:\/\/inyod.com.tr\/wp-content\/uploads\/2023\/09\/Inyod-marka591x591-e1695265459802.jpg","width":591,"height":254,"caption":"Inyod"},"image":{"@id":"https:\/\/inyod.com.tr\/en\/#\/schema\/logo\/image\/"},"sameAs":["https:\/\/www.facebook.com\/inyod","https:\/\/twitter.com\/inyodcom","https:\/\/www.instagram.com\/inyodcom"]}]}},"_links":{"self":[{"href":"https:\/\/inyod.com.tr\/de\/wp-json\/wp\/v2\/product\/2576","targetHints":{"allow":["GET"]}}],"collection":[{"href":"https:\/\/inyod.com.tr\/de\/wp-json\/wp\/v2\/product"}],"about":[{"href":"https:\/\/inyod.com.tr\/de\/wp-json\/wp\/v2\/types\/product"}],"wp:featuredmedia":[{"embeddable":true,"href":"https:\/\/inyod.com.tr\/de\/wp-json\/wp\/v2\/media\/1528"}],"wp:attachment":[{"href":"https:\/\/inyod.com.tr\/de\/wp-json\/wp\/v2\/media?parent=2576"}],"wp:term":[{"taxonomy":"product_brand","embeddable":true,"href":"https:\/\/inyod.com.tr\/de\/wp-json\/wp\/v2\/product_brand?post=2576"},{"taxonomy":"product_cat","embeddable":true,"href":"https:\/\/inyod.com.tr\/de\/wp-json\/wp\/v2\/product_cat?post=2576"},{"taxonomy":"product_tag","embeddable":true,"href":"https:\/\/inyod.com.tr\/de\/wp-json\/wp\/v2\/product_tag?post=2576"}],"curies":[{"name":"wp","href":"https:\/\/api.w.org\/{rel}","templated":true}]}}