{"id":2577,"date":"2023-10-18T16:39:55","date_gmt":"2023-10-18T08:39:55","guid":{"rendered":"http:\/\/inyod.com.tr\/?post_type=product&#038;p=2577"},"modified":"2023-10-18T21:10:03","modified_gmt":"2023-10-18T13:10:03","slug":"iny-p-cls-co2-laser-source","status":"publish","type":"product","link":"https:\/\/inyod.com.tr\/de\/produkt\/iny-p-cls-co2-laser-source\/","title":{"rendered":"INY-P-CLS CO2-Laserquelle"},"content":{"rendered":"<p><span style=\"color: #000000;\">CW-Faserlaser decken einen Ausgangsleistungsbereich ab und verf\u00fcgen \u00fcber ein breites Spektrum an Betriebswellenl\u00e4ngen.<\/span><\/p>\n<p>&nbsp;<\/p>\n<h5><span style=\"color: #000000;\"><span style=\"color: #2f5496;\">Besonderheit<\/span><\/span><\/h5>\n<ol>\n<li>Hochkompakt<\/li>\n<li>Hervorragende Strahlqualit\u00e4t<\/li>\n<li>Hervorragende Leistungsstabilit\u00e4t<\/li>\n<li>Kostensparende und einfache Direktluftk\u00fchlung<\/li>\n<li>Lineare Polarisation<\/li>\n<li>Schnelle Anstiegs-\/Abfallzeit<\/li>\n<li>Ganzmetalldichtungen f\u00fcr lange Lebensdauer<\/li>\n<li>Gro\u00dfer Betriebsleistungsbereich<\/li>\n<li>CW oder moduliert bis 25 kHz1 \u2013 100 W Ausgangsleistungsbereich.<\/li>\n<\/ol>","protected":false},"excerpt":{"rendered":"<h5><span style=\"color: #000000;\"><span style=\"color: #2f5496;\">Einf\u00fchrung<\/span><\/span><\/h5>\n<p><span style=\"color: #000000;\">Inyod bietet eine gro\u00dfe Auswahl an CO2-Laserquellen. Die CO2-Laserquelle ist der wichtigste Teil von CO2-Lasermaschinen. Ihre Qualit\u00e4t bestimmt die Qualit\u00e4t der Lasermaschine, die lange Lebensdauer, die hohe Qualit\u00e4t des Laserstrahls, die stabile Leistung und die Wartung. Das ist es, was eine gute Lasermaschine braucht.<\/span><\/p>\n<h5><span style=\"color: #000000;\"><span style=\"color: #2f5496;\">Anwendungsbereich<\/span><\/span><\/h5>\n<p><span style=\"color: #000000;\">wertvolles Werkzeug in verschiedenen Branchen, einschlie\u00dflich Schmuck, Bergbau, Raffinerie und Altmetallrecycling, da es eine genaue und schnelle Analyse des Goldgehalts erm\u00f6glicht.<\/span><\/p>","protected":false},"featured_media":1522,"template":"","meta":{"_acf_changed":false},"product_brand":[],"product_cat":[230],"product_tag":[249],"class_list":{"0":"post-2577","1":"product","2":"type-product","3":"status-publish","4":"has-post-thumbnail","6":"product_cat-consumables","7":"product_tag-consumables","9":"first","10":"instock","11":"shipping-taxable","12":"product-type-simple"},"acf":[],"yoast_head":"<!-- This site is optimized with the Yoast SEO Premium plugin v20.13 (Yoast SEO v20.13) - https:\/\/yoast.com\/wordpress\/plugins\/seo\/ -->\n<title>INY-P-CLS CO2 Laser Source - Inyod Laser Machine Technology<\/title>\n<meta name=\"robots\" content=\"index, follow, max-snippet:-1, max-image-preview:large, max-video-preview:-1\" \/>\n<link rel=\"canonical\" href=\"https:\/\/inyod.com.tr\/de\/produkt\/iny-p-cls-co2-laser-source\/\" \/>\n<meta property=\"og:locale\" content=\"de_DE\" \/>\n<meta property=\"og:type\" content=\"article\" \/>\n<meta property=\"og:title\" content=\"INY-P-CLS CO2 Laser Source\" \/>\n<meta property=\"og:description\" content=\"Introduction Inyod offers a wide selection of CO2 Laser source, CO2 Laser source is the most important part of CO2 laser Machines, its quality determined laser machine quality, long time lifespan, high quality laser beam, stable performance, and maintenance. This is what a good laser machine needed. Application Scope valuable tool in various industries, including jewelry, mining, refining, and scrap metal recycling, as it provides accurate and fast analysis of gold content.\" \/>\n<meta property=\"og:url\" content=\"https:\/\/inyod.com.tr\/de\/produkt\/iny-p-cls-co2-laser-source\/\" \/>\n<meta property=\"og:site_name\" content=\"Inyod Laser Machine Technology\" \/>\n<meta property=\"article:publisher\" content=\"https:\/\/www.facebook.com\/inyod\" \/>\n<meta property=\"article:modified_time\" content=\"2023-10-18T13:10:03+00:00\" \/>\n<meta property=\"og:image\" content=\"https:\/\/inyod.com.tr\/wp-content\/uploads\/2023\/09\/INY-P-CLS-CO2-Laser-Source.jpg\" \/>\n\t<meta property=\"og:image:width\" content=\"300\" \/>\n\t<meta property=\"og:image:height\" content=\"300\" \/>\n\t<meta property=\"og:image:type\" content=\"image\/jpeg\" \/>\n<meta name=\"twitter:card\" content=\"summary_large_image\" \/>\n<meta name=\"twitter:site\" content=\"@inyodcom\" \/>\n<script type=\"application\/ld+json\" class=\"yoast-schema-graph\">{\"@context\":\"https:\/\/schema.org\",\"@graph\":[{\"@type\":\"WebPage\",\"@id\":\"https:\/\/inyod.com.tr\/en\/product\/iny-p-cls-co2-laser-source\/\",\"url\":\"https:\/\/inyod.com.tr\/en\/product\/iny-p-cls-co2-laser-source\/\",\"name\":\"INY-P-CLS CO2 Laser Source - Inyod Laser Machine Technology\",\"isPartOf\":{\"@id\":\"https:\/\/inyod.com.tr\/en\/#website\"},\"datePublished\":\"2023-10-18T08:39:55+00:00\",\"dateModified\":\"2023-10-18T13:10:03+00:00\",\"breadcrumb\":{\"@id\":\"https:\/\/inyod.com.tr\/en\/product\/iny-p-cls-co2-laser-source\/#breadcrumb\"},\"inLanguage\":\"de\",\"potentialAction\":[{\"@type\":\"ReadAction\",\"target\":[\"https:\/\/inyod.com.tr\/en\/product\/iny-p-cls-co2-laser-source\/\"]}]},{\"@type\":\"BreadcrumbList\",\"@id\":\"https:\/\/inyod.com.tr\/en\/product\/iny-p-cls-co2-laser-source\/#breadcrumb\",\"itemListElement\":[{\"@type\":\"ListItem\",\"position\":1,\"name\":\"Home\",\"item\":\"https:\/\/inyod.com.tr\/en\/\"},{\"@type\":\"ListItem\",\"position\":2,\"name\":\"Products\",\"item\":\"https:\/\/inyod.com.tr\/en\/products\/\"},{\"@type\":\"ListItem\",\"position\":3,\"name\":\"INY-P-CLS CO2 Laser Source\"}]},{\"@type\":\"WebSite\",\"@id\":\"https:\/\/inyod.com.tr\/en\/#website\",\"url\":\"https:\/\/inyod.com.tr\/en\/\",\"name\":\"Inyod Machine Technology\",\"description\":\"Inyod Technology\",\"publisher\":{\"@id\":\"https:\/\/inyod.com.tr\/en\/#organization\"},\"alternateName\":\"Machine Technology\",\"potentialAction\":[{\"@type\":\"SearchAction\",\"target\":{\"@type\":\"EntryPoint\",\"urlTemplate\":\"https:\/\/inyod.com.tr\/en\/?s={search_term_string}\"},\"query-input\":\"required name=search_term_string\"}],\"inLanguage\":\"de\"},{\"@type\":\"Organization\",\"@id\":\"https:\/\/inyod.com.tr\/en\/#organization\",\"name\":\"Inyod\",\"url\":\"https:\/\/inyod.com.tr\/en\/\",\"logo\":{\"@type\":\"ImageObject\",\"inLanguage\":\"de\",\"@id\":\"https:\/\/inyod.com.tr\/en\/#\/schema\/logo\/image\/\",\"url\":\"https:\/\/inyod.com.tr\/wp-content\/uploads\/2023\/09\/Inyod-marka591x591-e1695265459802.jpg\",\"contentUrl\":\"https:\/\/inyod.com.tr\/wp-content\/uploads\/2023\/09\/Inyod-marka591x591-e1695265459802.jpg\",\"width\":591,\"height\":254,\"caption\":\"Inyod\"},\"image\":{\"@id\":\"https:\/\/inyod.com.tr\/en\/#\/schema\/logo\/image\/\"},\"sameAs\":[\"https:\/\/www.facebook.com\/inyod\",\"https:\/\/twitter.com\/inyodcom\",\"https:\/\/www.instagram.com\/inyodcom\"]}]}<\/script>\n<!-- \/ Yoast SEO Premium plugin. -->","yoast_head_json":{"title":"INY-P-CLS CO2 Laser Source - Inyod Laser Machine Technology","robots":{"index":"index","follow":"follow","max-snippet":"max-snippet:-1","max-image-preview":"max-image-preview:large","max-video-preview":"max-video-preview:-1"},"canonical":"https:\/\/inyod.com.tr\/de\/produkt\/iny-p-cls-co2-laser-source\/","og_locale":"de_DE","og_type":"article","og_title":"INY-P-CLS CO2 Laser Source","og_description":"Introduction Inyod offers a wide selection of CO2 Laser source, CO2 Laser source is the most important part of CO2 laser Machines, its quality determined laser machine quality, long time lifespan, high quality laser beam, stable performance, and maintenance. This is what a good laser machine needed. Application Scope valuable tool in various industries, including jewelry, mining, refining, and scrap metal recycling, as it provides accurate and fast analysis of gold content.","og_url":"https:\/\/inyod.com.tr\/de\/produkt\/iny-p-cls-co2-laser-source\/","og_site_name":"Inyod Laser Machine Technology","article_publisher":"https:\/\/www.facebook.com\/inyod","article_modified_time":"2023-10-18T13:10:03+00:00","og_image":[{"width":300,"height":300,"url":"https:\/\/inyod.com.tr\/wp-content\/uploads\/2023\/09\/INY-P-CLS-CO2-Laser-Source.jpg","type":"image\/jpeg"}],"twitter_card":"summary_large_image","twitter_site":"@inyodcom","schema":{"@context":"https:\/\/schema.org","@graph":[{"@type":"WebPage","@id":"https:\/\/inyod.com.tr\/en\/product\/iny-p-cls-co2-laser-source\/","url":"https:\/\/inyod.com.tr\/en\/product\/iny-p-cls-co2-laser-source\/","name":"INY-P-CLS CO2 Laser Source - Inyod Laser Machine Technology","isPartOf":{"@id":"https:\/\/inyod.com.tr\/en\/#website"},"datePublished":"2023-10-18T08:39:55+00:00","dateModified":"2023-10-18T13:10:03+00:00","breadcrumb":{"@id":"https:\/\/inyod.com.tr\/en\/product\/iny-p-cls-co2-laser-source\/#breadcrumb"},"inLanguage":"de","potentialAction":[{"@type":"ReadAction","target":["https:\/\/inyod.com.tr\/en\/product\/iny-p-cls-co2-laser-source\/"]}]},{"@type":"BreadcrumbList","@id":"https:\/\/inyod.com.tr\/en\/product\/iny-p-cls-co2-laser-source\/#breadcrumb","itemListElement":[{"@type":"ListItem","position":1,"name":"Home","item":"https:\/\/inyod.com.tr\/en\/"},{"@type":"ListItem","position":2,"name":"Products","item":"https:\/\/inyod.com.tr\/en\/products\/"},{"@type":"ListItem","position":3,"name":"INY-P-CLS CO2 Laser Source"}]},{"@type":"WebSite","@id":"https:\/\/inyod.com.tr\/en\/#website","url":"https:\/\/inyod.com.tr\/en\/","name":"Inyod Machine Technology","description":"Inyod Technology","publisher":{"@id":"https:\/\/inyod.com.tr\/en\/#organization"},"alternateName":"Machine Technology","potentialAction":[{"@type":"SearchAction","target":{"@type":"EntryPoint","urlTemplate":"https:\/\/inyod.com.tr\/en\/?s={search_term_string}"},"query-input":"required name=search_term_string"}],"inLanguage":"de"},{"@type":"Organization","@id":"https:\/\/inyod.com.tr\/en\/#organization","name":"Inyod","url":"https:\/\/inyod.com.tr\/en\/","logo":{"@type":"ImageObject","inLanguage":"de","@id":"https:\/\/inyod.com.tr\/en\/#\/schema\/logo\/image\/","url":"https:\/\/inyod.com.tr\/wp-content\/uploads\/2023\/09\/Inyod-marka591x591-e1695265459802.jpg","contentUrl":"https:\/\/inyod.com.tr\/wp-content\/uploads\/2023\/09\/Inyod-marka591x591-e1695265459802.jpg","width":591,"height":254,"caption":"Inyod"},"image":{"@id":"https:\/\/inyod.com.tr\/en\/#\/schema\/logo\/image\/"},"sameAs":["https:\/\/www.facebook.com\/inyod","https:\/\/twitter.com\/inyodcom","https:\/\/www.instagram.com\/inyodcom"]}]}},"_links":{"self":[{"href":"https:\/\/inyod.com.tr\/de\/wp-json\/wp\/v2\/product\/2577","targetHints":{"allow":["GET"]}}],"collection":[{"href":"https:\/\/inyod.com.tr\/de\/wp-json\/wp\/v2\/product"}],"about":[{"href":"https:\/\/inyod.com.tr\/de\/wp-json\/wp\/v2\/types\/product"}],"wp:featuredmedia":[{"embeddable":true,"href":"https:\/\/inyod.com.tr\/de\/wp-json\/wp\/v2\/media\/1522"}],"wp:attachment":[{"href":"https:\/\/inyod.com.tr\/de\/wp-json\/wp\/v2\/media?parent=2577"}],"wp:term":[{"taxonomy":"product_brand","embeddable":true,"href":"https:\/\/inyod.com.tr\/de\/wp-json\/wp\/v2\/product_brand?post=2577"},{"taxonomy":"product_cat","embeddable":true,"href":"https:\/\/inyod.com.tr\/de\/wp-json\/wp\/v2\/product_cat?post=2577"},{"taxonomy":"product_tag","embeddable":true,"href":"https:\/\/inyod.com.tr\/de\/wp-json\/wp\/v2\/product_tag?post=2577"}],"curies":[{"name":"wp","href":"https:\/\/api.w.org\/{rel}","templated":true}]}}