{"id":2579,"date":"2023-10-18T16:53:17","date_gmt":"2023-10-18T08:53:17","guid":{"rendered":"http:\/\/inyod.com.tr\/?post_type=product&#038;p=2579"},"modified":"2023-10-18T21:10:13","modified_gmt":"2023-10-18T13:10:13","slug":"iny-p-flwh-laser-welding-head","status":"publish","type":"product","link":"https:\/\/inyod.com.tr\/de\/produkt\/iny-p-flwh-laser-welding-head\/","title":{"rendered":"INY-P-FLWH Laserschwei\u00dfkopf"},"content":{"rendered":"<p><span style=\"color: #000000;\">Inyod bietet eine gro\u00dfe Auswahl an Laserschwei\u00dfk\u00f6pfen, Laserstrahlf\u00fchrung, Laserschwei\u00dfk\u00f6pfen und Handlaserbrennern. \u2013 Abgedichtet f\u00fcr industrielle Anforderungen \u2013 stabil und pr\u00e4zise \u2013 einfache Montage. Diese Art von Laserstrahlk\u00f6pfen wurde f\u00fcr die Anforderungen industrieller Umgebungen entwickelt und bietet Sicherheit und Abdichtung Verschmutzung des Freiraum-Laserstrahlwegs.<\/span><\/p>\n<h5><span style=\"color: #000000;\"><span style=\"color: #2f5496;\">Besonderheit<\/span><\/span><\/h5>\n<p><span style=\"color: #000000;\">Diese Art von Laserstrahlkopf ist so konzipiert, dass er die Anforderungen industrieller Umgebungen erf\u00fcllt und Sicherheit und Abdichtung gegen Kontamination f\u00fcr den Freiraum-Laserstrahlpfad bietet. Statische und einstellbare Optionen zur Laserstrahlmanipulation verf\u00fcgbar. Der Austausch des optischen Spiegels kann ohne Beeintr\u00e4chtigung der Ausrichtung durchgef\u00fchrt werden.<\/span><\/p>\n<p><span style=\"color: #000000;\">Alle Strahlf\u00fchrungsger\u00e4te verf\u00fcgen \u00fcber einen in der Z-Achse verstellbaren Gaseinlass und eine D\u00fcse. Sonderanfertigungen auf Anfrage m\u00f6glich. F\u00fcr Hochleistungslaser ist eine Wasserk\u00fchlung vorgesehen.<\/span><\/p>\n<ol>\n<li><span style=\"color: #000000;\">F\u00fcr industrielle Anforderungen abgedichtet.<\/span><\/li>\n<li><span style=\"color: #000000;\">Stabil und genau<\/span><\/li>\n<li><span style=\"color: #000000;\">Einfache Montage<\/span><\/li>\n<\/ol>","protected":false},"excerpt":{"rendered":"<h5><span style=\"color: #000000;\"><span style=\"color: #2f5496;\">Einf\u00fchrung<\/span><\/span><\/h5>\n<p><span style=\"color: #000000;\">Unsere Laserschwei\u00dfk\u00f6pfe umfassen Optionen f\u00fcr die Laserstrahlf\u00fchrung und Handlaserbrenner. Diese K\u00f6pfe wurden f\u00fcr die Erf\u00fcllung strenger industrieller Anforderungen gefertigt und zeichnen sich durch ihre robuste Abdichtung f\u00fcr einen kontaminationsfreien Laserbetrieb in industriellen Umgebungen aus.<\/span><\/p>\n<h5><span style=\"color: #000000;\"><span style=\"color: #2f5496;\">Anwendungsbereich<\/span><\/span><\/h5>\n<p><span style=\"color: #000000;\">Die Laserschwei\u00dfk\u00f6pfe von Inyod finden vielseitige Anwendung in Branchen, die Folgendes erfordern:<\/span><\/p>\n<ol>\n<li><span style=\"color: #000000;\"><strong>Pr\u00e4zisionsschwei\u00dfen:<\/strong> Gew\u00e4hrleistung pr\u00e4ziser und zuverl\u00e4ssiger Schwei\u00dfn\u00e4hte in verschiedenen Materialien.<\/span><\/li>\n<li><span style=\"color: #000000;\"><strong>Industrielle Abdichtung:<\/strong> Erf\u00fcllt strenge Anforderungen f\u00fcr kontaminationsfreies Schwei\u00dfen in industriellen Umgebungen.<\/span><\/li>\n<li><span style=\"color: #000000;\"><strong>Tragbare Schwei\u00dfl\u00f6sungen:<\/strong> Bietet Flexibilit\u00e4t mit Handlaserbrenneroptionen f\u00fcr gezielte Schwei\u00dfaufgaben.<\/span><\/li>\n<\/ol>","protected":false},"featured_media":1525,"template":"","meta":{"_acf_changed":false},"product_brand":[],"product_cat":[230],"product_tag":[249],"class_list":{"0":"post-2579","1":"product","2":"type-product","3":"status-publish","4":"has-post-thumbnail","6":"product_cat-consumables","7":"product_tag-consumables","9":"first","10":"instock","11":"shipping-taxable","12":"product-type-simple"},"acf":[],"yoast_head":"<!-- This site is optimized with the Yoast SEO Premium plugin v20.13 (Yoast SEO v20.13) - https:\/\/yoast.com\/wordpress\/plugins\/seo\/ -->\n<title>INY-P-FLWH Laser Welding Head - Inyod Laser Machine Technology<\/title>\n<meta name=\"robots\" content=\"index, follow, max-snippet:-1, max-image-preview:large, max-video-preview:-1\" \/>\n<link rel=\"canonical\" href=\"https:\/\/inyod.com.tr\/de\/produkt\/iny-p-flwh-laser-welding-head\/\" \/>\n<meta property=\"og:locale\" content=\"de_DE\" \/>\n<meta property=\"og:type\" content=\"article\" \/>\n<meta property=\"og:title\" content=\"INY-P-FLWH Laser Welding Head\" \/>\n<meta property=\"og:description\" content=\"Introduction Our laser welding heads, encompassing laser beam delivery and handheld laser torch options. Crafted to meet stringent industrial demands, these heads are characterized by their robust sealing for contamination-free laser operations in industrial environments. Application Scope Inyod&#039;s laser welding heads find versatile application in industries requiring:   Precision Welding: Ensuring accurate and reliable welds in various materials.  Industrial Sealing: Meeting stringent requirements for contamination-free welding in industrial environments.  Portable Welding Solutions: Offering flexibility with handheld laser torch options for targeted welding tasks.\" \/>\n<meta property=\"og:url\" content=\"https:\/\/inyod.com.tr\/de\/produkt\/iny-p-flwh-laser-welding-head\/\" \/>\n<meta property=\"og:site_name\" content=\"Inyod Laser Machine Technology\" \/>\n<meta property=\"article:publisher\" content=\"https:\/\/www.facebook.com\/inyod\" \/>\n<meta property=\"article:modified_time\" content=\"2023-10-18T13:10:13+00:00\" \/>\n<meta property=\"og:image\" content=\"https:\/\/inyod.com.tr\/wp-content\/uploads\/2023\/09\/INY-P-FLCH-Laser-Cutting-Head.png\" \/>\n\t<meta property=\"og:image:width\" content=\"300\" \/>\n\t<meta property=\"og:image:height\" content=\"300\" \/>\n\t<meta property=\"og:image:type\" content=\"image\/png\" \/>\n<meta name=\"twitter:card\" content=\"summary_large_image\" \/>\n<meta name=\"twitter:site\" content=\"@inyodcom\" \/>\n<meta name=\"twitter:label1\" content=\"Gesch\u00e4tzte Lesezeit\" \/>\n\t<meta name=\"twitter:data1\" content=\"1\u00a0Minute\" \/>\n<script type=\"application\/ld+json\" class=\"yoast-schema-graph\">{\"@context\":\"https:\/\/schema.org\",\"@graph\":[{\"@type\":\"WebPage\",\"@id\":\"https:\/\/inyod.com.tr\/en\/product\/iny-p-flwh-laser-welding-head\/\",\"url\":\"https:\/\/inyod.com.tr\/en\/product\/iny-p-flwh-laser-welding-head\/\",\"name\":\"INY-P-FLWH Laser Welding Head - Inyod Laser Machine Technology\",\"isPartOf\":{\"@id\":\"https:\/\/inyod.com.tr\/en\/#website\"},\"datePublished\":\"2023-10-18T08:53:17+00:00\",\"dateModified\":\"2023-10-18T13:10:13+00:00\",\"breadcrumb\":{\"@id\":\"https:\/\/inyod.com.tr\/en\/product\/iny-p-flwh-laser-welding-head\/#breadcrumb\"},\"inLanguage\":\"de\",\"potentialAction\":[{\"@type\":\"ReadAction\",\"target\":[\"https:\/\/inyod.com.tr\/en\/product\/iny-p-flwh-laser-welding-head\/\"]}]},{\"@type\":\"BreadcrumbList\",\"@id\":\"https:\/\/inyod.com.tr\/en\/product\/iny-p-flwh-laser-welding-head\/#breadcrumb\",\"itemListElement\":[{\"@type\":\"ListItem\",\"position\":1,\"name\":\"Home\",\"item\":\"https:\/\/inyod.com.tr\/en\/\"},{\"@type\":\"ListItem\",\"position\":2,\"name\":\"Products\",\"item\":\"https:\/\/inyod.com.tr\/en\/products\/\"},{\"@type\":\"ListItem\",\"position\":3,\"name\":\"INY-P-FLWH Laser Welding Head\"}]},{\"@type\":\"WebSite\",\"@id\":\"https:\/\/inyod.com.tr\/en\/#website\",\"url\":\"https:\/\/inyod.com.tr\/en\/\",\"name\":\"Inyod Machine Technology\",\"description\":\"Inyod Technology\",\"publisher\":{\"@id\":\"https:\/\/inyod.com.tr\/en\/#organization\"},\"alternateName\":\"Machine Technology\",\"potentialAction\":[{\"@type\":\"SearchAction\",\"target\":{\"@type\":\"EntryPoint\",\"urlTemplate\":\"https:\/\/inyod.com.tr\/en\/?s={search_term_string}\"},\"query-input\":\"required name=search_term_string\"}],\"inLanguage\":\"de\"},{\"@type\":\"Organization\",\"@id\":\"https:\/\/inyod.com.tr\/en\/#organization\",\"name\":\"Inyod\",\"url\":\"https:\/\/inyod.com.tr\/en\/\",\"logo\":{\"@type\":\"ImageObject\",\"inLanguage\":\"de\",\"@id\":\"https:\/\/inyod.com.tr\/en\/#\/schema\/logo\/image\/\",\"url\":\"https:\/\/inyod.com.tr\/wp-content\/uploads\/2023\/09\/Inyod-marka591x591-e1695265459802.jpg\",\"contentUrl\":\"https:\/\/inyod.com.tr\/wp-content\/uploads\/2023\/09\/Inyod-marka591x591-e1695265459802.jpg\",\"width\":591,\"height\":254,\"caption\":\"Inyod\"},\"image\":{\"@id\":\"https:\/\/inyod.com.tr\/en\/#\/schema\/logo\/image\/\"},\"sameAs\":[\"https:\/\/www.facebook.com\/inyod\",\"https:\/\/twitter.com\/inyodcom\",\"https:\/\/www.instagram.com\/inyodcom\"]}]}<\/script>\n<!-- \/ Yoast SEO Premium plugin. -->","yoast_head_json":{"title":"INY-P-FLWH Laser Welding Head - Inyod Laser Machine Technology","robots":{"index":"index","follow":"follow","max-snippet":"max-snippet:-1","max-image-preview":"max-image-preview:large","max-video-preview":"max-video-preview:-1"},"canonical":"https:\/\/inyod.com.tr\/de\/produkt\/iny-p-flwh-laser-welding-head\/","og_locale":"de_DE","og_type":"article","og_title":"INY-P-FLWH Laser Welding Head","og_description":"Introduction Our laser welding heads, encompassing laser beam delivery and handheld laser torch options. Crafted to meet stringent industrial demands, these heads are characterized by their robust sealing for contamination-free laser operations in industrial environments. Application Scope Inyod's laser welding heads find versatile application in industries requiring:   Precision Welding: Ensuring accurate and reliable welds in various materials.  Industrial Sealing: Meeting stringent requirements for contamination-free welding in industrial environments.  Portable Welding Solutions: Offering flexibility with handheld laser torch options for targeted welding tasks.","og_url":"https:\/\/inyod.com.tr\/de\/produkt\/iny-p-flwh-laser-welding-head\/","og_site_name":"Inyod Laser Machine Technology","article_publisher":"https:\/\/www.facebook.com\/inyod","article_modified_time":"2023-10-18T13:10:13+00:00","og_image":[{"width":300,"height":300,"url":"https:\/\/inyod.com.tr\/wp-content\/uploads\/2023\/09\/INY-P-FLCH-Laser-Cutting-Head.png","type":"image\/png"}],"twitter_card":"summary_large_image","twitter_site":"@inyodcom","twitter_misc":{"Gesch\u00e4tzte Lesezeit":"1\u00a0Minute"},"schema":{"@context":"https:\/\/schema.org","@graph":[{"@type":"WebPage","@id":"https:\/\/inyod.com.tr\/en\/product\/iny-p-flwh-laser-welding-head\/","url":"https:\/\/inyod.com.tr\/en\/product\/iny-p-flwh-laser-welding-head\/","name":"INY-P-FLWH Laser Welding Head - Inyod Laser Machine Technology","isPartOf":{"@id":"https:\/\/inyod.com.tr\/en\/#website"},"datePublished":"2023-10-18T08:53:17+00:00","dateModified":"2023-10-18T13:10:13+00:00","breadcrumb":{"@id":"https:\/\/inyod.com.tr\/en\/product\/iny-p-flwh-laser-welding-head\/#breadcrumb"},"inLanguage":"de","potentialAction":[{"@type":"ReadAction","target":["https:\/\/inyod.com.tr\/en\/product\/iny-p-flwh-laser-welding-head\/"]}]},{"@type":"BreadcrumbList","@id":"https:\/\/inyod.com.tr\/en\/product\/iny-p-flwh-laser-welding-head\/#breadcrumb","itemListElement":[{"@type":"ListItem","position":1,"name":"Home","item":"https:\/\/inyod.com.tr\/en\/"},{"@type":"ListItem","position":2,"name":"Products","item":"https:\/\/inyod.com.tr\/en\/products\/"},{"@type":"ListItem","position":3,"name":"INY-P-FLWH Laser Welding Head"}]},{"@type":"WebSite","@id":"https:\/\/inyod.com.tr\/en\/#website","url":"https:\/\/inyod.com.tr\/en\/","name":"Inyod Machine Technology","description":"Inyod Technology","publisher":{"@id":"https:\/\/inyod.com.tr\/en\/#organization"},"alternateName":"Machine Technology","potentialAction":[{"@type":"SearchAction","target":{"@type":"EntryPoint","urlTemplate":"https:\/\/inyod.com.tr\/en\/?s={search_term_string}"},"query-input":"required name=search_term_string"}],"inLanguage":"de"},{"@type":"Organization","@id":"https:\/\/inyod.com.tr\/en\/#organization","name":"Inyod","url":"https:\/\/inyod.com.tr\/en\/","logo":{"@type":"ImageObject","inLanguage":"de","@id":"https:\/\/inyod.com.tr\/en\/#\/schema\/logo\/image\/","url":"https:\/\/inyod.com.tr\/wp-content\/uploads\/2023\/09\/Inyod-marka591x591-e1695265459802.jpg","contentUrl":"https:\/\/inyod.com.tr\/wp-content\/uploads\/2023\/09\/Inyod-marka591x591-e1695265459802.jpg","width":591,"height":254,"caption":"Inyod"},"image":{"@id":"https:\/\/inyod.com.tr\/en\/#\/schema\/logo\/image\/"},"sameAs":["https:\/\/www.facebook.com\/inyod","https:\/\/twitter.com\/inyodcom","https:\/\/www.instagram.com\/inyodcom"]}]}},"_links":{"self":[{"href":"https:\/\/inyod.com.tr\/de\/wp-json\/wp\/v2\/product\/2579","targetHints":{"allow":["GET"]}}],"collection":[{"href":"https:\/\/inyod.com.tr\/de\/wp-json\/wp\/v2\/product"}],"about":[{"href":"https:\/\/inyod.com.tr\/de\/wp-json\/wp\/v2\/types\/product"}],"wp:featuredmedia":[{"embeddable":true,"href":"https:\/\/inyod.com.tr\/de\/wp-json\/wp\/v2\/media\/1525"}],"wp:attachment":[{"href":"https:\/\/inyod.com.tr\/de\/wp-json\/wp\/v2\/media?parent=2579"}],"wp:term":[{"taxonomy":"product_brand","embeddable":true,"href":"https:\/\/inyod.com.tr\/de\/wp-json\/wp\/v2\/product_brand?post=2579"},{"taxonomy":"product_cat","embeddable":true,"href":"https:\/\/inyod.com.tr\/de\/wp-json\/wp\/v2\/product_cat?post=2579"},{"taxonomy":"product_tag","embeddable":true,"href":"https:\/\/inyod.com.tr\/de\/wp-json\/wp\/v2\/product_tag?post=2579"}],"curies":[{"name":"wp","href":"https:\/\/api.w.org\/{rel}","templated":true}]}}