{"id":2580,"date":"2023-10-18T16:57:14","date_gmt":"2023-10-18T08:57:14","guid":{"rendered":"http:\/\/inyod.com.tr\/?post_type=product&#038;p=2580"},"modified":"2023-10-18T21:10:37","modified_gmt":"2023-10-18T13:10:37","slug":"iny-p-flgsh-fiber-laser-galvo-scanner-head","status":"publish","type":"product","link":"https:\/\/inyod.com.tr\/de\/produkt\/iny-p-flgsh-fiber-laser-galvo-scanner-head\/","title":{"rendered":"INY-P-CLGSH CO2-Laser-Galvo-Scannerkopf"},"content":{"rendered":"<p><span style=\"color: #000000;\">Die umfassende Palette an Sicherheitsschutzfunktionen und kundenspezifischer Software sorgen daf\u00fcr, dass die Stabilit\u00e4t und Zuverl\u00e4ssigkeit dieses Galvo-Scanners weltweit h\u00f6chstes Niveau erreicht<\/span><\/p>\n<h5><span style=\"color: #2f5496;\">Spezifikation\u00a0<\/span><\/h5>\n<div align=\"center\">\n<table style=\"height: 489px;\" width=\"1940\">\n<tbody>\n<tr>\n<td colspan=\"2\" width=\"428\">Spezifikationen f\u00fcr Hochgeschwindigkeits-Galvanometer-Scanner<\/td>\n<\/tr>\n<tr>\n<td width=\"189\">Linearit\u00e4t<\/td>\n<td width=\"237\">99.9%<\/td>\n<\/tr>\n<tr>\n<td width=\"189\">Skalendrift<\/td>\n<td width=\"237\">&lt;40PPM\/\u00b0C<\/td>\n<\/tr>\n<tr>\n<td width=\"189\">Nulldrift<\/td>\n<td width=\"237\">&lt;15\u00b5Rad.\/\u00b0C<\/td>\n<\/tr>\n<tr>\n<td width=\"189\">Wiederholbarkeit<\/td>\n<td width=\"237\">8\u00b5Rad<\/td>\n<\/tr>\n<tr>\n<td width=\"189\">Unterscheidbarkeit<\/td>\n<td width=\"237\">12\u00b5Rad<\/td>\n<\/tr>\n<tr>\n<td width=\"189\">RMS-Strom<\/td>\n<td width=\"237\">6,0 A (maximal)<\/td>\n<\/tr>\n<tr>\n<td width=\"189\">Spitzenstrom<\/td>\n<td width=\"237\">20A (maximal)<\/td>\n<\/tr>\n<tr>\n<td width=\"189\">Optische Apertur (Standard)<\/td>\n<td width=\"237\">F12,0 mm<\/td>\n<\/tr>\n<tr>\n<td width=\"189\">Maximaler Scanwinkel<\/td>\n<td width=\"237\">\u00b115\u00b0<\/td>\n<\/tr>\n<tr>\n<td width=\"189\">Betriebstemperaturbereich<\/td>\n<td width=\"237\">25\u00b0C\u00b120\u00b0<\/td>\n<\/tr>\n<tr>\n<td width=\"189\">Frequenz<\/td>\n<td width=\"237\">=400HZ<\/td>\n<\/tr>\n<tr>\n<td width=\"189\">Gewicht<\/td>\n<td width=\"237\">1,6 kg<\/td>\n<\/tr>\n<\/tbody>\n<\/table>\n<\/div>\n<h5><span style=\"color: #000000;\"><span style=\"color: #2f5496;\">Besonderheit<\/span><\/span><\/h5>\n<ol>\n<li>Nehmen Sie eine vertikale Struktur f\u00fcr einfallendes Licht an, kompakte Gr\u00f6\u00dfe, nur 150 g, flexibel und praktisch.<\/li>\n<li>Unter Verwendung des weltweit kleinsten Scan-Motors, eines aus den USA importierten fotoelektrischen Sensors, nur 13 g, 2-mal schneller als herk\u00f6mmliche Galvo-Scanner, kleine Reaktionszeit im Winkel von bis zu 0,3 Millisekunden.<\/li>\n<li>Leistungsstarke Softwarefunktion, bequeme Parametereinstellung, verschiedene Grafik- und Scanmodi w\u00e4hlbar, die Grafiken verf\u00fcgen \u00fcber eine bidirektionale Anpassungsfunktion.<\/li>\n<li>Der Galvo-Scanner verf\u00fcgt \u00fcber eine vollst\u00e4ndige Selbstinspektion und eine Schutzsignalausgabefunktion. Wenn er abnormale Signale erkennt, gibt er innerhalb von 0,1 Millisekunden ein Schutzsignal aus und schaltet die Laserleistung ab, wodurch medizinische Unf\u00e4lle wirksam verhindert werden.<\/li>\n<li>Gem\u00e4\u00df dem Standarddesign des Industriecomputer-Motherboards konfiguriert die Steuerplatine umfassende Isolationsma\u00dfnahmen, die eine gute elektromagnetische Vertr\u00e4glichkeit und eine starke Entst\u00f6rungsf\u00e4higkeit aufweisen und Sch\u00e4den am Motherboard durch externe Zugriffsfehler oder Elektrizit\u00e4t wirksam verhindern.<\/li>\n<\/ol>","protected":false},"excerpt":{"rendered":"<h5><span style=\"color: #000000;\"><span style=\"color: #2f5496;\">Einf\u00fchrung<\/span><\/span><\/h5>\n<p><span style=\"color: #000000;\">Der Inyod Co2-Galvo-Scanner ist unser neuestes Forschungs- und Entwicklungsprojekt f\u00fcr Hochleistungsgalvanometer. Seine vertikale Einfallslichtstruktur zeichnet sich durch geringe Gr\u00f6\u00dfe, geringes Gewicht, hohe Geschwindigkeit und flexiblen Betrieb aus<\/span><\/p>\n<h5><span style=\"color: #000000;\"><span style=\"color: #2f5496;\">Anwendungsbereich<\/span><\/span><\/h5>\n<p>Der leistungsstarke Galvoscanner von Inyod findet breite Anwendung in Branchen, die Folgendes erfordern:<\/p>\n<ol>\n<li><strong>Pr\u00e4zise Lasermarkierung:<\/strong> Erm\u00f6glicht pr\u00e4zise und komplexe Markierungen auf verschiedenen Materialien.<\/li>\n<li><strong>3D-Druck und additive Fertigung:<\/strong> Erm\u00f6glicht eine schnelle und pr\u00e4zise Materialablage.<\/li>\n<li><strong>Lasergravieren und -schneiden:<\/strong> Gew\u00e4hrleistung einer komplexen und effizienten Materialverarbeitung f\u00fcr vielf\u00e4ltige Anwendungen.<\/li>\n<\/ol>","protected":false},"featured_media":1521,"template":"","meta":{"_acf_changed":false},"product_brand":[],"product_cat":[230],"product_tag":[249],"class_list":{"0":"post-2580","1":"product","2":"type-product","3":"status-publish","4":"has-post-thumbnail","6":"product_cat-consumables","7":"product_tag-consumables","9":"first","10":"instock","11":"shipping-taxable","12":"product-type-simple"},"acf":[],"yoast_head":"<!-- This site is optimized with the Yoast SEO Premium plugin v20.13 (Yoast SEO v20.13) - https:\/\/yoast.com\/wordpress\/plugins\/seo\/ -->\n<title>INY-P-CLGSH CO2 Laser Galvo Scanner Head - Inyod Laser Machine Technology<\/title>\n<meta name=\"robots\" content=\"index, follow, max-snippet:-1, max-image-preview:large, max-video-preview:-1\" \/>\n<link rel=\"canonical\" href=\"https:\/\/inyod.com.tr\/de\/produkt\/iny-p-flgsh-fiber-laser-galvo-scanner-head\/\" \/>\n<meta property=\"og:locale\" content=\"de_DE\" \/>\n<meta property=\"og:type\" content=\"article\" \/>\n<meta property=\"og:title\" content=\"INY-P-CLGSH CO2 Laser Galvo Scanner Head\" \/>\n<meta property=\"og:description\" content=\"Introduction Inyod Co2 galvo scanner is our latest R&amp;D of high-performance galvanometer, its vertical incident light structure is small size, light weight, high speed, flexible operation Application Scope Inyod&#039;s high-performance galvo scanner finds wide application in industries requiring:   Precision Laser Marking: Enabling accurate and intricate marking on various materials.  3D Printing and Additive Manufacturing: Facilitating rapid and precise material deposition.  Laser Engraving and Cutting: Ensuring intricate and efficient material processing for diverse applications.\" \/>\n<meta property=\"og:url\" content=\"https:\/\/inyod.com.tr\/de\/produkt\/iny-p-flgsh-fiber-laser-galvo-scanner-head\/\" \/>\n<meta property=\"og:site_name\" content=\"Inyod Laser Machine Technology\" \/>\n<meta property=\"article:publisher\" content=\"https:\/\/www.facebook.com\/inyod\" \/>\n<meta property=\"article:modified_time\" content=\"2023-10-18T13:10:37+00:00\" \/>\n<meta property=\"og:image\" content=\"https:\/\/inyod.com.tr\/wp-content\/uploads\/2023\/09\/INY-P-CLGSH-CO2-Laser-Galvo-Scanner-Head.jpg\" \/>\n\t<meta property=\"og:image:width\" content=\"300\" \/>\n\t<meta property=\"og:image:height\" content=\"300\" \/>\n\t<meta property=\"og:image:type\" content=\"image\/jpeg\" \/>\n<meta name=\"twitter:card\" content=\"summary_large_image\" \/>\n<meta name=\"twitter:site\" content=\"@inyodcom\" \/>\n<meta name=\"twitter:label1\" content=\"Gesch\u00e4tzte Lesezeit\" \/>\n\t<meta name=\"twitter:data1\" content=\"1\u00a0Minute\" \/>\n<script type=\"application\/ld+json\" class=\"yoast-schema-graph\">{\"@context\":\"https:\/\/schema.org\",\"@graph\":[{\"@type\":\"WebPage\",\"@id\":\"https:\/\/inyod.com.tr\/en\/product\/iny-p-flgsh-fiber-laser-galvo-scanner-head\/\",\"url\":\"https:\/\/inyod.com.tr\/en\/product\/iny-p-flgsh-fiber-laser-galvo-scanner-head\/\",\"name\":\"INY-P-CLGSH CO2 Laser Galvo Scanner Head - Inyod Laser Machine Technology\",\"isPartOf\":{\"@id\":\"https:\/\/inyod.com.tr\/en\/#website\"},\"datePublished\":\"2023-10-18T08:57:14+00:00\",\"dateModified\":\"2023-10-18T13:10:37+00:00\",\"breadcrumb\":{\"@id\":\"https:\/\/inyod.com.tr\/en\/product\/iny-p-flgsh-fiber-laser-galvo-scanner-head\/#breadcrumb\"},\"inLanguage\":\"de\",\"potentialAction\":[{\"@type\":\"ReadAction\",\"target\":[\"https:\/\/inyod.com.tr\/en\/product\/iny-p-flgsh-fiber-laser-galvo-scanner-head\/\"]}]},{\"@type\":\"BreadcrumbList\",\"@id\":\"https:\/\/inyod.com.tr\/en\/product\/iny-p-flgsh-fiber-laser-galvo-scanner-head\/#breadcrumb\",\"itemListElement\":[{\"@type\":\"ListItem\",\"position\":1,\"name\":\"Home\",\"item\":\"https:\/\/inyod.com.tr\/en\/\"},{\"@type\":\"ListItem\",\"position\":2,\"name\":\"Products\",\"item\":\"https:\/\/inyod.com.tr\/en\/products\/\"},{\"@type\":\"ListItem\",\"position\":3,\"name\":\"INY-P-CLGSH CO2 Laser Galvo Scanner Head\"}]},{\"@type\":\"WebSite\",\"@id\":\"https:\/\/inyod.com.tr\/en\/#website\",\"url\":\"https:\/\/inyod.com.tr\/en\/\",\"name\":\"Inyod Machine Technology\",\"description\":\"Inyod Technology\",\"publisher\":{\"@id\":\"https:\/\/inyod.com.tr\/en\/#organization\"},\"alternateName\":\"Machine Technology\",\"potentialAction\":[{\"@type\":\"SearchAction\",\"target\":{\"@type\":\"EntryPoint\",\"urlTemplate\":\"https:\/\/inyod.com.tr\/en\/?s={search_term_string}\"},\"query-input\":\"required name=search_term_string\"}],\"inLanguage\":\"de\"},{\"@type\":\"Organization\",\"@id\":\"https:\/\/inyod.com.tr\/en\/#organization\",\"name\":\"Inyod\",\"url\":\"https:\/\/inyod.com.tr\/en\/\",\"logo\":{\"@type\":\"ImageObject\",\"inLanguage\":\"de\",\"@id\":\"https:\/\/inyod.com.tr\/en\/#\/schema\/logo\/image\/\",\"url\":\"https:\/\/inyod.com.tr\/wp-content\/uploads\/2023\/09\/Inyod-marka591x591-e1695265459802.jpg\",\"contentUrl\":\"https:\/\/inyod.com.tr\/wp-content\/uploads\/2023\/09\/Inyod-marka591x591-e1695265459802.jpg\",\"width\":591,\"height\":254,\"caption\":\"Inyod\"},\"image\":{\"@id\":\"https:\/\/inyod.com.tr\/en\/#\/schema\/logo\/image\/\"},\"sameAs\":[\"https:\/\/www.facebook.com\/inyod\",\"https:\/\/twitter.com\/inyodcom\",\"https:\/\/www.instagram.com\/inyodcom\"]}]}<\/script>\n<!-- \/ Yoast SEO Premium plugin. -->","yoast_head_json":{"title":"INY-P-CLGSH CO2 Laser Galvo Scanner Head - Inyod Laser Machine Technology","robots":{"index":"index","follow":"follow","max-snippet":"max-snippet:-1","max-image-preview":"max-image-preview:large","max-video-preview":"max-video-preview:-1"},"canonical":"https:\/\/inyod.com.tr\/de\/produkt\/iny-p-flgsh-fiber-laser-galvo-scanner-head\/","og_locale":"de_DE","og_type":"article","og_title":"INY-P-CLGSH CO2 Laser Galvo Scanner Head","og_description":"Introduction Inyod Co2 galvo scanner is our latest R&amp;D of high-performance galvanometer, its vertical incident light structure is small size, light weight, high speed, flexible operation Application Scope Inyod's high-performance galvo scanner finds wide application in industries requiring:   Precision Laser Marking: Enabling accurate and intricate marking on various materials.  3D Printing and Additive Manufacturing: Facilitating rapid and precise material deposition.  Laser Engraving and Cutting: Ensuring intricate and efficient material processing for diverse applications.","og_url":"https:\/\/inyod.com.tr\/de\/produkt\/iny-p-flgsh-fiber-laser-galvo-scanner-head\/","og_site_name":"Inyod Laser Machine Technology","article_publisher":"https:\/\/www.facebook.com\/inyod","article_modified_time":"2023-10-18T13:10:37+00:00","og_image":[{"width":300,"height":300,"url":"https:\/\/inyod.com.tr\/wp-content\/uploads\/2023\/09\/INY-P-CLGSH-CO2-Laser-Galvo-Scanner-Head.jpg","type":"image\/jpeg"}],"twitter_card":"summary_large_image","twitter_site":"@inyodcom","twitter_misc":{"Gesch\u00e4tzte Lesezeit":"1\u00a0Minute"},"schema":{"@context":"https:\/\/schema.org","@graph":[{"@type":"WebPage","@id":"https:\/\/inyod.com.tr\/en\/product\/iny-p-flgsh-fiber-laser-galvo-scanner-head\/","url":"https:\/\/inyod.com.tr\/en\/product\/iny-p-flgsh-fiber-laser-galvo-scanner-head\/","name":"INY-P-CLGSH CO2 Laser Galvo Scanner Head - Inyod Laser Machine Technology","isPartOf":{"@id":"https:\/\/inyod.com.tr\/en\/#website"},"datePublished":"2023-10-18T08:57:14+00:00","dateModified":"2023-10-18T13:10:37+00:00","breadcrumb":{"@id":"https:\/\/inyod.com.tr\/en\/product\/iny-p-flgsh-fiber-laser-galvo-scanner-head\/#breadcrumb"},"inLanguage":"de","potentialAction":[{"@type":"ReadAction","target":["https:\/\/inyod.com.tr\/en\/product\/iny-p-flgsh-fiber-laser-galvo-scanner-head\/"]}]},{"@type":"BreadcrumbList","@id":"https:\/\/inyod.com.tr\/en\/product\/iny-p-flgsh-fiber-laser-galvo-scanner-head\/#breadcrumb","itemListElement":[{"@type":"ListItem","position":1,"name":"Home","item":"https:\/\/inyod.com.tr\/en\/"},{"@type":"ListItem","position":2,"name":"Products","item":"https:\/\/inyod.com.tr\/en\/products\/"},{"@type":"ListItem","position":3,"name":"INY-P-CLGSH CO2 Laser Galvo Scanner Head"}]},{"@type":"WebSite","@id":"https:\/\/inyod.com.tr\/en\/#website","url":"https:\/\/inyod.com.tr\/en\/","name":"Inyod Machine Technology","description":"Inyod Technology","publisher":{"@id":"https:\/\/inyod.com.tr\/en\/#organization"},"alternateName":"Machine Technology","potentialAction":[{"@type":"SearchAction","target":{"@type":"EntryPoint","urlTemplate":"https:\/\/inyod.com.tr\/en\/?s={search_term_string}"},"query-input":"required name=search_term_string"}],"inLanguage":"de"},{"@type":"Organization","@id":"https:\/\/inyod.com.tr\/en\/#organization","name":"Inyod","url":"https:\/\/inyod.com.tr\/en\/","logo":{"@type":"ImageObject","inLanguage":"de","@id":"https:\/\/inyod.com.tr\/en\/#\/schema\/logo\/image\/","url":"https:\/\/inyod.com.tr\/wp-content\/uploads\/2023\/09\/Inyod-marka591x591-e1695265459802.jpg","contentUrl":"https:\/\/inyod.com.tr\/wp-content\/uploads\/2023\/09\/Inyod-marka591x591-e1695265459802.jpg","width":591,"height":254,"caption":"Inyod"},"image":{"@id":"https:\/\/inyod.com.tr\/en\/#\/schema\/logo\/image\/"},"sameAs":["https:\/\/www.facebook.com\/inyod","https:\/\/twitter.com\/inyodcom","https:\/\/www.instagram.com\/inyodcom"]}]}},"_links":{"self":[{"href":"https:\/\/inyod.com.tr\/de\/wp-json\/wp\/v2\/product\/2580","targetHints":{"allow":["GET"]}}],"collection":[{"href":"https:\/\/inyod.com.tr\/de\/wp-json\/wp\/v2\/product"}],"about":[{"href":"https:\/\/inyod.com.tr\/de\/wp-json\/wp\/v2\/types\/product"}],"wp:featuredmedia":[{"embeddable":true,"href":"https:\/\/inyod.com.tr\/de\/wp-json\/wp\/v2\/media\/1521"}],"wp:attachment":[{"href":"https:\/\/inyod.com.tr\/de\/wp-json\/wp\/v2\/media?parent=2580"}],"wp:term":[{"taxonomy":"product_brand","embeddable":true,"href":"https:\/\/inyod.com.tr\/de\/wp-json\/wp\/v2\/product_brand?post=2580"},{"taxonomy":"product_cat","embeddable":true,"href":"https:\/\/inyod.com.tr\/de\/wp-json\/wp\/v2\/product_cat?post=2580"},{"taxonomy":"product_tag","embeddable":true,"href":"https:\/\/inyod.com.tr\/de\/wp-json\/wp\/v2\/product_tag?post=2580"}],"curies":[{"name":"wp","href":"https:\/\/api.w.org\/{rel}","templated":true}]}}