{"id":2583,"date":"2023-10-18T20:39:00","date_gmt":"2023-10-18T12:39:00","guid":{"rendered":"http:\/\/inyod.com.tr\/?post_type=product&#038;p=2583"},"modified":"2023-10-18T21:10:26","modified_gmt":"2023-10-18T13:10:26","slug":"iny-p-flfc-fiber-cable","status":"publish","type":"product","link":"https:\/\/inyod.com.tr\/de\/produkt\/iny-p-flfc-fiber-cable\/","title":{"rendered":"INY-P-FLFC-Glasfaserkabel"},"content":{"rendered":"<p><span style=\"color: #000000;\">Inyod-Faserkabel k\u00f6nnen bis zu mehreren kW aus Dioden- und Festk\u00f6rperlasern liefern, wenn sie mit einem gr\u00f6\u00dferen Steckverbinder mit speziellem Design und Durchmessern von 2,5, 4, 10 und 15 mm oder mit Mitsubishi-Steckverbindern von D-80 und D-80 kombiniert werden. 200 Typen. Das Steckverbinderdesign kann einen Kupferh\u00fclsenschutz durch Saphirringe umfassen, um die Kupferverdampfung durch den intensiven Laserstrahl zu verhindern<\/span><\/p>\n<h5><\/h5>\n<div class=\"WordSection128\">\n<p>Auswahl des richtigen Glasfaserkabels f\u00fcr die Laserstromversorgung<\/p>\n<ol>\n<li>Fasertyp und Kerndurchmesser<\/li>\n<li>Beschichtung und Schutzrohr<\/li>\n<li>Verbinder<\/li>\n<\/ol>\n<\/div>\n<p>&nbsp;<\/p>","protected":false},"excerpt":{"rendered":"<h5><span style=\"color: #000000;\"><span style=\"color: #2f5496;\">Einf\u00fchrung<\/span><\/span><\/h5>\n<p><span style=\"color: #000000;\">Inyod-Faserkabel k\u00f6nnen bis zu mehreren kW aus Dioden- und Festk\u00f6rperlasern liefern, da sie mit einem gr\u00f6\u00dferen Steckverbinder mit speziellem Design kombiniert werden <\/span><\/p>\n<h5><span style=\"color: #000000;\"><span style=\"color: #2f5496;\">Anwendungsbereich<\/span><\/span><\/h5>\n<p>Laserschwei\u00dfdraht ist in verschiedenen Branchen von entscheidender Bedeutung:<\/p>\n<ol>\n<li><strong>Automobil:<\/strong> Gew\u00e4hrleistung robuster Schwei\u00dfn\u00e4hte in Auspuffanlagen, Rahmen und Karosseriekomponenten.<\/li>\n<li><strong>Luft- und Raumfahrt:<\/strong> Herstellung pr\u00e4ziser Teile f\u00fcr Luft- und Raumfahrzeuge.<\/li>\n<li><strong>Medizinische Ger\u00e4te:<\/strong> Erm\u00f6glicht die Herstellung steriler, zuverl\u00e4ssiger Instrumente und Implantate.<\/li>\n<\/ol>","protected":false},"featured_media":1526,"template":"","meta":{"_acf_changed":false},"product_brand":[],"product_cat":[230],"product_tag":[249],"class_list":{"0":"post-2583","1":"product","2":"type-product","3":"status-publish","4":"has-post-thumbnail","6":"product_cat-consumables","7":"product_tag-consumables","9":"first","10":"instock","11":"shipping-taxable","12":"product-type-simple"},"acf":[],"yoast_head":"<!-- This site is optimized with the Yoast SEO Premium plugin v20.13 (Yoast SEO v20.13) - https:\/\/yoast.com\/wordpress\/plugins\/seo\/ -->\n<title>INY-P-FLFC Fiber Cable - Inyod Laser Machine Technology<\/title>\n<meta name=\"robots\" content=\"index, follow, max-snippet:-1, max-image-preview:large, max-video-preview:-1\" \/>\n<link rel=\"canonical\" href=\"https:\/\/inyod.com.tr\/de\/produkt\/iny-p-flfc-fiber-cable\/\" \/>\n<meta property=\"og:locale\" content=\"de_DE\" \/>\n<meta property=\"og:type\" content=\"article\" \/>\n<meta property=\"og:title\" content=\"INY-P-FLFC Fiber Cable\" \/>\n<meta property=\"og:description\" content=\"Introduction Inyod Fiber Cables could deliver up to several kW from Diode and Solid-State lasers resulting from their assembly with a larger size connector of special design  Application Scope Laser welding wire is crucial in various industries:   Automotive: Ensuring robust welds in exhausts, frames, and body components.  Aerospace: Crafting precise parts for aircraft and spacecraft.  Medical Devices: Enabling the creation of sterile, reliable instruments and implants.\" \/>\n<meta property=\"og:url\" content=\"https:\/\/inyod.com.tr\/de\/produkt\/iny-p-flfc-fiber-cable\/\" \/>\n<meta property=\"og:site_name\" content=\"Inyod Laser Machine Technology\" \/>\n<meta property=\"article:publisher\" content=\"https:\/\/www.facebook.com\/inyod\" \/>\n<meta property=\"article:modified_time\" content=\"2023-10-18T13:10:26+00:00\" \/>\n<meta property=\"og:image\" content=\"https:\/\/inyod.com.tr\/wp-content\/uploads\/2023\/09\/INY-P-FLFC-Fiber-Cable.png\" \/>\n\t<meta property=\"og:image:width\" content=\"300\" \/>\n\t<meta property=\"og:image:height\" content=\"300\" \/>\n\t<meta property=\"og:image:type\" content=\"image\/png\" \/>\n<meta name=\"twitter:card\" content=\"summary_large_image\" \/>\n<meta name=\"twitter:site\" content=\"@inyodcom\" \/>\n<script type=\"application\/ld+json\" class=\"yoast-schema-graph\">{\"@context\":\"https:\/\/schema.org\",\"@graph\":[{\"@type\":\"WebPage\",\"@id\":\"https:\/\/inyod.com.tr\/en\/product\/iny-p-flfc-fiber-cable\/\",\"url\":\"https:\/\/inyod.com.tr\/en\/product\/iny-p-flfc-fiber-cable\/\",\"name\":\"INY-P-FLFC Fiber Cable - Inyod Laser Machine Technology\",\"isPartOf\":{\"@id\":\"https:\/\/inyod.com.tr\/en\/#website\"},\"datePublished\":\"2023-10-18T12:39:00+00:00\",\"dateModified\":\"2023-10-18T13:10:26+00:00\",\"breadcrumb\":{\"@id\":\"https:\/\/inyod.com.tr\/en\/product\/iny-p-flfc-fiber-cable\/#breadcrumb\"},\"inLanguage\":\"de\",\"potentialAction\":[{\"@type\":\"ReadAction\",\"target\":[\"https:\/\/inyod.com.tr\/en\/product\/iny-p-flfc-fiber-cable\/\"]}]},{\"@type\":\"BreadcrumbList\",\"@id\":\"https:\/\/inyod.com.tr\/en\/product\/iny-p-flfc-fiber-cable\/#breadcrumb\",\"itemListElement\":[{\"@type\":\"ListItem\",\"position\":1,\"name\":\"Home\",\"item\":\"https:\/\/inyod.com.tr\/en\/\"},{\"@type\":\"ListItem\",\"position\":2,\"name\":\"Products\",\"item\":\"https:\/\/inyod.com.tr\/en\/products\/\"},{\"@type\":\"ListItem\",\"position\":3,\"name\":\"INY-P-FLFC Fiber Cable\"}]},{\"@type\":\"WebSite\",\"@id\":\"https:\/\/inyod.com.tr\/en\/#website\",\"url\":\"https:\/\/inyod.com.tr\/en\/\",\"name\":\"Inyod Machine Technology\",\"description\":\"Inyod Technology\",\"publisher\":{\"@id\":\"https:\/\/inyod.com.tr\/en\/#organization\"},\"alternateName\":\"Machine Technology\",\"potentialAction\":[{\"@type\":\"SearchAction\",\"target\":{\"@type\":\"EntryPoint\",\"urlTemplate\":\"https:\/\/inyod.com.tr\/en\/?s={search_term_string}\"},\"query-input\":\"required name=search_term_string\"}],\"inLanguage\":\"de\"},{\"@type\":\"Organization\",\"@id\":\"https:\/\/inyod.com.tr\/en\/#organization\",\"name\":\"Inyod\",\"url\":\"https:\/\/inyod.com.tr\/en\/\",\"logo\":{\"@type\":\"ImageObject\",\"inLanguage\":\"de\",\"@id\":\"https:\/\/inyod.com.tr\/en\/#\/schema\/logo\/image\/\",\"url\":\"https:\/\/inyod.com.tr\/wp-content\/uploads\/2023\/09\/Inyod-marka591x591-e1695265459802.jpg\",\"contentUrl\":\"https:\/\/inyod.com.tr\/wp-content\/uploads\/2023\/09\/Inyod-marka591x591-e1695265459802.jpg\",\"width\":591,\"height\":254,\"caption\":\"Inyod\"},\"image\":{\"@id\":\"https:\/\/inyod.com.tr\/en\/#\/schema\/logo\/image\/\"},\"sameAs\":[\"https:\/\/www.facebook.com\/inyod\",\"https:\/\/twitter.com\/inyodcom\",\"https:\/\/www.instagram.com\/inyodcom\"]}]}<\/script>\n<!-- \/ Yoast SEO Premium plugin. -->","yoast_head_json":{"title":"INY-P-FLFC Fiber Cable - Inyod Laser Machine Technology","robots":{"index":"index","follow":"follow","max-snippet":"max-snippet:-1","max-image-preview":"max-image-preview:large","max-video-preview":"max-video-preview:-1"},"canonical":"https:\/\/inyod.com.tr\/de\/produkt\/iny-p-flfc-fiber-cable\/","og_locale":"de_DE","og_type":"article","og_title":"INY-P-FLFC Fiber Cable","og_description":"Introduction Inyod Fiber Cables could deliver up to several kW from Diode and Solid-State lasers resulting from their assembly with a larger size connector of special design  Application Scope Laser welding wire is crucial in various industries:   Automotive: Ensuring robust welds in exhausts, frames, and body components.  Aerospace: Crafting precise parts for aircraft and spacecraft.  Medical Devices: Enabling the creation of sterile, reliable instruments and implants.","og_url":"https:\/\/inyod.com.tr\/de\/produkt\/iny-p-flfc-fiber-cable\/","og_site_name":"Inyod Laser Machine Technology","article_publisher":"https:\/\/www.facebook.com\/inyod","article_modified_time":"2023-10-18T13:10:26+00:00","og_image":[{"width":300,"height":300,"url":"https:\/\/inyod.com.tr\/wp-content\/uploads\/2023\/09\/INY-P-FLFC-Fiber-Cable.png","type":"image\/png"}],"twitter_card":"summary_large_image","twitter_site":"@inyodcom","schema":{"@context":"https:\/\/schema.org","@graph":[{"@type":"WebPage","@id":"https:\/\/inyod.com.tr\/en\/product\/iny-p-flfc-fiber-cable\/","url":"https:\/\/inyod.com.tr\/en\/product\/iny-p-flfc-fiber-cable\/","name":"INY-P-FLFC Fiber Cable - Inyod Laser Machine Technology","isPartOf":{"@id":"https:\/\/inyod.com.tr\/en\/#website"},"datePublished":"2023-10-18T12:39:00+00:00","dateModified":"2023-10-18T13:10:26+00:00","breadcrumb":{"@id":"https:\/\/inyod.com.tr\/en\/product\/iny-p-flfc-fiber-cable\/#breadcrumb"},"inLanguage":"de","potentialAction":[{"@type":"ReadAction","target":["https:\/\/inyod.com.tr\/en\/product\/iny-p-flfc-fiber-cable\/"]}]},{"@type":"BreadcrumbList","@id":"https:\/\/inyod.com.tr\/en\/product\/iny-p-flfc-fiber-cable\/#breadcrumb","itemListElement":[{"@type":"ListItem","position":1,"name":"Home","item":"https:\/\/inyod.com.tr\/en\/"},{"@type":"ListItem","position":2,"name":"Products","item":"https:\/\/inyod.com.tr\/en\/products\/"},{"@type":"ListItem","position":3,"name":"INY-P-FLFC Fiber Cable"}]},{"@type":"WebSite","@id":"https:\/\/inyod.com.tr\/en\/#website","url":"https:\/\/inyod.com.tr\/en\/","name":"Inyod Machine Technology","description":"Inyod Technology","publisher":{"@id":"https:\/\/inyod.com.tr\/en\/#organization"},"alternateName":"Machine Technology","potentialAction":[{"@type":"SearchAction","target":{"@type":"EntryPoint","urlTemplate":"https:\/\/inyod.com.tr\/en\/?s={search_term_string}"},"query-input":"required name=search_term_string"}],"inLanguage":"de"},{"@type":"Organization","@id":"https:\/\/inyod.com.tr\/en\/#organization","name":"Inyod","url":"https:\/\/inyod.com.tr\/en\/","logo":{"@type":"ImageObject","inLanguage":"de","@id":"https:\/\/inyod.com.tr\/en\/#\/schema\/logo\/image\/","url":"https:\/\/inyod.com.tr\/wp-content\/uploads\/2023\/09\/Inyod-marka591x591-e1695265459802.jpg","contentUrl":"https:\/\/inyod.com.tr\/wp-content\/uploads\/2023\/09\/Inyod-marka591x591-e1695265459802.jpg","width":591,"height":254,"caption":"Inyod"},"image":{"@id":"https:\/\/inyod.com.tr\/en\/#\/schema\/logo\/image\/"},"sameAs":["https:\/\/www.facebook.com\/inyod","https:\/\/twitter.com\/inyodcom","https:\/\/www.instagram.com\/inyodcom"]}]}},"_links":{"self":[{"href":"https:\/\/inyod.com.tr\/de\/wp-json\/wp\/v2\/product\/2583","targetHints":{"allow":["GET"]}}],"collection":[{"href":"https:\/\/inyod.com.tr\/de\/wp-json\/wp\/v2\/product"}],"about":[{"href":"https:\/\/inyod.com.tr\/de\/wp-json\/wp\/v2\/types\/product"}],"wp:featuredmedia":[{"embeddable":true,"href":"https:\/\/inyod.com.tr\/de\/wp-json\/wp\/v2\/media\/1526"}],"wp:attachment":[{"href":"https:\/\/inyod.com.tr\/de\/wp-json\/wp\/v2\/media?parent=2583"}],"wp:term":[{"taxonomy":"product_brand","embeddable":true,"href":"https:\/\/inyod.com.tr\/de\/wp-json\/wp\/v2\/product_brand?post=2583"},{"taxonomy":"product_cat","embeddable":true,"href":"https:\/\/inyod.com.tr\/de\/wp-json\/wp\/v2\/product_cat?post=2583"},{"taxonomy":"product_tag","embeddable":true,"href":"https:\/\/inyod.com.tr\/de\/wp-json\/wp\/v2\/product_tag?post=2583"}],"curies":[{"name":"wp","href":"https:\/\/api.w.org\/{rel}","templated":true}]}}