{"id":2584,"date":"2023-10-18T20:48:05","date_gmt":"2023-10-18T12:48:05","guid":{"rendered":"http:\/\/inyod.com.tr\/?post_type=product&#038;p=2584"},"modified":"2023-10-18T21:10:44","modified_gmt":"2023-10-18T13:10:44","slug":"iny-p-cr-ceramic-reflectors","status":"publish","type":"product","link":"https:\/\/inyod.com.tr\/de\/produkt\/iny-p-cr-ceramic-reflectors\/","title":{"rendered":"INY-P-CR Keramikreflektoren"},"content":{"rendered":"<ul>\n<li>Reflexionskurve<\/li>\n<li>Oberfl\u00e4chen k\u00f6nnen versiegelt und mit einer solarisationsbest\u00e4ndigen Glasur beschichtet werden, um ein hohes Gesamtreflexionsverm\u00f6gen zu erzielen.<\/li>\n<li>8% Reflexionseffizienz bei 1000 nm<\/li>\n<li>Die Reflexionseffizienz \u00fcbersteigt 96% im Wellenl\u00e4ngenbereich von 500\u20132000 nm (siehe Kurve).<\/li>\n<li>Kontrollierte Porosit\u00e4t<\/li>\n<li>Gute W\u00e4rmeleitf\u00e4higkeit<\/li>\n<li>Hoher elektrischer Widerstand<\/li>\n<li>Qualit\u00e4tssicherung nach BS EN 9001:2000<\/li>\n<li>Komponenten bis 250mm L\u00e4nge und 80mm Breite\/Durchmesser standardm\u00e4\u00dfig gefertigt.<\/li>\n<li>Gr\u00f6\u00dfere Komponenten werden im Rahmen von Entwicklungsauftr\u00e4gen gefertigt.<\/li>\n<li>Einteilige oder Split-Cavity-Designs<\/li>\n<li>Prototypen-, Serien- und Serienfertigung.<\/li>\n<li>Farbe wei\u00df<\/li>\n<li>Sch\u00fcttdichte (gebrannt), Mg\/m3: 3,2.<\/li>\n<li>Porosit\u00e4t (scheinbar), % nominal:20<\/li>\n<li>Biegefestigkeit (ASTM C1161, 3-Punkt), MPa:150<\/li>\n<li>W\u00e4rmeausdehnungskoeffizient 200\u2013500 \u00b0C, 10\u20136\/C 7,9 200\u20131000 \u00b0C, 10\u20136\/C9,0<\/li>\n<\/ul>\n<p><img loading=\"lazy\" decoding=\"async\" class=\"alignnone size-thumbnail wp-image-2585\" src=\"http:\/\/inyod.com.tr\/wp-content\/uploads\/2023\/10\/wavelength-160x160.png\" alt=\"\" width=\"160\" height=\"160\" srcset=\"https:\/\/inyod.com.tr\/wp-content\/uploads\/2023\/10\/wavelength-160x160.png 160w, https:\/\/inyod.com.tr\/wp-content\/uploads\/2023\/10\/wavelength-100x100.png 100w\" sizes=\"auto, (max-width: 160px) 100vw, 160px\" \/><\/p>\n<p><span style=\"color: #000000;\">Effizienz: Wellenl\u00e4nge, aus unabh\u00e4ngigen Tests, die im britischen National Physical Laboratory durchgef\u00fchrt wurden<\/span><\/p>\n<p>&nbsp;<\/p>","protected":false},"excerpt":{"rendered":"<h5><span style=\"color: #000000;\"><span style=\"color: #2f5496;\">Einf\u00fchrung<\/span><\/span><\/h5>\n<p><span style=\"color: #000000;\">Die Hauptvorteile des Inyod-Keramikreflektors (Keramik-Diffusreflektor) sind seine lange Lebensdauer. Eine por\u00f6se Aluminiumoxidkeramik mit einem Al2O3-Gehalt von 99,71 TP3T, die h\u00e4ufig f\u00fcr langlebige Laserreflektoren verwendet wird. Dieses Material wird bei hohen Temperaturen gesintert, um eine kontrollierte Porosit\u00e4t zu erreichen.<\/span><\/p>\n<h5><span style=\"color: #000000;\"><span style=\"color: #2f5496;\">Anwendungsbereich<\/span><\/span><\/h5>\n<p><span style=\"color: #000000;\">Inyod-Keramikreflektoren (keramische diffuse Reflektoren) werden seit Kurzem in Laserpumpkammern verwendet.<\/span><\/p>","protected":false},"featured_media":1523,"template":"","meta":{"_acf_changed":false},"product_brand":[],"product_cat":[230],"product_tag":[249],"class_list":{"0":"post-2584","1":"product","2":"type-product","3":"status-publish","4":"has-post-thumbnail","6":"product_cat-consumables","7":"product_tag-consumables","9":"first","10":"instock","11":"shipping-taxable","12":"product-type-simple"},"acf":[],"yoast_head":"<!-- This site is optimized with the Yoast SEO Premium plugin v20.13 (Yoast SEO v20.13) - https:\/\/yoast.com\/wordpress\/plugins\/seo\/ -->\n<title>INY-P-CR Ceramic Reflectors - Inyod Laser Machine Technology<\/title>\n<meta name=\"robots\" content=\"index, follow, max-snippet:-1, max-image-preview:large, max-video-preview:-1\" \/>\n<link rel=\"canonical\" href=\"https:\/\/inyod.com.tr\/de\/produkt\/iny-p-cr-ceramic-reflectors\/\" \/>\n<meta property=\"og:locale\" content=\"de_DE\" \/>\n<meta property=\"og:type\" content=\"article\" \/>\n<meta property=\"og:title\" content=\"INY-P-CR Ceramic Reflectors\" \/>\n<meta property=\"og:description\" content=\"Introduction Inyod Ceramic Reflector (Ceramic Diffuse Reflector)\u00a0 main advantages are long lifetime. A porous alumina ceramic of 99.7% Al2O3 content, used extensively for long-life laser reflectors. This material is sintered at high temperatures to achieve a controlled porosity. Application Scope Inyod Ceramic Reflector (Ceramic Diffuse Reflector) are recently used in laser pump chambers.\" \/>\n<meta property=\"og:url\" content=\"https:\/\/inyod.com.tr\/de\/produkt\/iny-p-cr-ceramic-reflectors\/\" \/>\n<meta property=\"og:site_name\" content=\"Inyod Laser Machine Technology\" \/>\n<meta property=\"article:publisher\" content=\"https:\/\/www.facebook.com\/inyod\" \/>\n<meta property=\"article:modified_time\" content=\"2023-10-18T13:10:44+00:00\" \/>\n<meta property=\"og:image\" content=\"https:\/\/inyod.com.tr\/wp-content\/uploads\/2023\/09\/INY-P-CR-Ceramic-Reflectors-.png\" \/>\n\t<meta property=\"og:image:width\" content=\"300\" \/>\n\t<meta property=\"og:image:height\" content=\"300\" \/>\n\t<meta property=\"og:image:type\" content=\"image\/png\" \/>\n<meta name=\"twitter:card\" content=\"summary_large_image\" \/>\n<meta name=\"twitter:site\" content=\"@inyodcom\" \/>\n<meta name=\"twitter:label1\" content=\"Gesch\u00e4tzte Lesezeit\" \/>\n\t<meta name=\"twitter:data1\" content=\"1\u00a0Minute\" \/>\n<script type=\"application\/ld+json\" class=\"yoast-schema-graph\">{\"@context\":\"https:\/\/schema.org\",\"@graph\":[{\"@type\":\"WebPage\",\"@id\":\"https:\/\/inyod.com.tr\/en\/product\/iny-p-cr-ceramic-reflectors\/\",\"url\":\"https:\/\/inyod.com.tr\/en\/product\/iny-p-cr-ceramic-reflectors\/\",\"name\":\"INY-P-CR Ceramic Reflectors - Inyod Laser Machine Technology\",\"isPartOf\":{\"@id\":\"https:\/\/inyod.com.tr\/en\/#website\"},\"datePublished\":\"2023-10-18T12:48:05+00:00\",\"dateModified\":\"2023-10-18T13:10:44+00:00\",\"breadcrumb\":{\"@id\":\"https:\/\/inyod.com.tr\/en\/product\/iny-p-cr-ceramic-reflectors\/#breadcrumb\"},\"inLanguage\":\"de\",\"potentialAction\":[{\"@type\":\"ReadAction\",\"target\":[\"https:\/\/inyod.com.tr\/en\/product\/iny-p-cr-ceramic-reflectors\/\"]}]},{\"@type\":\"BreadcrumbList\",\"@id\":\"https:\/\/inyod.com.tr\/en\/product\/iny-p-cr-ceramic-reflectors\/#breadcrumb\",\"itemListElement\":[{\"@type\":\"ListItem\",\"position\":1,\"name\":\"Home\",\"item\":\"https:\/\/inyod.com.tr\/en\/\"},{\"@type\":\"ListItem\",\"position\":2,\"name\":\"Products\",\"item\":\"https:\/\/inyod.com.tr\/en\/products\/\"},{\"@type\":\"ListItem\",\"position\":3,\"name\":\"INY-P-CR Ceramic Reflectors\"}]},{\"@type\":\"WebSite\",\"@id\":\"https:\/\/inyod.com.tr\/en\/#website\",\"url\":\"https:\/\/inyod.com.tr\/en\/\",\"name\":\"Inyod Machine Technology\",\"description\":\"Inyod Technology\",\"publisher\":{\"@id\":\"https:\/\/inyod.com.tr\/en\/#organization\"},\"alternateName\":\"Machine Technology\",\"potentialAction\":[{\"@type\":\"SearchAction\",\"target\":{\"@type\":\"EntryPoint\",\"urlTemplate\":\"https:\/\/inyod.com.tr\/en\/?s={search_term_string}\"},\"query-input\":\"required name=search_term_string\"}],\"inLanguage\":\"de\"},{\"@type\":\"Organization\",\"@id\":\"https:\/\/inyod.com.tr\/en\/#organization\",\"name\":\"Inyod\",\"url\":\"https:\/\/inyod.com.tr\/en\/\",\"logo\":{\"@type\":\"ImageObject\",\"inLanguage\":\"de\",\"@id\":\"https:\/\/inyod.com.tr\/en\/#\/schema\/logo\/image\/\",\"url\":\"https:\/\/inyod.com.tr\/wp-content\/uploads\/2023\/09\/Inyod-marka591x591-e1695265459802.jpg\",\"contentUrl\":\"https:\/\/inyod.com.tr\/wp-content\/uploads\/2023\/09\/Inyod-marka591x591-e1695265459802.jpg\",\"width\":591,\"height\":254,\"caption\":\"Inyod\"},\"image\":{\"@id\":\"https:\/\/inyod.com.tr\/en\/#\/schema\/logo\/image\/\"},\"sameAs\":[\"https:\/\/www.facebook.com\/inyod\",\"https:\/\/twitter.com\/inyodcom\",\"https:\/\/www.instagram.com\/inyodcom\"]}]}<\/script>\n<!-- \/ Yoast SEO Premium plugin. -->","yoast_head_json":{"title":"INY-P-CR Ceramic Reflectors - Inyod Laser Machine Technology","robots":{"index":"index","follow":"follow","max-snippet":"max-snippet:-1","max-image-preview":"max-image-preview:large","max-video-preview":"max-video-preview:-1"},"canonical":"https:\/\/inyod.com.tr\/de\/produkt\/iny-p-cr-ceramic-reflectors\/","og_locale":"de_DE","og_type":"article","og_title":"INY-P-CR Ceramic Reflectors","og_description":"Introduction Inyod Ceramic Reflector (Ceramic Diffuse Reflector)\u00a0 main advantages are long lifetime. A porous alumina ceramic of 99.7% Al2O3 content, used extensively for long-life laser reflectors. This material is sintered at high temperatures to achieve a controlled porosity. Application Scope Inyod Ceramic Reflector (Ceramic Diffuse Reflector) are recently used in laser pump chambers.","og_url":"https:\/\/inyod.com.tr\/de\/produkt\/iny-p-cr-ceramic-reflectors\/","og_site_name":"Inyod Laser Machine Technology","article_publisher":"https:\/\/www.facebook.com\/inyod","article_modified_time":"2023-10-18T13:10:44+00:00","og_image":[{"width":300,"height":300,"url":"https:\/\/inyod.com.tr\/wp-content\/uploads\/2023\/09\/INY-P-CR-Ceramic-Reflectors-.png","type":"image\/png"}],"twitter_card":"summary_large_image","twitter_site":"@inyodcom","twitter_misc":{"Gesch\u00e4tzte Lesezeit":"1\u00a0Minute"},"schema":{"@context":"https:\/\/schema.org","@graph":[{"@type":"WebPage","@id":"https:\/\/inyod.com.tr\/en\/product\/iny-p-cr-ceramic-reflectors\/","url":"https:\/\/inyod.com.tr\/en\/product\/iny-p-cr-ceramic-reflectors\/","name":"INY-P-CR Ceramic Reflectors - Inyod Laser Machine Technology","isPartOf":{"@id":"https:\/\/inyod.com.tr\/en\/#website"},"datePublished":"2023-10-18T12:48:05+00:00","dateModified":"2023-10-18T13:10:44+00:00","breadcrumb":{"@id":"https:\/\/inyod.com.tr\/en\/product\/iny-p-cr-ceramic-reflectors\/#breadcrumb"},"inLanguage":"de","potentialAction":[{"@type":"ReadAction","target":["https:\/\/inyod.com.tr\/en\/product\/iny-p-cr-ceramic-reflectors\/"]}]},{"@type":"BreadcrumbList","@id":"https:\/\/inyod.com.tr\/en\/product\/iny-p-cr-ceramic-reflectors\/#breadcrumb","itemListElement":[{"@type":"ListItem","position":1,"name":"Home","item":"https:\/\/inyod.com.tr\/en\/"},{"@type":"ListItem","position":2,"name":"Products","item":"https:\/\/inyod.com.tr\/en\/products\/"},{"@type":"ListItem","position":3,"name":"INY-P-CR Ceramic Reflectors"}]},{"@type":"WebSite","@id":"https:\/\/inyod.com.tr\/en\/#website","url":"https:\/\/inyod.com.tr\/en\/","name":"Inyod Machine Technology","description":"Inyod Technology","publisher":{"@id":"https:\/\/inyod.com.tr\/en\/#organization"},"alternateName":"Machine Technology","potentialAction":[{"@type":"SearchAction","target":{"@type":"EntryPoint","urlTemplate":"https:\/\/inyod.com.tr\/en\/?s={search_term_string}"},"query-input":"required name=search_term_string"}],"inLanguage":"de"},{"@type":"Organization","@id":"https:\/\/inyod.com.tr\/en\/#organization","name":"Inyod","url":"https:\/\/inyod.com.tr\/en\/","logo":{"@type":"ImageObject","inLanguage":"de","@id":"https:\/\/inyod.com.tr\/en\/#\/schema\/logo\/image\/","url":"https:\/\/inyod.com.tr\/wp-content\/uploads\/2023\/09\/Inyod-marka591x591-e1695265459802.jpg","contentUrl":"https:\/\/inyod.com.tr\/wp-content\/uploads\/2023\/09\/Inyod-marka591x591-e1695265459802.jpg","width":591,"height":254,"caption":"Inyod"},"image":{"@id":"https:\/\/inyod.com.tr\/en\/#\/schema\/logo\/image\/"},"sameAs":["https:\/\/www.facebook.com\/inyod","https:\/\/twitter.com\/inyodcom","https:\/\/www.instagram.com\/inyodcom"]}]}},"_links":{"self":[{"href":"https:\/\/inyod.com.tr\/de\/wp-json\/wp\/v2\/product\/2584","targetHints":{"allow":["GET"]}}],"collection":[{"href":"https:\/\/inyod.com.tr\/de\/wp-json\/wp\/v2\/product"}],"about":[{"href":"https:\/\/inyod.com.tr\/de\/wp-json\/wp\/v2\/types\/product"}],"wp:featuredmedia":[{"embeddable":true,"href":"https:\/\/inyod.com.tr\/de\/wp-json\/wp\/v2\/media\/1523"}],"wp:attachment":[{"href":"https:\/\/inyod.com.tr\/de\/wp-json\/wp\/v2\/media?parent=2584"}],"wp:term":[{"taxonomy":"product_brand","embeddable":true,"href":"https:\/\/inyod.com.tr\/de\/wp-json\/wp\/v2\/product_brand?post=2584"},{"taxonomy":"product_cat","embeddable":true,"href":"https:\/\/inyod.com.tr\/de\/wp-json\/wp\/v2\/product_cat?post=2584"},{"taxonomy":"product_tag","embeddable":true,"href":"https:\/\/inyod.com.tr\/de\/wp-json\/wp\/v2\/product_tag?post=2584"}],"curies":[{"name":"wp","href":"https:\/\/api.w.org\/{rel}","templated":true}]}}