{"id":2589,"date":"2023-10-18T20:59:10","date_gmt":"2023-10-18T12:59:10","guid":{"rendered":"http:\/\/inyod.com.tr\/?post_type=product&#038;p=2589"},"modified":"2023-10-18T21:11:36","modified_gmt":"2023-10-18T13:11:36","slug":"iny-p-xl-xenon-lamp","status":"publish","type":"product","link":"https:\/\/inyod.com.tr\/de\/produkt\/iny-p-xl-xenon-lamp\/","title":{"rendered":"INY-P-XL Xenonlampe"},"content":{"rendered":"<p><span style=\"color: #000000;\">Die Xenon-Laserlampe von INYOD zeichnet sich durch hohe Belastung, hohe Effizienz, gute Strahlqualit\u00e4t und lange Lebensdauer aus. Die Laser-Xenonlampe wird durch die vom Netzteil erzeugte Hochspannung gez\u00fcndet und gibt je nach Gr\u00f6\u00dfe des Netzteilstroms unterschiedliche Energie ab. Daher sollte die Xenonlampe regelm\u00e4\u00dfig ausgetauscht werden und die allgemeine Lebensdauer betr\u00e4gt etwa 10 Millionen Mal. Wenn die Leistung des Nd:YAG-Lasers erheblich geschw\u00e4cht ist oder die Xenonlampe schwer zu z\u00fcnden ist, sollten Sie erw\u00e4gen, sie durch eine neue Xenonlampe zu ersetzen.<\/span><\/p>\n<p>&nbsp;<\/p>\n<h5><span style=\"color: #000000;\"><span style=\"color: #2f5496;\">Spezifikation<\/span><\/span><\/h5>\n<table width=\"773\">\n<tbody>\n<tr>\n<td width=\"145\">MODELL<\/td>\n<td width=\"74\">Typ<\/td>\n<td width=\"102\">La Bogenl\u00e4nge \/mm<\/td>\n<td width=\"130\">Pfund K\u00f6rperl\u00e4nge \/ mm<\/td>\n<td width=\"120\">L. Gesamtl\u00e4nge \/mm<\/td>\n<td width=\"85\">D Lampen-Au\u00dfendurchmesser \/ mm<\/td>\n<td width=\"77\">Lampenbohrung \/mm<\/td>\n<td width=\"41\">dxl<\/td>\n<\/tr>\n<tr>\n<td width=\"145\">XL-X005075140<\/td>\n<td width=\"74\">X5x75x140<\/td>\n<td width=\"102\">75<\/td>\n<td width=\"130\">130<\/td>\n<td width=\"120\">140<\/td>\n<td width=\"85\">5<\/td>\n<td width=\"77\">4<\/td>\n<td width=\"41\">3&#215;5<\/td>\n<\/tr>\n<tr>\n<td width=\"145\">XL-X007070150<\/td>\n<td width=\"74\">X7x70x150<\/td>\n<td width=\"102\">70<\/td>\n<td width=\"130\">140<\/td>\n<td width=\"120\">150<\/td>\n<td width=\"85\">7<\/td>\n<td width=\"77\">5<\/td>\n<td width=\"41\">4&#215;5<\/td>\n<\/tr>\n<tr>\n<td width=\"145\">XL-X007100210<\/td>\n<td width=\"74\">X7x100x210<\/td>\n<td width=\"102\">100<\/td>\n<td width=\"130\">194<\/td>\n<td width=\"120\">210<\/td>\n<td width=\"85\">7<\/td>\n<td width=\"77\">5<\/td>\n<td width=\"41\">4&#215;8<\/td>\n<\/tr>\n<tr>\n<td width=\"145\">XL-X007100186<\/td>\n<td width=\"74\">X7x100x186<\/td>\n<td width=\"102\">100<\/td>\n<td width=\"130\">170<\/td>\n<td width=\"120\">186<\/td>\n<td width=\"85\">7<\/td>\n<td width=\"77\">5<\/td>\n<td width=\"41\">4&#215;8<\/td>\n<\/tr>\n<tr>\n<td width=\"145\">XL-X008090220<\/td>\n<td width=\"74\">X8x90x220<\/td>\n<td width=\"102\">90<\/td>\n<td width=\"130\">204<\/td>\n<td width=\"120\">220<\/td>\n<td width=\"85\">8<\/td>\n<td width=\"77\">6<\/td>\n<td width=\"41\">5&#215;8<\/td>\n<\/tr>\n<tr>\n<td width=\"145\">XL-X008100230<\/td>\n<td width=\"74\">X8x100x230<\/td>\n<td width=\"102\">100<\/td>\n<td width=\"130\">214<\/td>\n<td width=\"120\">230<\/td>\n<td width=\"85\">8<\/td>\n<td width=\"77\">6<\/td>\n<td width=\"41\">5&#215;8<\/td>\n<\/tr>\n<tr>\n<td width=\"145\">XL-X008100250<\/td>\n<td width=\"74\">X8x100x250<\/td>\n<td width=\"102\">100<\/td>\n<td width=\"130\">234<\/td>\n<td width=\"120\">250<\/td>\n<td width=\"85\">8<\/td>\n<td width=\"77\">6<\/td>\n<td width=\"41\">5&#215;8<\/td>\n<\/tr>\n<tr>\n<td width=\"145\">XL-X008100288<\/td>\n<td width=\"74\">X8x100x288<\/td>\n<td width=\"102\">100<\/td>\n<td width=\"130\">268<\/td>\n<td width=\"120\">288<\/td>\n<td width=\"85\">8<\/td>\n<td width=\"77\">6<\/td>\n<td width=\"41\">5&#215;10<\/td>\n<\/tr>\n<tr>\n<td width=\"145\">XL-X008120240<\/td>\n<td width=\"74\">X8x120x240<\/td>\n<td width=\"102\">120<\/td>\n<td width=\"130\">224<\/td>\n<td width=\"120\">240<\/td>\n<td width=\"85\">8<\/td>\n<td width=\"77\">6<\/td>\n<td width=\"41\">5&#215;8<\/td>\n<\/tr>\n<tr>\n<td width=\"145\">XL-X008120260<\/td>\n<td width=\"74\">X8x120x260<\/td>\n<td width=\"102\">120<\/td>\n<td width=\"130\">244<\/td>\n<td width=\"120\">260<\/td>\n<td width=\"85\">8<\/td>\n<td width=\"77\">6<\/td>\n<td width=\"41\">5&#215;8<\/td>\n<\/tr>\n<tr>\n<td width=\"145\">XL-X008140280<\/td>\n<td width=\"74\">X8x140x280<\/td>\n<td width=\"102\">140<\/td>\n<td width=\"130\">264<\/td>\n<td width=\"120\">280<\/td>\n<td width=\"85\">8<\/td>\n<td width=\"77\">6<\/td>\n<td width=\"41\">5&#215;8<\/td>\n<\/tr>\n<tr>\n<td width=\"145\">XL-X008150297<\/td>\n<td width=\"74\">X8x150x297<\/td>\n<td width=\"102\">150<\/td>\n<td width=\"130\">277<\/td>\n<td width=\"120\">297<\/td>\n<td width=\"85\">8<\/td>\n<td width=\"77\">6<\/td>\n<td width=\"41\">5&#215;10<\/td>\n<\/tr>\n<tr>\n<td width=\"145\">XL-X009130264<\/td>\n<td width=\"74\">X9x130x264<\/td>\n<td width=\"102\">130<\/td>\n<td width=\"130\">248<\/td>\n<td width=\"120\">264<\/td>\n<td width=\"85\">9<\/td>\n<td width=\"77\">7<\/td>\n<td width=\"41\">6&#215;8<\/td>\n<\/tr>\n<tr>\n<td width=\"145\">XL-X009280390<\/td>\n<td width=\"74\">X9x280x390<\/td>\n<td width=\"102\">280<\/td>\n<td width=\"130\">374<\/td>\n<td width=\"120\">390<\/td>\n<td width=\"85\">9<\/td>\n<td width=\"77\">7<\/td>\n<td width=\"41\">6&#215;8<\/td>\n<\/tr>\n<tr>\n<td width=\"145\">XL-X010045125<\/td>\n<td width=\"74\">X10x45x125<\/td>\n<td width=\"102\">45<\/td>\n<td width=\"130\">115<\/td>\n<td width=\"120\">125<\/td>\n<td width=\"85\">10<\/td>\n<td width=\"77\">8<\/td>\n<td width=\"41\">6.5&#215;5<\/td>\n<\/tr>\n<\/tbody>\n<\/table>","protected":false},"excerpt":{"rendered":"<h5><span style=\"color: #000000;\"><span style=\"color: #2f5496;\">Einf\u00fchrung<\/span><\/span><\/h5>\n<p><span style=\"color: #000000;\">Die Inyod-Xenonlampe besteht aus hochwertigem UV-filterndem Quarzglas und verwendet Reserveemitterelektroden. Es wird auch Laser-Xenon-Lampe, Puls-Xenon-Lampe, Xenon-Lampe, Laserr\u00f6hre, Laserschwei\u00df-Xenon-Lampe, Xenon-R\u00f6hre, YAG-Laser-Xenon-Lampe, Photonen-Xenon-Lampe genannt.<\/span><\/p>\n<h5><span style=\"color: #000000;\"><span style=\"color: #2f5496;\">Anwendungsbereich<\/span><\/span><\/h5>\n<p>Die Inyod-Xenonlampe ist eine vielseitige und robuste Komponente, die wahrscheinlich in einer Reihe industrieller, medizinischer oder wissenschaftlicher Anwendungen Verwendung findet, die intensive und pr\u00e4zise gesteuerte Lichtquellen erfordern. Spezifische Anwendungen k\u00f6nnen je nach den Spezifikationen der Lampe, einschlie\u00dflich Intensit\u00e4t, Wellenl\u00e4ngenbereich, variieren. und Pulsdauer.<\/p>\n<ol>\n<li><strong>Lasersysteme<\/strong>: Die Lampe k\u00f6nnte als Lichtquelle in verschiedenen Lasersystemen verwendet werden, darunter medizinische Laser f\u00fcr Verfahren wie Dermatologie, Augenheilkunde und Chirurgie sowie Industrielaser zum Schneiden, Schwei\u00dfen und Gravieren.<\/li>\n<li><strong>Phototherapie<\/strong>: Es k\u00f6nnte in medizinischen Anwendungen wie der Phototherapie bei Hauterkrankungen wie Psoriasis oder bei der Behandlung von Gelbsucht bei Neugeborenen Verwendung finden.<\/li>\n<li><strong>Wissenschaftliche Forschung<\/strong>: Die Lampe k\u00f6nnte in Laboratorien f\u00fcr Experimente verwendet werden, die intensive Lichtquellen erfordern, wie etwa Spektroskopie, Materialwissenschaften und Plasmaphysik.<\/li>\n<li><strong>Industrieller Prozess<\/strong>: In der Fertigung k\u00f6nnte es f\u00fcr Prozesse eingesetzt werden, die intensives Licht erfordern, etwa zum Aush\u00e4rten von Beschichtungen oder zur Durchf\u00fchrung von Hochgeschwindigkeitsinspektionen.<\/li>\n<li><strong>Fotolithographie<\/strong>: In der Halbleiterfertigung werden Xenonlampen als Lichtquellen in Fotolithografieger\u00e4ten zur Erzeugung von Mustern auf Siliziumwafern verwendet.<\/li>\n<li><strong>Medizinische Bildgebung<\/strong>: Es k\u00f6nnte in medizinischen Bildgebungstechnologien wie der Fluoroskopie eingesetzt werden, wo intensive, kurze Lichtst\u00f6\u00dfe erforderlich sind.<\/li>\n<li><strong>Unterhaltung und Projektion<\/strong>: Xenonlampen werden in High-End-Projektoren f\u00fcr Kinos, Veranstaltungen und Gro\u00dfpr\u00e4sentationen verwendet.<\/li>\n<li><strong>Beleuchtungssimulation<\/strong>: In Bereichen wie Automobildesign, Luft- und Raumfahrt und Architektur k\u00f6nnen Xenonlampen zur Simulation von Sonnenlicht zu Testzwecken eingesetzt werden.<\/li>\n<li><strong>Diagnose und Tests<\/strong>: In Bereichen wie der zerst\u00f6rungsfreien Pr\u00fcfung (NDT) oder der Qualit\u00e4tskontrolle werden intensive Lichtquellen verwendet, um Materialien auf Fehler oder Defekte zu pr\u00fcfen.<\/li>\n<li><strong>\u00c4sthetische Eingriffe<\/strong>: In der kosmetischen Dermatologie k\u00f6nnen bei Behandlungen mit intensivem gepulstem Licht (IPL) f\u00fcr Verfahren wie Haarentfernung und Hautverj\u00fcngung Xenonlampen als Lichtquelle verwendet werden.<\/li>\n<\/ol>","protected":false},"featured_media":1535,"template":"","meta":{"_acf_changed":false},"product_brand":[],"product_cat":[230],"product_tag":[249],"class_list":{"0":"post-2589","1":"product","2":"type-product","3":"status-publish","4":"has-post-thumbnail","6":"product_cat-consumables","7":"product_tag-consumables","9":"first","10":"instock","11":"shipping-taxable","12":"product-type-simple"},"acf":[],"yoast_head":"<!-- This site is optimized with the Yoast SEO Premium plugin v20.13 (Yoast SEO v20.13) - https:\/\/yoast.com\/wordpress\/plugins\/seo\/ -->\n<title>INY-P-XL Xenon Lamp - Inyod Laser Machine Technology<\/title>\n<meta name=\"robots\" content=\"index, follow, max-snippet:-1, max-image-preview:large, max-video-preview:-1\" \/>\n<link rel=\"canonical\" href=\"https:\/\/inyod.com.tr\/de\/produkt\/iny-p-xl-xenon-lamp\/\" \/>\n<meta property=\"og:locale\" content=\"de_DE\" \/>\n<meta property=\"og:type\" content=\"article\" \/>\n<meta property=\"og:title\" content=\"INY-P-XL Xenon Lamp\" \/>\n<meta property=\"og:description\" content=\"Introduction Inyod xenon lamp is made of high-quality UV-filtering quartz glass, and it uses reserve emitter electrodes. It is also called Laser xenon lamp, pulse xenon lamp, xenon lamp, laser tube, laser welding xenon lamp, xenon tube, YAG laser xenon lamp, photon xenon lamp. Application Scope Inyod xenon lamp is a versatile and robust component, likely finding use in a range of industrial, medical, or scientific applications that require intense and precisely controlled light sources,specific applications may vary depending on the lamp&#039;s specifications, including its intensity, wavelength range, and pulse duration.   Laser Systems: The lamp could be used as a light source in various laser systems, including medical lasers for procedures like dermatology, ophthalmology, and surgery, as well as industrial lasers for cutting, welding, and engraving.  Phototherapy: It might find use in medical applications such as phototherapy for skin conditions like psoriasis or in the treatment of jaundice in newborns.  Scientific Research: The lamp could be used in laboratories for experiments that require intense light sources, such as spectroscopy, materials science, and plasma physics.  Industrial Processes: In manufacturing, it could be used for processes that require intense light, such as curing coatings or performing high-speed inspections.  Photolithography: In semiconductor manufacturing, xenon lamps are used as light sources in photolithography equipment for creating patterns on silicon wafers.  Medical Imaging: It might be used in medical imaging technologies like fluoroscopy, where intense, short bursts of light are needed.  Entertainment and Projection: Xenon lamps are used in high-end projectors for cinema, events, and large-scale presentations.  Lighting Simulation: In fields like automotive design, aerospace, and architecture, xenon lamps can be used to simulate sunlight for testing purposes.  Diagnostics and Testing: In fields like non-destructive testing (NDT) or quality control, intense light sources are used to inspect materials for flaws or defects.  Aesthetic Procedures: In cosmetic dermatology, intense pulsed light (IPL) treatments for procedures like hair removal and skin rejuvenation may use xenon lamps as a light source.\" \/>\n<meta property=\"og:url\" content=\"https:\/\/inyod.com.tr\/de\/produkt\/iny-p-xl-xenon-lamp\/\" \/>\n<meta property=\"og:site_name\" content=\"Inyod Laser Machine Technology\" \/>\n<meta property=\"article:publisher\" content=\"https:\/\/www.facebook.com\/inyod\" \/>\n<meta property=\"article:modified_time\" content=\"2023-10-18T13:11:36+00:00\" \/>\n<meta property=\"og:image\" content=\"https:\/\/inyod.com.tr\/wp-content\/uploads\/2023\/09\/INY-P-XL-Xenon-Lamp.jpg\" \/>\n\t<meta property=\"og:image:width\" content=\"300\" \/>\n\t<meta property=\"og:image:height\" content=\"300\" \/>\n\t<meta property=\"og:image:type\" content=\"image\/jpeg\" \/>\n<meta name=\"twitter:card\" content=\"summary_large_image\" \/>\n<meta name=\"twitter:site\" content=\"@inyodcom\" \/>\n<meta name=\"twitter:label1\" content=\"Gesch\u00e4tzte Lesezeit\" \/>\n\t<meta name=\"twitter:data1\" content=\"1\u00a0Minute\" \/>\n<script type=\"application\/ld+json\" class=\"yoast-schema-graph\">{\"@context\":\"https:\/\/schema.org\",\"@graph\":[{\"@type\":\"WebPage\",\"@id\":\"https:\/\/inyod.com.tr\/en\/product\/iny-p-xl-xenon-lamp\/\",\"url\":\"https:\/\/inyod.com.tr\/en\/product\/iny-p-xl-xenon-lamp\/\",\"name\":\"INY-P-XL Xenon Lamp - Inyod Laser Machine Technology\",\"isPartOf\":{\"@id\":\"https:\/\/inyod.com.tr\/en\/#website\"},\"datePublished\":\"2023-10-18T12:59:10+00:00\",\"dateModified\":\"2023-10-18T13:11:36+00:00\",\"breadcrumb\":{\"@id\":\"https:\/\/inyod.com.tr\/en\/product\/iny-p-xl-xenon-lamp\/#breadcrumb\"},\"inLanguage\":\"de\",\"potentialAction\":[{\"@type\":\"ReadAction\",\"target\":[\"https:\/\/inyod.com.tr\/en\/product\/iny-p-xl-xenon-lamp\/\"]}]},{\"@type\":\"BreadcrumbList\",\"@id\":\"https:\/\/inyod.com.tr\/en\/product\/iny-p-xl-xenon-lamp\/#breadcrumb\",\"itemListElement\":[{\"@type\":\"ListItem\",\"position\":1,\"name\":\"Home\",\"item\":\"https:\/\/inyod.com.tr\/en\/\"},{\"@type\":\"ListItem\",\"position\":2,\"name\":\"Products\",\"item\":\"https:\/\/inyod.com.tr\/en\/products\/\"},{\"@type\":\"ListItem\",\"position\":3,\"name\":\"INY-P-XL Xenon Lamp\"}]},{\"@type\":\"WebSite\",\"@id\":\"https:\/\/inyod.com.tr\/en\/#website\",\"url\":\"https:\/\/inyod.com.tr\/en\/\",\"name\":\"Inyod Machine Technology\",\"description\":\"Inyod Technology\",\"publisher\":{\"@id\":\"https:\/\/inyod.com.tr\/en\/#organization\"},\"alternateName\":\"Machine Technology\",\"potentialAction\":[{\"@type\":\"SearchAction\",\"target\":{\"@type\":\"EntryPoint\",\"urlTemplate\":\"https:\/\/inyod.com.tr\/en\/?s={search_term_string}\"},\"query-input\":\"required name=search_term_string\"}],\"inLanguage\":\"de\"},{\"@type\":\"Organization\",\"@id\":\"https:\/\/inyod.com.tr\/en\/#organization\",\"name\":\"Inyod\",\"url\":\"https:\/\/inyod.com.tr\/en\/\",\"logo\":{\"@type\":\"ImageObject\",\"inLanguage\":\"de\",\"@id\":\"https:\/\/inyod.com.tr\/en\/#\/schema\/logo\/image\/\",\"url\":\"https:\/\/inyod.com.tr\/wp-content\/uploads\/2023\/09\/Inyod-marka591x591-e1695265459802.jpg\",\"contentUrl\":\"https:\/\/inyod.com.tr\/wp-content\/uploads\/2023\/09\/Inyod-marka591x591-e1695265459802.jpg\",\"width\":591,\"height\":254,\"caption\":\"Inyod\"},\"image\":{\"@id\":\"https:\/\/inyod.com.tr\/en\/#\/schema\/logo\/image\/\"},\"sameAs\":[\"https:\/\/www.facebook.com\/inyod\",\"https:\/\/twitter.com\/inyodcom\",\"https:\/\/www.instagram.com\/inyodcom\"]}]}<\/script>\n<!-- \/ Yoast SEO Premium plugin. -->","yoast_head_json":{"title":"INY-P-XL Xenon Lamp - Inyod Laser Machine Technology","robots":{"index":"index","follow":"follow","max-snippet":"max-snippet:-1","max-image-preview":"max-image-preview:large","max-video-preview":"max-video-preview:-1"},"canonical":"https:\/\/inyod.com.tr\/de\/produkt\/iny-p-xl-xenon-lamp\/","og_locale":"de_DE","og_type":"article","og_title":"INY-P-XL Xenon Lamp","og_description":"Introduction Inyod xenon lamp is made of high-quality UV-filtering quartz glass, and it uses reserve emitter electrodes. It is also called Laser xenon lamp, pulse xenon lamp, xenon lamp, laser tube, laser welding xenon lamp, xenon tube, YAG laser xenon lamp, photon xenon lamp. Application Scope Inyod xenon lamp is a versatile and robust component, likely finding use in a range of industrial, medical, or scientific applications that require intense and precisely controlled light sources,specific applications may vary depending on the lamp's specifications, including its intensity, wavelength range, and pulse duration.   Laser Systems: The lamp could be used as a light source in various laser systems, including medical lasers for procedures like dermatology, ophthalmology, and surgery, as well as industrial lasers for cutting, welding, and engraving.  Phototherapy: It might find use in medical applications such as phototherapy for skin conditions like psoriasis or in the treatment of jaundice in newborns.  Scientific Research: The lamp could be used in laboratories for experiments that require intense light sources, such as spectroscopy, materials science, and plasma physics.  Industrial Processes: In manufacturing, it could be used for processes that require intense light, such as curing coatings or performing high-speed inspections.  Photolithography: In semiconductor manufacturing, xenon lamps are used as light sources in photolithography equipment for creating patterns on silicon wafers.  Medical Imaging: It might be used in medical imaging technologies like fluoroscopy, where intense, short bursts of light are needed.  Entertainment and Projection: Xenon lamps are used in high-end projectors for cinema, events, and large-scale presentations.  Lighting Simulation: In fields like automotive design, aerospace, and architecture, xenon lamps can be used to simulate sunlight for testing purposes.  Diagnostics and Testing: In fields like non-destructive testing (NDT) or quality control, intense light sources are used to inspect materials for flaws or defects.  Aesthetic Procedures: In cosmetic dermatology, intense pulsed light (IPL) treatments for procedures like hair removal and skin rejuvenation may use xenon lamps as a light source.","og_url":"https:\/\/inyod.com.tr\/de\/produkt\/iny-p-xl-xenon-lamp\/","og_site_name":"Inyod Laser Machine Technology","article_publisher":"https:\/\/www.facebook.com\/inyod","article_modified_time":"2023-10-18T13:11:36+00:00","og_image":[{"width":300,"height":300,"url":"https:\/\/inyod.com.tr\/wp-content\/uploads\/2023\/09\/INY-P-XL-Xenon-Lamp.jpg","type":"image\/jpeg"}],"twitter_card":"summary_large_image","twitter_site":"@inyodcom","twitter_misc":{"Gesch\u00e4tzte Lesezeit":"1\u00a0Minute"},"schema":{"@context":"https:\/\/schema.org","@graph":[{"@type":"WebPage","@id":"https:\/\/inyod.com.tr\/en\/product\/iny-p-xl-xenon-lamp\/","url":"https:\/\/inyod.com.tr\/en\/product\/iny-p-xl-xenon-lamp\/","name":"INY-P-XL Xenon Lamp - Inyod Laser Machine Technology","isPartOf":{"@id":"https:\/\/inyod.com.tr\/en\/#website"},"datePublished":"2023-10-18T12:59:10+00:00","dateModified":"2023-10-18T13:11:36+00:00","breadcrumb":{"@id":"https:\/\/inyod.com.tr\/en\/product\/iny-p-xl-xenon-lamp\/#breadcrumb"},"inLanguage":"de","potentialAction":[{"@type":"ReadAction","target":["https:\/\/inyod.com.tr\/en\/product\/iny-p-xl-xenon-lamp\/"]}]},{"@type":"BreadcrumbList","@id":"https:\/\/inyod.com.tr\/en\/product\/iny-p-xl-xenon-lamp\/#breadcrumb","itemListElement":[{"@type":"ListItem","position":1,"name":"Home","item":"https:\/\/inyod.com.tr\/en\/"},{"@type":"ListItem","position":2,"name":"Products","item":"https:\/\/inyod.com.tr\/en\/products\/"},{"@type":"ListItem","position":3,"name":"INY-P-XL Xenon Lamp"}]},{"@type":"WebSite","@id":"https:\/\/inyod.com.tr\/en\/#website","url":"https:\/\/inyod.com.tr\/en\/","name":"Inyod Machine Technology","description":"Inyod Technology","publisher":{"@id":"https:\/\/inyod.com.tr\/en\/#organization"},"alternateName":"Machine Technology","potentialAction":[{"@type":"SearchAction","target":{"@type":"EntryPoint","urlTemplate":"https:\/\/inyod.com.tr\/en\/?s={search_term_string}"},"query-input":"required name=search_term_string"}],"inLanguage":"de"},{"@type":"Organization","@id":"https:\/\/inyod.com.tr\/en\/#organization","name":"Inyod","url":"https:\/\/inyod.com.tr\/en\/","logo":{"@type":"ImageObject","inLanguage":"de","@id":"https:\/\/inyod.com.tr\/en\/#\/schema\/logo\/image\/","url":"https:\/\/inyod.com.tr\/wp-content\/uploads\/2023\/09\/Inyod-marka591x591-e1695265459802.jpg","contentUrl":"https:\/\/inyod.com.tr\/wp-content\/uploads\/2023\/09\/Inyod-marka591x591-e1695265459802.jpg","width":591,"height":254,"caption":"Inyod"},"image":{"@id":"https:\/\/inyod.com.tr\/en\/#\/schema\/logo\/image\/"},"sameAs":["https:\/\/www.facebook.com\/inyod","https:\/\/twitter.com\/inyodcom","https:\/\/www.instagram.com\/inyodcom"]}]}},"_links":{"self":[{"href":"https:\/\/inyod.com.tr\/de\/wp-json\/wp\/v2\/product\/2589","targetHints":{"allow":["GET"]}}],"collection":[{"href":"https:\/\/inyod.com.tr\/de\/wp-json\/wp\/v2\/product"}],"about":[{"href":"https:\/\/inyod.com.tr\/de\/wp-json\/wp\/v2\/types\/product"}],"wp:featuredmedia":[{"embeddable":true,"href":"https:\/\/inyod.com.tr\/de\/wp-json\/wp\/v2\/media\/1535"}],"wp:attachment":[{"href":"https:\/\/inyod.com.tr\/de\/wp-json\/wp\/v2\/media?parent=2589"}],"wp:term":[{"taxonomy":"product_brand","embeddable":true,"href":"https:\/\/inyod.com.tr\/de\/wp-json\/wp\/v2\/product_brand?post=2589"},{"taxonomy":"product_cat","embeddable":true,"href":"https:\/\/inyod.com.tr\/de\/wp-json\/wp\/v2\/product_cat?post=2589"},{"taxonomy":"product_tag","embeddable":true,"href":"https:\/\/inyod.com.tr\/de\/wp-json\/wp\/v2\/product_tag?post=2589"}],"curies":[{"name":"wp","href":"https:\/\/api.w.org\/{rel}","templated":true}]}}