{"id":2591,"date":"2023-10-18T21:13:07","date_gmt":"2023-10-18T13:13:07","guid":{"rendered":"http:\/\/inyod.com.tr\/?post_type=product&#038;p=2591"},"modified":"2023-12-29T14:30:07","modified_gmt":"2023-12-29T06:30:07","slug":"iny-p-om-optical-mirror","status":"publish","type":"product","link":"https:\/\/inyod.com.tr\/de\/produkt\/iny-p-om-optical-mirror\/","title":{"rendered":"Optischer INY-P-OM-Spiegel"},"content":{"rendered":"<p>Schutzspiegel k\u00f6nnen Sch\u00e4den an der Fokuslinse verhindern, die Lebensdauer von Lasermaschinen verl\u00e4ngern und die Wartungskosten senken. Die AR-Beschichtung auf der Oberfl\u00e4che ist entsprechend der Wellenl\u00e4nge von Lasermaschinen ausgelegt. F\u00fcr unterschiedliche Anwendungen gibt es in den Spezifikationen unterschiedliche Auswahlm\u00f6glichkeiten, die entsprechend den spezifischen Anforderungen des Benutzers festgelegt werden m\u00fcssen. Cooper-, Silizium-, Hohlraum- und Aluminiumspiegel<\/p>\n<h5><span style=\"color: #000000;\"><span style=\"color: #2f5496;\">Verf\u00fcgbare Typen\u00a0<\/span><\/span><\/h5>\n<ul>\n<li><strong>Schutzspiegel<\/strong>: Diese Spiegel sind so konzipiert, dass sie den rauen Bedingungen der Laserbearbeitung standhalten. Sie verf\u00fcgen h\u00e4ufig \u00fcber Beschichtungen oder Materialien, die Hitze, Schmutz und anderen potenziellen Schadensquellen widerstehen k\u00f6nnen.<\/li>\n<li><strong>Totalreflektierende Spiegel (Hochreflektoren)<\/strong>: Diese Spiegel sind so konzipiert, dass sie nahezu das gesamte einfallende Licht \u00fcber einen bestimmten Wellenl\u00e4ngenbereich reflektieren. Sie werden dort eingesetzt, wo maximale Reflexion erforderlich ist.<\/li>\n<li><strong>Halbreflektierende Spiegel (Ausgangskoppler)<\/strong>: Diese Spiegel reflektieren einen Teil des einfallenden Lichts und lassen einen Teil durch. Sie werden in Anwendungen wie Laserkavit\u00e4ten eingesetzt, bei denen ein Teil des Laserlichts zur Ausgabe extrahiert wird.<\/li>\n<\/ul>\n<h5><span style=\"color: #000000;\"><span style=\"color: #2f5496;\">Merkmale<\/span><\/span><\/h5>\n<ul>\n<li>Exzellente Qualit\u00e4t<\/li>\n<li>H\u00f6chste Zuverl\u00e4ssigkeit<\/li>\n<li>Eigene Entwicklungsabteilung<\/li>\n<li>Fertigung nach Kundenvorgaben<\/li>\n<li>Schnelle Lieferung<\/li>\n<li>Metallische und dielektrische Beschichtungen<\/li>\n<li>Verwendung hochwertiger Materialien<\/li>\n<li>Planspiegel und Kugeln erh\u00e4ltlich<\/li>\n<\/ul>\n<p><span style=\"color: #000000;\"> Optische Laserspiegel von Inyod sind wichtige Komponenten in verschiedenen Laserbearbeitungsanwendungen, einschlie\u00dflich Markieren, Gravieren, Schwei\u00dfen und Schneiden. Sie sind so konzipiert, dass sie den Anforderungen intensiver Lasernutzung standhalten und eine pr\u00e4zise Kontrolle \u00fcber Richtung und Fokus des Laserstrahls erm\u00f6glichen. Dies macht sie zu unverzichtbaren Werkzeugen in Branchen, in denen Lasertechnologie f\u00fcr vielf\u00e4ltige Anwendungen eingesetzt wird.<\/span><\/p>","protected":false},"excerpt":{"rendered":"<h5><span style=\"color: #000000;\"><span style=\"color: #2f5496;\">Einf\u00fchrung<\/span><\/span><\/h5>\n<p><span style=\"color: #000000;\">Optische Laserspiegel von Inyod sind so konzipiert, dass sie Licht f\u00fcr eine Vielzahl von Anwendungen reflektieren, darunter Lasermarkierung, Lasergravur, Laserschwei\u00dfen und Laserschneiden. Schutzspiegel, totalreflektierende Spiegel und halbreflektierende Spiegel werden h\u00e4ufig in Laserger\u00e4ten eingesetzt. <\/span><\/p>\n<h5><span style=\"color: #000000;\"><span style=\"color: #2f5496;\">Anwendungsbereich<\/span><\/span><\/h5>\n<p><span style=\"color: #000000;\">\u00a0Optische Laserspiegel von Inyod wurden speziell f\u00fcr die effiziente Reflexion von Laserlicht entwickelt. Diese Eigenschaft ist von entscheidender Bedeutung bei Anwendungen, bei denen eine pr\u00e4zise Steuerung und Manipulation von Laserstrahlen erforderlich ist.<\/span><\/p>\n<ul>\n<li><strong>Laserbeschriftung<\/strong>: In Lasermarkierungssystemen verwendete Spiegel reflektieren den Laserstrahl, um Markierungen auf verschiedenen Materialien zu erzeugen. Dies wird in der Industrie h\u00e4ufig zur Produktkennzeichnung und -identifizierung verwendet.<\/li>\n<li><strong>Laser-Gravur<\/strong>: Spiegel spielen eine entscheidende Rolle bei der Ausrichtung des Laserstrahls, um bei Lasergravuranwendungen Designs, Muster oder Text auf Materialien wie Metall, Holz oder Acryl zu \u00e4tzen.<\/li>\n<li><strong>Laserschwei\u00dfen<\/strong>: Bei Laserschwei\u00dfprozessen helfen Spiegel dabei, den Laserstrahl auf den Schwei\u00dfbereich zu lenken und zu fokussieren, wodurch eine genaue und effiziente Verbindung von Materialien gew\u00e4hrleistet wird.<\/li>\n<li><strong>Laser schneiden<\/strong>: Spiegel sind in Laserschneidsystemen von entscheidender Bedeutung, da sie den Laserstrahl so umlenken, dass er pr\u00e4zise durch Materialien wie Metall, Kunststoff oder Stoff schneidet.<\/li>\n<\/ul>","protected":false},"featured_media":1534,"template":"","meta":{"_acf_changed":false},"product_brand":[],"product_cat":[230],"product_tag":[249],"class_list":{"0":"post-2591","1":"product","2":"type-product","3":"status-publish","4":"has-post-thumbnail","6":"product_cat-consumables","7":"product_tag-consumables","9":"first","10":"instock","11":"featured","12":"shipping-taxable","13":"product-type-simple"},"acf":[],"yoast_head":"<!-- This site is optimized with the Yoast SEO Premium plugin v20.13 (Yoast SEO v20.13) - https:\/\/yoast.com\/wordpress\/plugins\/seo\/ -->\n<title>INY-P-OM Optical Mirror - Inyod Laser Machine Technology<\/title>\n<meta name=\"robots\" content=\"index, follow, max-snippet:-1, max-image-preview:large, max-video-preview:-1\" \/>\n<link rel=\"canonical\" href=\"https:\/\/inyod.com.tr\/de\/produkt\/iny-p-om-optical-mirror\/\" \/>\n<meta property=\"og:locale\" content=\"de_DE\" \/>\n<meta property=\"og:type\" content=\"article\" \/>\n<meta property=\"og:title\" content=\"INY-P-OM Optical Mirror\" \/>\n<meta property=\"og:description\" content=\"Introduction Inyod Laser Optical Mirrors are designed to reflect light for a variety of applications, including laser marking, laser engraving, laser welding and laser cutting. Protective mirrors, totally reflecting mirror, semi-reflective mirrors are popular applied in laser equipment\u2019s.  Application Scope \u00a0Inyod Laser Optical Mirrors are specifically designed to efficiently reflect laser light. This property is crucial in applications where precise control and manipulation of laser beams are required.   Laser Marking: Mirrors used in laser marking systems reflect the laser beam to create markings on various materials. This is commonly used in industries for product labeling and identification.  Laser Engraving: Mirrors play a crucial role in directing the laser beam to etch designs, patterns, or text onto materials like metal, wood, or acrylic in laser engraving applications.  Laser Welding: In laser welding processes, mirrors help guide and focus the laser beam onto the welding area, ensuring accurate and efficient joining of materials.  Laser Cutting: Mirrors are vital in laser cutting systems, redirecting the laser beam to precisely cut through materials like metal, plastic, or fabric.\" \/>\n<meta property=\"og:url\" content=\"https:\/\/inyod.com.tr\/de\/produkt\/iny-p-om-optical-mirror\/\" \/>\n<meta property=\"og:site_name\" content=\"Inyod Laser Machine Technology\" \/>\n<meta property=\"article:publisher\" content=\"https:\/\/www.facebook.com\/inyod\" \/>\n<meta property=\"article:modified_time\" content=\"2023-12-29T06:30:07+00:00\" \/>\n<meta property=\"og:image\" content=\"https:\/\/inyod.com.tr\/wp-content\/uploads\/2023\/09\/INY-P-OM-Optical-Mirror.jpg\" \/>\n\t<meta property=\"og:image:width\" content=\"300\" \/>\n\t<meta property=\"og:image:height\" content=\"300\" \/>\n\t<meta property=\"og:image:type\" content=\"image\/jpeg\" \/>\n<meta name=\"twitter:card\" content=\"summary_large_image\" \/>\n<meta name=\"twitter:site\" content=\"@inyodcom\" \/>\n<meta name=\"twitter:label1\" content=\"Gesch\u00e4tzte Lesezeit\" \/>\n\t<meta name=\"twitter:data1\" content=\"1\u00a0Minute\" \/>\n<script type=\"application\/ld+json\" class=\"yoast-schema-graph\">{\"@context\":\"https:\/\/schema.org\",\"@graph\":[{\"@type\":\"WebPage\",\"@id\":\"https:\/\/inyod.com.tr\/en\/product\/iny-p-om-optical-mirror\/\",\"url\":\"https:\/\/inyod.com.tr\/en\/product\/iny-p-om-optical-mirror\/\",\"name\":\"INY-P-OM Optical Mirror - Inyod Laser Machine Technology\",\"isPartOf\":{\"@id\":\"https:\/\/inyod.com.tr\/en\/#website\"},\"datePublished\":\"2023-10-18T13:13:07+00:00\",\"dateModified\":\"2023-12-29T06:30:07+00:00\",\"breadcrumb\":{\"@id\":\"https:\/\/inyod.com.tr\/en\/product\/iny-p-om-optical-mirror\/#breadcrumb\"},\"inLanguage\":\"de\",\"potentialAction\":[{\"@type\":\"ReadAction\",\"target\":[\"https:\/\/inyod.com.tr\/en\/product\/iny-p-om-optical-mirror\/\"]}]},{\"@type\":\"BreadcrumbList\",\"@id\":\"https:\/\/inyod.com.tr\/en\/product\/iny-p-om-optical-mirror\/#breadcrumb\",\"itemListElement\":[{\"@type\":\"ListItem\",\"position\":1,\"name\":\"Home\",\"item\":\"https:\/\/inyod.com.tr\/en\/\"},{\"@type\":\"ListItem\",\"position\":2,\"name\":\"Products\",\"item\":\"https:\/\/inyod.com.tr\/en\/products\/\"},{\"@type\":\"ListItem\",\"position\":3,\"name\":\"INY-P-OM Optical Mirror\"}]},{\"@type\":\"WebSite\",\"@id\":\"https:\/\/inyod.com.tr\/en\/#website\",\"url\":\"https:\/\/inyod.com.tr\/en\/\",\"name\":\"Inyod Machine Technology\",\"description\":\"Inyod Technology\",\"publisher\":{\"@id\":\"https:\/\/inyod.com.tr\/en\/#organization\"},\"alternateName\":\"Machine Technology\",\"potentialAction\":[{\"@type\":\"SearchAction\",\"target\":{\"@type\":\"EntryPoint\",\"urlTemplate\":\"https:\/\/inyod.com.tr\/en\/?s={search_term_string}\"},\"query-input\":\"required name=search_term_string\"}],\"inLanguage\":\"de\"},{\"@type\":\"Organization\",\"@id\":\"https:\/\/inyod.com.tr\/en\/#organization\",\"name\":\"Inyod\",\"url\":\"https:\/\/inyod.com.tr\/en\/\",\"logo\":{\"@type\":\"ImageObject\",\"inLanguage\":\"de\",\"@id\":\"https:\/\/inyod.com.tr\/en\/#\/schema\/logo\/image\/\",\"url\":\"https:\/\/inyod.com.tr\/wp-content\/uploads\/2023\/09\/Inyod-marka591x591-e1695265459802.jpg\",\"contentUrl\":\"https:\/\/inyod.com.tr\/wp-content\/uploads\/2023\/09\/Inyod-marka591x591-e1695265459802.jpg\",\"width\":591,\"height\":254,\"caption\":\"Inyod\"},\"image\":{\"@id\":\"https:\/\/inyod.com.tr\/en\/#\/schema\/logo\/image\/\"},\"sameAs\":[\"https:\/\/www.facebook.com\/inyod\",\"https:\/\/twitter.com\/inyodcom\",\"https:\/\/www.instagram.com\/inyodcom\"]}]}<\/script>\n<!-- \/ Yoast SEO Premium plugin. -->","yoast_head_json":{"title":"INY-P-OM Optical Mirror - Inyod Laser Machine Technology","robots":{"index":"index","follow":"follow","max-snippet":"max-snippet:-1","max-image-preview":"max-image-preview:large","max-video-preview":"max-video-preview:-1"},"canonical":"https:\/\/inyod.com.tr\/de\/produkt\/iny-p-om-optical-mirror\/","og_locale":"de_DE","og_type":"article","og_title":"INY-P-OM Optical Mirror","og_description":"Introduction Inyod Laser Optical Mirrors are designed to reflect light for a variety of applications, including laser marking, laser engraving, laser welding and laser cutting. Protective mirrors, totally reflecting mirror, semi-reflective mirrors are popular applied in laser equipment\u2019s.  Application Scope \u00a0Inyod Laser Optical Mirrors are specifically designed to efficiently reflect laser light. This property is crucial in applications where precise control and manipulation of laser beams are required.   Laser Marking: Mirrors used in laser marking systems reflect the laser beam to create markings on various materials. This is commonly used in industries for product labeling and identification.  Laser Engraving: Mirrors play a crucial role in directing the laser beam to etch designs, patterns, or text onto materials like metal, wood, or acrylic in laser engraving applications.  Laser Welding: In laser welding processes, mirrors help guide and focus the laser beam onto the welding area, ensuring accurate and efficient joining of materials.  Laser Cutting: Mirrors are vital in laser cutting systems, redirecting the laser beam to precisely cut through materials like metal, plastic, or fabric.","og_url":"https:\/\/inyod.com.tr\/de\/produkt\/iny-p-om-optical-mirror\/","og_site_name":"Inyod Laser Machine Technology","article_publisher":"https:\/\/www.facebook.com\/inyod","article_modified_time":"2023-12-29T06:30:07+00:00","og_image":[{"width":300,"height":300,"url":"https:\/\/inyod.com.tr\/wp-content\/uploads\/2023\/09\/INY-P-OM-Optical-Mirror.jpg","type":"image\/jpeg"}],"twitter_card":"summary_large_image","twitter_site":"@inyodcom","twitter_misc":{"Gesch\u00e4tzte Lesezeit":"1\u00a0Minute"},"schema":{"@context":"https:\/\/schema.org","@graph":[{"@type":"WebPage","@id":"https:\/\/inyod.com.tr\/en\/product\/iny-p-om-optical-mirror\/","url":"https:\/\/inyod.com.tr\/en\/product\/iny-p-om-optical-mirror\/","name":"INY-P-OM Optical Mirror - Inyod Laser Machine Technology","isPartOf":{"@id":"https:\/\/inyod.com.tr\/en\/#website"},"datePublished":"2023-10-18T13:13:07+00:00","dateModified":"2023-12-29T06:30:07+00:00","breadcrumb":{"@id":"https:\/\/inyod.com.tr\/en\/product\/iny-p-om-optical-mirror\/#breadcrumb"},"inLanguage":"de","potentialAction":[{"@type":"ReadAction","target":["https:\/\/inyod.com.tr\/en\/product\/iny-p-om-optical-mirror\/"]}]},{"@type":"BreadcrumbList","@id":"https:\/\/inyod.com.tr\/en\/product\/iny-p-om-optical-mirror\/#breadcrumb","itemListElement":[{"@type":"ListItem","position":1,"name":"Home","item":"https:\/\/inyod.com.tr\/en\/"},{"@type":"ListItem","position":2,"name":"Products","item":"https:\/\/inyod.com.tr\/en\/products\/"},{"@type":"ListItem","position":3,"name":"INY-P-OM Optical Mirror"}]},{"@type":"WebSite","@id":"https:\/\/inyod.com.tr\/en\/#website","url":"https:\/\/inyod.com.tr\/en\/","name":"Inyod Machine Technology","description":"Inyod Technology","publisher":{"@id":"https:\/\/inyod.com.tr\/en\/#organization"},"alternateName":"Machine Technology","potentialAction":[{"@type":"SearchAction","target":{"@type":"EntryPoint","urlTemplate":"https:\/\/inyod.com.tr\/en\/?s={search_term_string}"},"query-input":"required name=search_term_string"}],"inLanguage":"de"},{"@type":"Organization","@id":"https:\/\/inyod.com.tr\/en\/#organization","name":"Inyod","url":"https:\/\/inyod.com.tr\/en\/","logo":{"@type":"ImageObject","inLanguage":"de","@id":"https:\/\/inyod.com.tr\/en\/#\/schema\/logo\/image\/","url":"https:\/\/inyod.com.tr\/wp-content\/uploads\/2023\/09\/Inyod-marka591x591-e1695265459802.jpg","contentUrl":"https:\/\/inyod.com.tr\/wp-content\/uploads\/2023\/09\/Inyod-marka591x591-e1695265459802.jpg","width":591,"height":254,"caption":"Inyod"},"image":{"@id":"https:\/\/inyod.com.tr\/en\/#\/schema\/logo\/image\/"},"sameAs":["https:\/\/www.facebook.com\/inyod","https:\/\/twitter.com\/inyodcom","https:\/\/www.instagram.com\/inyodcom"]}]}},"_links":{"self":[{"href":"https:\/\/inyod.com.tr\/de\/wp-json\/wp\/v2\/product\/2591","targetHints":{"allow":["GET"]}}],"collection":[{"href":"https:\/\/inyod.com.tr\/de\/wp-json\/wp\/v2\/product"}],"about":[{"href":"https:\/\/inyod.com.tr\/de\/wp-json\/wp\/v2\/types\/product"}],"wp:featuredmedia":[{"embeddable":true,"href":"https:\/\/inyod.com.tr\/de\/wp-json\/wp\/v2\/media\/1534"}],"wp:attachment":[{"href":"https:\/\/inyod.com.tr\/de\/wp-json\/wp\/v2\/media?parent=2591"}],"wp:term":[{"taxonomy":"product_brand","embeddable":true,"href":"https:\/\/inyod.com.tr\/de\/wp-json\/wp\/v2\/product_brand?post=2591"},{"taxonomy":"product_cat","embeddable":true,"href":"https:\/\/inyod.com.tr\/de\/wp-json\/wp\/v2\/product_cat?post=2591"},{"taxonomy":"product_tag","embeddable":true,"href":"https:\/\/inyod.com.tr\/de\/wp-json\/wp\/v2\/product_tag?post=2591"}],"curies":[{"name":"wp","href":"https:\/\/api.w.org\/{rel}","templated":true}]}}