{"id":2593,"date":"2023-10-18T21:28:22","date_gmt":"2023-10-18T13:28:22","guid":{"rendered":"http:\/\/inyod.com.tr\/?post_type=product&#038;p=2593"},"modified":"2023-10-18T21:40:14","modified_gmt":"2023-10-18T13:40:14","slug":"iny-p-cl-collimating-lens","status":"publish","type":"product","link":"https:\/\/inyod.com.tr\/de\/produkt\/iny-p-cl-collimating-lens\/","title":{"rendered":"INY-P-CL Kollimationslinse"},"content":{"rendered":"<p><span style=\"color: #000000;\">Die Hauptfunktion der Inyod-Kollimatorlinse besteht darin, Licht zu kollimieren. Bei der Kollimation werden divergente oder konvergente Lichtstrahlen in parallele Strahlen umgewandelt. Dies ist entscheidend f\u00fcr Anwendungen, bei denen ein fokussierter, paralleler Strahl ben\u00f6tigt wird.<\/span><\/p>\n<h5><\/h5>\n<h5><span style=\"color: #000000;\"><span style=\"color: #2f5496;\">Merkmale<\/span><\/span><\/h5>\n<ul>\n<li><span style=\"color: #000000;\">Laserfokussierungslinse: F50, F60, F70, F80, F100, F120, F150, F180, F200<\/span><\/li>\n<li><span style=\"color: #000000;\">Material Quarzglas 7980 Quarz<\/span><\/li>\n<li><span style=\"color: #000000;\">Durchmesserfehler -1mm<\/span><\/li>\n<li><span style=\"color: #000000;\">Dickenfehler 1 mm<\/span><\/li>\n<li><span style=\"color: #000000;\">Transmission 99,9%<\/span><\/li>\n<li><span style=\"color: #000000;\">A\/R-Beschichtung<\/span><\/li>\n<li><span style=\"color: #000000;\">Bis zu 4000 W<\/span><\/li>\n<li><span style=\"color: #000000;\">Metallische und dielektrische Beschichtungen<\/span><\/li>\n<li><span style=\"color: #000000;\">Verwendung hochwertiger Materialien<\/span><\/li>\n<li><span style=\"color: #000000;\">Planspiegel und Kugeln erh\u00e4ltlich<\/span><\/li>\n<\/ul>\n<p><span style=\"color: #000000;\"> Die Inyod-Kollimatorlinse ist eine entscheidende Komponente in Laserinstrumenten, bei denen eine pr\u00e4zise Kollimation des Lichts unerl\u00e4sslich ist. Seine F\u00e4higkeit, einen fokussierten, parallelen Strahl zu erzeugen, macht ihn zu einem wertvollen Werkzeug in Branchen, die f\u00fcr verschiedene Anwendungen auf Lasertechnologie angewiesen sind.<\/span><\/p>","protected":false},"excerpt":{"rendered":"<h5><span style=\"color: #000000;\"><span style=\"color: #2f5496;\">Einf\u00fchrung<\/span><\/span><\/h5>\n<p>Die Inyod-Kollimatorlinse besteht aus mehreren Linsen oder einzelnen asph\u00e4rischen Linsen, die dazu dienen, Licht auf einen gew\u00fcnschten Strahldurchmesser zu kollimieren, der in Laserinstrumenten einen kollimierten und direkten Effekt erzielen kann.<\/p>\n<h5><span style=\"color: #000000;\"><span style=\"color: #2f5496;\">Anwendungsbereich<\/span><\/span><\/h5>\n<p><span style=\"color: #000000;\">Die Kollimatorlinse ist besonders n\u00fctzlich bei Laserinstrumenten, bei denen ein pr\u00e4zise kollimierter Strahl erforderlich ist. Dazu k\u00f6nnen Lasermessger\u00e4te, Laserentfernungsmesser oder andere Ger\u00e4te geh\u00f6ren, die auf pr\u00e4zise Laserstrahlen angewiesen sind.<\/span><\/p>","protected":false},"featured_media":1520,"template":"","meta":{"_acf_changed":false},"product_brand":[],"product_cat":[230],"product_tag":[249],"class_list":{"0":"post-2593","1":"product","2":"type-product","3":"status-publish","4":"has-post-thumbnail","6":"product_cat-consumables","7":"product_tag-consumables","9":"first","10":"instock","11":"shipping-taxable","12":"product-type-simple"},"acf":[],"yoast_head":"<!-- This site is optimized with the Yoast SEO Premium plugin v20.13 (Yoast SEO v20.13) - https:\/\/yoast.com\/wordpress\/plugins\/seo\/ -->\n<title>INY-P-CL Collimating Lens - Inyod Laser Machine Technology<\/title>\n<meta name=\"robots\" content=\"index, follow, max-snippet:-1, max-image-preview:large, max-video-preview:-1\" \/>\n<link rel=\"canonical\" href=\"https:\/\/inyod.com.tr\/de\/produkt\/iny-p-cl-collimating-lens\/\" \/>\n<meta property=\"og:locale\" content=\"de_DE\" \/>\n<meta property=\"og:type\" content=\"article\" \/>\n<meta property=\"og:title\" content=\"INY-P-CL Collimating Lens\" \/>\n<meta property=\"og:description\" content=\"Introduction Inyod Collimator Lens is made of several lenses or single aspheric lenses, designed to collimate light to a desired diameter beam which can make a collimated and direct effect in laser instruments. Application Scope The collimator lens is particularly useful in laser instruments where a precisely collimated beam is required. This might include laser measurement devices, laser rangefinders, or other equipment that relies on accurate laser beams.\" \/>\n<meta property=\"og:url\" content=\"https:\/\/inyod.com.tr\/de\/produkt\/iny-p-cl-collimating-lens\/\" \/>\n<meta property=\"og:site_name\" content=\"Inyod Laser Machine Technology\" \/>\n<meta property=\"article:publisher\" content=\"https:\/\/www.facebook.com\/inyod\" \/>\n<meta property=\"article:modified_time\" content=\"2023-10-18T13:40:14+00:00\" \/>\n<meta property=\"og:image\" content=\"https:\/\/inyod.com.tr\/wp-content\/uploads\/2023\/09\/INY-P-CL-Collimating-Lens.png\" \/>\n\t<meta property=\"og:image:width\" content=\"300\" \/>\n\t<meta property=\"og:image:height\" content=\"300\" \/>\n\t<meta property=\"og:image:type\" content=\"image\/png\" \/>\n<meta name=\"twitter:card\" content=\"summary_large_image\" \/>\n<meta name=\"twitter:site\" content=\"@inyodcom\" \/>\n<meta name=\"twitter:label1\" content=\"Gesch\u00e4tzte Lesezeit\" \/>\n\t<meta name=\"twitter:data1\" content=\"1\u00a0Minute\" \/>\n<script type=\"application\/ld+json\" class=\"yoast-schema-graph\">{\"@context\":\"https:\/\/schema.org\",\"@graph\":[{\"@type\":\"WebPage\",\"@id\":\"https:\/\/inyod.com.tr\/de\/produkt\/iny-p-cl-collimating-lens\/\",\"url\":\"https:\/\/inyod.com.tr\/de\/produkt\/iny-p-cl-collimating-lens\/\",\"name\":\"INY-P-CL Collimating Lens - Inyod Laser Machine Technology\",\"isPartOf\":{\"@id\":\"https:\/\/inyod.com.tr\/en\/#website\"},\"datePublished\":\"2023-10-18T13:28:22+00:00\",\"dateModified\":\"2023-10-18T13:40:14+00:00\",\"breadcrumb\":{\"@id\":\"https:\/\/inyod.com.tr\/de\/produkt\/iny-p-cl-collimating-lens\/#breadcrumb\"},\"inLanguage\":\"de\",\"potentialAction\":[{\"@type\":\"ReadAction\",\"target\":[\"https:\/\/inyod.com.tr\/de\/produkt\/iny-p-cl-collimating-lens\/\"]}]},{\"@type\":\"BreadcrumbList\",\"@id\":\"https:\/\/inyod.com.tr\/de\/produkt\/iny-p-cl-collimating-lens\/#breadcrumb\",\"itemListElement\":[{\"@type\":\"ListItem\",\"position\":1,\"name\":\"Home\",\"item\":\"https:\/\/inyod.com.tr\/en\/\"},{\"@type\":\"ListItem\",\"position\":2,\"name\":\"Products\",\"item\":\"https:\/\/inyod.com.tr\/en\/products\/\"},{\"@type\":\"ListItem\",\"position\":3,\"name\":\"INY-P-CL Collimating Lens\"}]},{\"@type\":\"WebSite\",\"@id\":\"https:\/\/inyod.com.tr\/en\/#website\",\"url\":\"https:\/\/inyod.com.tr\/en\/\",\"name\":\"Inyod Machine Technology\",\"description\":\"Inyod Technology\",\"publisher\":{\"@id\":\"https:\/\/inyod.com.tr\/en\/#organization\"},\"alternateName\":\"Machine Technology\",\"potentialAction\":[{\"@type\":\"SearchAction\",\"target\":{\"@type\":\"EntryPoint\",\"urlTemplate\":\"https:\/\/inyod.com.tr\/en\/?s={search_term_string}\"},\"query-input\":\"required name=search_term_string\"}],\"inLanguage\":\"de\"},{\"@type\":\"Organization\",\"@id\":\"https:\/\/inyod.com.tr\/en\/#organization\",\"name\":\"Inyod\",\"url\":\"https:\/\/inyod.com.tr\/en\/\",\"logo\":{\"@type\":\"ImageObject\",\"inLanguage\":\"de\",\"@id\":\"https:\/\/inyod.com.tr\/en\/#\/schema\/logo\/image\/\",\"url\":\"https:\/\/inyod.com.tr\/wp-content\/uploads\/2023\/09\/Inyod-marka591x591-e1695265459802.jpg\",\"contentUrl\":\"https:\/\/inyod.com.tr\/wp-content\/uploads\/2023\/09\/Inyod-marka591x591-e1695265459802.jpg\",\"width\":591,\"height\":254,\"caption\":\"Inyod\"},\"image\":{\"@id\":\"https:\/\/inyod.com.tr\/en\/#\/schema\/logo\/image\/\"},\"sameAs\":[\"https:\/\/www.facebook.com\/inyod\",\"https:\/\/twitter.com\/inyodcom\",\"https:\/\/www.instagram.com\/inyodcom\"]}]}<\/script>\n<!-- \/ Yoast SEO Premium plugin. -->","yoast_head_json":{"title":"INY-P-CL Collimating Lens - Inyod Laser Machine Technology","robots":{"index":"index","follow":"follow","max-snippet":"max-snippet:-1","max-image-preview":"max-image-preview:large","max-video-preview":"max-video-preview:-1"},"canonical":"https:\/\/inyod.com.tr\/de\/produkt\/iny-p-cl-collimating-lens\/","og_locale":"de_DE","og_type":"article","og_title":"INY-P-CL Collimating Lens","og_description":"Introduction Inyod Collimator Lens is made of several lenses or single aspheric lenses, designed to collimate light to a desired diameter beam which can make a collimated and direct effect in laser instruments. Application Scope The collimator lens is particularly useful in laser instruments where a precisely collimated beam is required. This might include laser measurement devices, laser rangefinders, or other equipment that relies on accurate laser beams.","og_url":"https:\/\/inyod.com.tr\/de\/produkt\/iny-p-cl-collimating-lens\/","og_site_name":"Inyod Laser Machine Technology","article_publisher":"https:\/\/www.facebook.com\/inyod","article_modified_time":"2023-10-18T13:40:14+00:00","og_image":[{"width":300,"height":300,"url":"https:\/\/inyod.com.tr\/wp-content\/uploads\/2023\/09\/INY-P-CL-Collimating-Lens.png","type":"image\/png"}],"twitter_card":"summary_large_image","twitter_site":"@inyodcom","twitter_misc":{"Gesch\u00e4tzte Lesezeit":"1\u00a0Minute"},"schema":{"@context":"https:\/\/schema.org","@graph":[{"@type":"WebPage","@id":"https:\/\/inyod.com.tr\/de\/produkt\/iny-p-cl-collimating-lens\/","url":"https:\/\/inyod.com.tr\/de\/produkt\/iny-p-cl-collimating-lens\/","name":"INY-P-CL Collimating Lens - Inyod Laser Machine Technology","isPartOf":{"@id":"https:\/\/inyod.com.tr\/en\/#website"},"datePublished":"2023-10-18T13:28:22+00:00","dateModified":"2023-10-18T13:40:14+00:00","breadcrumb":{"@id":"https:\/\/inyod.com.tr\/de\/produkt\/iny-p-cl-collimating-lens\/#breadcrumb"},"inLanguage":"de","potentialAction":[{"@type":"ReadAction","target":["https:\/\/inyod.com.tr\/de\/produkt\/iny-p-cl-collimating-lens\/"]}]},{"@type":"BreadcrumbList","@id":"https:\/\/inyod.com.tr\/de\/produkt\/iny-p-cl-collimating-lens\/#breadcrumb","itemListElement":[{"@type":"ListItem","position":1,"name":"Home","item":"https:\/\/inyod.com.tr\/en\/"},{"@type":"ListItem","position":2,"name":"Products","item":"https:\/\/inyod.com.tr\/en\/products\/"},{"@type":"ListItem","position":3,"name":"INY-P-CL Collimating Lens"}]},{"@type":"WebSite","@id":"https:\/\/inyod.com.tr\/en\/#website","url":"https:\/\/inyod.com.tr\/en\/","name":"Inyod Machine Technology","description":"Inyod Technology","publisher":{"@id":"https:\/\/inyod.com.tr\/en\/#organization"},"alternateName":"Machine Technology","potentialAction":[{"@type":"SearchAction","target":{"@type":"EntryPoint","urlTemplate":"https:\/\/inyod.com.tr\/en\/?s={search_term_string}"},"query-input":"required name=search_term_string"}],"inLanguage":"de"},{"@type":"Organization","@id":"https:\/\/inyod.com.tr\/en\/#organization","name":"Inyod","url":"https:\/\/inyod.com.tr\/en\/","logo":{"@type":"ImageObject","inLanguage":"de","@id":"https:\/\/inyod.com.tr\/en\/#\/schema\/logo\/image\/","url":"https:\/\/inyod.com.tr\/wp-content\/uploads\/2023\/09\/Inyod-marka591x591-e1695265459802.jpg","contentUrl":"https:\/\/inyod.com.tr\/wp-content\/uploads\/2023\/09\/Inyod-marka591x591-e1695265459802.jpg","width":591,"height":254,"caption":"Inyod"},"image":{"@id":"https:\/\/inyod.com.tr\/en\/#\/schema\/logo\/image\/"},"sameAs":["https:\/\/www.facebook.com\/inyod","https:\/\/twitter.com\/inyodcom","https:\/\/www.instagram.com\/inyodcom"]}]}},"_links":{"self":[{"href":"https:\/\/inyod.com.tr\/de\/wp-json\/wp\/v2\/product\/2593","targetHints":{"allow":["GET"]}}],"collection":[{"href":"https:\/\/inyod.com.tr\/de\/wp-json\/wp\/v2\/product"}],"about":[{"href":"https:\/\/inyod.com.tr\/de\/wp-json\/wp\/v2\/types\/product"}],"wp:featuredmedia":[{"embeddable":true,"href":"https:\/\/inyod.com.tr\/de\/wp-json\/wp\/v2\/media\/1520"}],"wp:attachment":[{"href":"https:\/\/inyod.com.tr\/de\/wp-json\/wp\/v2\/media?parent=2593"}],"wp:term":[{"taxonomy":"product_brand","embeddable":true,"href":"https:\/\/inyod.com.tr\/de\/wp-json\/wp\/v2\/product_brand?post=2593"},{"taxonomy":"product_cat","embeddable":true,"href":"https:\/\/inyod.com.tr\/de\/wp-json\/wp\/v2\/product_cat?post=2593"},{"taxonomy":"product_tag","embeddable":true,"href":"https:\/\/inyod.com.tr\/de\/wp-json\/wp\/v2\/product_tag?post=2593"}],"curies":[{"name":"wp","href":"https:\/\/api.w.org\/{rel}","templated":true}]}}