{"id":1744,"date":"2023-09-27T10:29:26","date_gmt":"2023-09-27T10:29:26","guid":{"rendered":"http:\/\/inyod.com.tr\/?page_id=1744"},"modified":"2023-10-10T08:24:18","modified_gmt":"2023-10-10T08:24:18","slug":"faq","status":"publish","type":"page","link":"https:\/\/inyod.com.tr\/tr\/about-us\/faq\/","title":{"rendered":"SSS"},"content":{"rendered":"<p><section data-bb-version=\"4.6.1\" id=\"bt_bb_section69dd85fad95fe\" class=\"bt_bb_section bt_bb_color_scheme_11 bt_bb_layout_boxed_1200 bt_bb_vertical_align_top bt_bb_background_overlay_alternate_solid bt_bb_top_spacing_none bt_bb_bottom_spacing_none bt_bb_negative_margin_\" style=\"; --section-primary-color:#ffffff; --section-secondary-color:#181818;\" data-bt-override-class=\"{&quot;bt_bb_top_spacing_&quot;:{&quot;current_class&quot;:&quot;bt_bb_top_spacing_none&quot;,&quot;def&quot;:&quot;none&quot;},&quot;bt_bb_bottom_spacing_&quot;:{&quot;current_class&quot;:&quot;bt_bb_bottom_spacing_none&quot;,&quot;def&quot;:&quot;none&quot;},&quot;bt_bb_negative_margin_&quot;:{&quot;current_class&quot;:&quot;bt_bb_negative_margin_&quot;,&quot;def&quot;:&quot;&quot;}}\"><div class=\"bt_bb_background_image_holder_wrapper\"><div class=\"bt_bb_background_image_holder btLazyLoadBackground\"  data-background_image_src=\"https:\/\/inyod.com.tr\/wp-content\/uploads\/2020\/11\/img-slider-02-1.jpg\" data-parallax-zoom-start=\"1\" data-parallax-zoom-end=\"1\" data-parallax-blur-start=\"0\" data-parallax-blur-end=\"0\" data-parallax-opacity-start=\"1\" data-parallax-opacity-end=\"1\" style=\" background-image: url(&#039;https:\/\/inyod.com.tr\/wp-content\/plugins\/bold-page-builder\/img\/blank.gif&#039;);\"><\/div><\/div><div class=\"bt_bb_port\"><div class=\"bt_bb_cell\"><div class=\"bt_bb_cell_inner\"><div class=\"bt_bb_row\"  data-bt-override-class=\"{}\"><div class=\"bt_bb_row_holder\" ><div  class=\"bt_bb_column col-xxl-12 col-xl-12 bt_bb_vertical_align_middle bt_bb_align_center bt_bb_padding_normal bt_bb_animation_fade_in zoom_out animate\" style=\"; --column-width:12;\" data-width=\"12\" data-bt-override-class=\"{}\"><div class=\"bt_bb_column_content\"><div class=\"bt_bb_column_content_inner\"><div data-bb-version=\"4.6.1\" class=\"bt_bb_separator bt_bb_border_style_none bt_bb_top_spacing_normal bt_bb_bottom_spacing_large bt_bb_hidden_md bt_bb_hidden_lg bt_bb_hidden_xl\" data-bt-override-class=\"{&quot;bt_bb_top_spacing_&quot;:{&quot;current_class&quot;:&quot;bt_bb_top_spacing_normal&quot;,&quot;def&quot;:&quot;normal&quot;},&quot;bt_bb_bottom_spacing_&quot;:{&quot;current_class&quot;:&quot;bt_bb_bottom_spacing_large&quot;,&quot;def&quot;:&quot;large&quot;}}\"><\/div><div data-bb-version=\"4.6.1\" class=\"bt_bb_separator bt_bb_border_style_none bt_bb_top_spacing_60 bt_bb_bottom_spacing_60 bt_bb_hidden_xs bt_bb_hidden_ms bt_bb_hidden_sm\" data-bt-override-class=\"{&quot;bt_bb_top_spacing_&quot;:{&quot;current_class&quot;:&quot;bt_bb_top_spacing_60&quot;,&quot;def&quot;:&quot;60&quot;},&quot;bt_bb_bottom_spacing_&quot;:{&quot;current_class&quot;:&quot;bt_bb_bottom_spacing_60&quot;,&quot;def&quot;:&quot;60&quot;}}\"><\/div><header data-bb-version=\"4.6.1\" class=\"bt_bb_headline bt_bb_dash_none bt_bb_size_extrahuge bt_bb_align_inherit\" data-bt-override-class=\"{&quot;bt_bb_size_&quot;:{&quot;current_class&quot;:&quot;bt_bb_size_extrahuge&quot;,&quot;def&quot;:&quot;extrahuge&quot;},&quot;bt_bb_align_&quot;:{&quot;current_class&quot;:&quot;bt_bb_align_inherit&quot;,&quot;def&quot;:&quot;inherit&quot;}}\"><h1><span class=\"bt_bb_headline_content\"><span>Siz sorun biz cevaplayal\u0131m<span class=\"bt_bb_outline_text bt_bb_outline_text_align_inherit bt_bb_outline_text_size_300\"><span>SSS<\/span><\/span><\/span><\/span><\/h1><\/header><div class=\"bt_bb_separator bt_bb_border_style_none bt_bb_bottom_spacing_60\" data-bt-override-class=\"null\"><\/div><div data-bb-version=\"4.6.1\" class=\"bt_bb_separator\" data-bt-override-class=\"null\"><\/div><\/div><\/div><\/div><\/div><\/div><\/div><!-- cell_inner --><\/div><!-- cell --><\/div><!-- port --><\/section><section data-bb-version=\"4.6.1\" id=\"bt_bb_section69dd85fad97a8\" class=\"bt_bb_section bt_bb_layout_boxed_1200\"  data-bt-override-class=\"null\"><div class=\"bt_bb_port\"><div class=\"bt_bb_cell\"><div class=\"bt_bb_cell_inner\"><div class=\"bt_bb_row\"  data-bt-override-class=\"{}\"><div class=\"bt_bb_row_holder\" ><div data-bb-version=\"4.6.1\"  class=\"bt_bb_column col-xxl-12 col-xl-12 col-xs-12 col-sm-12 col-md-12 col-lg-12 bt_bb_vertical_align_top bt_bb_align_left bt_bb_padding_normal\" style=\"; --column-width:12;\" data-width=\"12\" data-bt-override-class=\"{}\"><div class=\"bt_bb_column_content\"><div class=\"bt_bb_column_content_inner\"><div data-bb-version=\"4.6.1\" class=\"bt_bb_separator bt_bb_border_style_none bt_bb_top_spacing_60 bt_bb_bottom_spacing_60 bt_bb_hidden_xs bt_bb_hidden_ms bt_bb_hidden_sm\" data-bt-override-class=\"{&quot;bt_bb_top_spacing_&quot;:{&quot;current_class&quot;:&quot;bt_bb_top_spacing_60&quot;,&quot;def&quot;:&quot;60&quot;},&quot;bt_bb_bottom_spacing_&quot;:{&quot;current_class&quot;:&quot;bt_bb_bottom_spacing_60&quot;,&quot;def&quot;:&quot;60&quot;}}\"><\/div><div data-bb-version=\"4.6.1\"  class=\"bt_bb_text\" >            <div class=\"qae-faqs-container qae-faqs-toggle-container\">\n\t\t\t\t<h3 class=\"qe-faqs-group-title\">Genel Sorular<\/h3>\t\t<div id=\"qaef-1944\" class=\"qe-faq-toggle general-questions\">\n\t\t\t<div class=\"qe-toggle-title\">\n\t\t\t\t<h4>\n\t\t\t\t\t<i class=\"fa fa-minus-circle\"><\/i> Lazer makinelerinin \u00e7al\u0131\u015ft\u0131r\u0131lmas\u0131 i\u00e7in \u00f6zel e\u011fitim gerekiyor mu?\t\t\t\t<\/h4>\n\t\t\t<\/div>\n\t\t\t<div class=\"qe-toggle-content\">\n\t\t\t\t<p>Evet, optimum ve g\u00fcvenli kullan\u0131m\u0131 sa\u011flamak i\u00e7in operat\u00f6rlerin makinenin \u00e7al\u0131\u015ft\u0131r\u0131lmas\u0131, g\u00fcvenlik protokolleri ve bak\u0131m\u0131 konusunda uygun e\u011fitim almas\u0131 gerekir.<\/p>\n\t\t\t<\/div>\n\t\t<\/div>\n\t\t\t\t<div id=\"qaef-1943\" class=\"qe-faq-toggle general-questions\">\n\t\t\t<div class=\"qe-toggle-title\">\n\t\t\t\t<h4>\n\t\t\t\t\t<i class=\"fa fa-minus-circle\"><\/i> Bu makinelerdeki lazer kaynaklar\u0131n\u0131n \u00f6mr\u00fc ne kadard\u0131r?\t\t\t\t<\/h4>\n\t\t\t<\/div>\n\t\t\t<div class=\"qe-toggle-content\">\n\t\t\t\t<p>\u00d6mr\u00fc kullan\u0131ma g\u00f6re de\u011fi\u015fir ancak modern lazer kaynaklar\u0131 onbinlerce saat dayanabilir. D\u00fczenli bak\u0131m \u00f6m\u00fcrlerini daha da uzatabilir.<\/p>\n\t\t\t<\/div>\n\t\t<\/div>\n\t\t\t\t<div id=\"qaef-1941\" class=\"qe-faq-toggle general-questions maintenance\">\n\t\t\t<div class=\"qe-toggle-title\">\n\t\t\t\t<h4>\n\t\t\t\t\t<i class=\"fa fa-minus-circle\"><\/i> Lazer makineleri hangi bak\u0131mlar\u0131 gerektirir?\t\t\t\t<\/h4>\n\t\t\t<\/div>\n\t\t\t<div class=\"qe-toggle-content\">\n\t\t\t\t<p>Lazer makineleri periyodik temizlik, hizalama kontrolleri ve so\u011futma sistemlerinin bak\u0131m\u0131n\u0131 gerektirir. D\u00fczenli bak\u0131m, optimum performans ve uzun \u00f6m\u00fcr sa\u011flar.<\/p>\n\t\t\t<\/div>\n\t\t<\/div>\n\t\t\t\t<div id=\"qaef-1940\" class=\"qe-faq-toggle general-questions safety\">\n\t\t\t<div class=\"qe-toggle-title\">\n\t\t\t\t<h4>\n\t\t\t\t\t<i class=\"fa fa-minus-circle\"><\/i> Lazer makinelerinin \u00e7al\u0131\u015ft\u0131r\u0131lmas\u0131 g\u00fcvenli midir?\t\t\t\t<\/h4>\n\t\t\t<\/div>\n\t\t\t<div class=\"qe-toggle-content\">\n\t\t\t\t<p>Evet, lazer makineleri do\u011fru ve g\u00fcvenlik kurallar\u0131na uygun kullan\u0131ld\u0131\u011f\u0131nda g\u00fcvenlidir. Kazalar\u0131 \u00f6nlemek i\u00e7in genellikle kapal\u0131 muhafazalar ve \u00f6zel kilit sistemlerine sahiptirler.<\/p>\n\t\t\t<\/div>\n\t\t<\/div>\n\t\t\t\t<div id=\"qaef-1930\" class=\"qe-faq-toggle general-questions\">\n\t\t\t<div class=\"qe-toggle-title\">\n\t\t\t\t<h4>\n\t\t\t\t\t<i class=\"fa fa-minus-circle\"><\/i> Inyod Hizmetleri Nelerdir?\t\t\t\t<\/h4>\n\t\t\t<\/div>\n\t\t\t<div class=\"qe-toggle-content\">\n\t\t\t\t<ul>\n<li>Profesyonel lazer makine  dan\u0131\u015fmanl\u0131\u011f\u0131.<\/li>\n<li>Profesyonel m\u00fchendislerimiz talebinize g\u00f6re en uygun \u00fcr\u00fcn \u00e7\u00f6z\u00fcmlerini sunacakt\u0131r.<\/li>\n<li>Yurtd\u0131\u015f\u0131 servis m\u00fchendisleri talebiniz do\u011frultusunda saha ziyaretinde bulunur ve sorunlar\u0131 24 saat i\u00e7inde \u00e7\u00f6zer.<\/li>\n<li>Yurtd\u0131\u015f\u0131 yedek par\u00e7a merkezleri, m\u00fc\u015fterilerin yedek par\u00e7a ihtiya\u00e7lar\u0131n\u0131 48 saat i\u00e7inde temin edebilmektedir (\u00f6zel \u00fcretim malzemeler hari\u00e7)<\/li>\n<\/ul>\n<p>\u00d6zel servisin sat\u0131n al\u0131nmas\u0131 durumunda Inyod AI, 24 saat makine performans\u0131n\u0131n izler. olas\u0131 ar\u0131za ve bak\u0131mlar\u0131 ger\u00e7ekle\u015fmeden bildirir.<\/p>\n\t\t\t<\/div>\n\t\t<\/div>\n\t\t\t\t<div id=\"qaef-1929\" class=\"qe-faq-toggle general-questions\">\n\t\t\t<div class=\"qe-toggle-title\">\n\t\t\t\t<h4>\n\t\t\t\t\t<i class=\"fa fa-minus-circle\"><\/i> Inyod kimdir?\t\t\t\t<\/h4>\n\t\t\t<\/div>\n\t\t\t<div class=\"qe-toggle-content\">\n\t\t\t\t<p>Lazer kaynak, kesme ve markalama sistemlerinde uzmanla\u015fm\u0131\u015f makine \u00fcreticisidir.<\/p>\n\t\t\t<\/div>\n\t\t<\/div>\n\t\t<h3 class=\"qe-faqs-group-title\">Otomasyon<\/h3>\t\t<div id=\"qaef-1942\" class=\"qe-faq-toggle automation cutting-machines\">\n\t\t\t<div class=\"qe-toggle-title\">\n\t\t\t\t<h4>\n\t\t\t\t\t<i class=\"fa fa-minus-circle\"><\/i> Lazer makineleri otomasyon sistemlerine entegre edilebilir mi?\t\t\t\t<\/h4>\n\t\t\t<\/div>\n\t\t\t<div class=\"qe-toggle-content\">\n\t\t\t\t<p>Evet, bir\u00e7ok lazer makinesi, geli\u015fmi\u015f verimlilik ve \u00fcretkenlik i\u00e7in robotik kollar, konvey\u00f6rler ve di\u011fer otomasyon sistemleriyle entegre edilebilir.<\/p>\n\t\t\t<\/div>\n\t\t<\/div>\n\t\t<h3 class=\"qe-faqs-group-title\">Kesim Makinalar\u0131<\/h3>\t\t<div id=\"qaef-1942\" class=\"qe-faq-toggle automation cutting-machines\">\n\t\t\t<div class=\"qe-toggle-title\">\n\t\t\t\t<h4>\n\t\t\t\t\t<i class=\"fa fa-minus-circle\"><\/i> Lazer makineleri otomasyon sistemlerine entegre edilebilir mi?\t\t\t\t<\/h4>\n\t\t\t<\/div>\n\t\t\t<div class=\"qe-toggle-content\">\n\t\t\t\t<p>Evet, bir\u00e7ok lazer makinesi, geli\u015fmi\u015f verimlilik ve \u00fcretkenlik i\u00e7in robotik kollar, konvey\u00f6rler ve di\u011fer otomasyon sistemleriyle entegre edilebilir.<\/p>\n\t\t\t<\/div>\n\t\t<\/div>\n\t\t\t\t<div id=\"qaef-1933\" class=\"qe-faq-toggle cutting-machines\">\n\t\t\t<div class=\"qe-toggle-title\">\n\t\t\t\t<h4>\n\t\t\t\t\t<i class=\"fa fa-minus-circle\"><\/i> Lazer kesim makineleri kal\u0131n malzemeleri i\u015fleyebilir mi?\t\t\t\t<\/h4>\n\t\t\t<\/div>\n\t\t\t<div class=\"qe-toggle-content\">\n\t\t\t\t<p>Evet, baz\u0131 lazer kesim makineleri kal\u0131n malzemeleri kesebilir ancak daha y\u00fcksek enerji emilimi nedeniyle daha kal\u0131n malzemelerde kesme h\u0131z\u0131 d\u00fc\u015febilir.<\/p>\n\t\t\t<\/div>\n\t\t<\/div>\n\t\t\t\t<div id=\"qaef-1932\" class=\"qe-faq-toggle cutting-machines\">\n\t\t\t<div class=\"qe-toggle-title\">\n\t\t\t\t<h4>\n\t\t\t\t\t<i class=\"fa fa-minus-circle\"><\/i> Lazer kesimin geleneksel y\u00f6ntemlere g\u00f6re avantaj\u0131 nedir?\t\t\t\t<\/h4>\n\t\t\t<\/div>\n\t\t\t<div class=\"qe-toggle-content\">\n\t\t\t\t<p>Lazer kesim, y\u00fcksek hassasiyet, karma\u015f\u0131k detayland\u0131rma, minimum malzeme israf\u0131 ve pahal\u0131 aletlere ihtiya\u00e7 duymadan karma\u015f\u0131k \u015fekilleri kesme yetene\u011fi sunar.<\/p>\n\t\t\t<\/div>\n\t\t<\/div>\n\t\t\t\t<div id=\"qaef-1931\" class=\"qe-faq-toggle cutting-machines\">\n\t\t\t<div class=\"qe-toggle-title\">\n\t\t\t\t<h4>\n\t\t\t\t\t<i class=\"fa fa-minus-circle\"><\/i> Lazer kesim makineleri hangi malzemeleri i\u015fleyebilir?\t\t\t\t<\/h4>\n\t\t\t<\/div>\n\t\t\t<div class=\"qe-toggle-content\">\n\t\t\t\t<p>Lazer kesim makineleri, metaller (\u00e7elik, al\u00fcminyum, pirin\u00e7 gibi), plastik, ah\u015fap, akrilik, tekstil, deri ve daha fazlas\u0131n\u0131 i\u00e7eren \u00e7ok \u00e7e\u015fitli malzemelerle \u00e7al\u0131\u015fabilir.<\/p>\n\t\t\t<\/div>\n\t\t<\/div>\n\t\t<h3 class=\"qe-faqs-group-title\">Bak\u0131m<\/h3>\t\t<div id=\"qaef-1941\" class=\"qe-faq-toggle general-questions maintenance\">\n\t\t\t<div class=\"qe-toggle-title\">\n\t\t\t\t<h4>\n\t\t\t\t\t<i class=\"fa fa-minus-circle\"><\/i> Lazer makineleri hangi bak\u0131mlar\u0131 gerektirir?\t\t\t\t<\/h4>\n\t\t\t<\/div>\n\t\t\t<div class=\"qe-toggle-content\">\n\t\t\t\t<p>Lazer makineleri periyodik temizlik, hizalama kontrolleri ve so\u011futma sistemlerinin bak\u0131m\u0131n\u0131 gerektirir. D\u00fczenli bak\u0131m, optimum performans ve uzun \u00f6m\u00fcr sa\u011flar.<\/p>\n\t\t\t<\/div>\n\t\t<\/div>\n\t\t<h3 class=\"qe-faqs-group-title\">Emniyet<\/h3>\t\t<div id=\"qaef-1940\" class=\"qe-faq-toggle general-questions safety\">\n\t\t\t<div class=\"qe-toggle-title\">\n\t\t\t\t<h4>\n\t\t\t\t\t<i class=\"fa fa-minus-circle\"><\/i> Lazer makinelerinin \u00e7al\u0131\u015ft\u0131r\u0131lmas\u0131 g\u00fcvenli midir?\t\t\t\t<\/h4>\n\t\t\t<\/div>\n\t\t\t<div class=\"qe-toggle-content\">\n\t\t\t\t<p>Evet, lazer makineleri do\u011fru ve g\u00fcvenlik kurallar\u0131na uygun kullan\u0131ld\u0131\u011f\u0131nda g\u00fcvenlidir. Kazalar\u0131 \u00f6nlemek i\u00e7in genellikle kapal\u0131 muhafazalar ve \u00f6zel kilit sistemlerine sahiptirler.<\/p>\n\t\t\t<\/div>\n\t\t<\/div>\n\t\t<h3 class=\"qe-faqs-group-title\">Markalama Makineleri<\/h3>\t\t<div id=\"qaef-1939\" class=\"qe-faq-toggle marking-machines\">\n\t\t\t<div class=\"qe-toggle-title\">\n\t\t\t\t<h4>\n\t\t\t\t\t<i class=\"fa fa-minus-circle\"><\/i> Lazer markalama makineleri karma\u015f\u0131k desenler veya metinler olu\u015fturabilir mi?\t\t\t\t<\/h4>\n\t\t\t<\/div>\n\t\t\t<div class=\"qe-toggle-content\">\n\t\t\t\t<p>Evet, lazer markalama makineleri karma\u015f\u0131k desenler, ayr\u0131nt\u0131l\u0131 metinler, barkodlar, QR kodlar\u0131 ve hatta g\u00f6r\u00fcnt\u00fcleri y\u00fcksek hassasiyetle olu\u015fturabilir.<\/p>\n\t\t\t<\/div>\n\t\t<\/div>\n\t\t\t\t<div id=\"qaef-1938\" class=\"qe-faq-toggle marking-machines\">\n\t\t\t<div class=\"qe-toggle-title\">\n\t\t\t\t<h4>\n\t\t\t\t\t<i class=\"fa fa-minus-circle\"><\/i> Lazer markalaman\u0131n geleneksel y\u00f6ntemlere g\u00f6re avantaj\u0131 nedir?\t\t\t\t<\/h4>\n\t\t\t<\/div>\n\t\t\t<div class=\"qe-toggle-content\">\n\t\t\t\t<p>Lazer markalama, m\u00fcrekkep veya boyaya ihtiya\u00e7 duymadan kal\u0131c\u0131, y\u00fcksek \u00e7\u00f6z\u00fcn\u00fcrl\u00fckl\u00fc markalama sa\u011flar. H\u0131zl\u0131, hassas ve \u00e7evre dostudur.<\/p>\n\t\t\t<\/div>\n\t\t<\/div>\n\t\t\t\t<div id=\"qaef-1937\" class=\"qe-faq-toggle marking-machines\">\n\t\t\t<div class=\"qe-toggle-title\">\n\t\t\t\t<h4>\n\t\t\t\t\t<i class=\"fa fa-minus-circle\"><\/i> Lazer markalama makineleri hangi malzemeleri markalayabilir?\t\t\t\t<\/h4>\n\t\t\t<\/div>\n\t\t\t<div class=\"qe-toggle-content\">\n\t\t\t\t<p>Lazer markalama makineleri metalleri, plastikleri, cam\u0131, seramikleri, ah\u015faplar\u0131, ka\u011f\u0131tlar\u0131, derileri, tekstilleri ve daha fazlas\u0131n\u0131 i\u015faretleyebilir.<\/p>\n\t\t\t<\/div>\n\t\t<\/div>\n\t\t<h3 class=\"qe-faqs-group-title\">Kaynak makineleri<\/h3>\t\t<div id=\"qaef-1936\" class=\"qe-faq-toggle welding-machines\">\n\t\t\t<div class=\"qe-toggle-title\">\n\t\t\t\t<h4>\n\t\t\t\t\t<i class=\"fa fa-minus-circle\"><\/i> Lazer kaynak makineleri yans\u0131t\u0131c\u0131 malzemeler \u00fczerinde \u00e7al\u0131\u015fabilir mi?\t\t\t\t<\/h4>\n\t\t\t<\/div>\n\t\t\t<div class=\"qe-toggle-content\">\n\t\t\t\t<p>Fiber lazer kaynak makineleri, metaller taraf\u0131ndan y\u00fcksek oranda emilen bir dalga boyuna sahip olduklar\u0131ndan, metaller gibi yans\u0131t\u0131c\u0131 malzemeler i\u00e7in daha uygundur.<\/p>\n\t\t\t<\/div>\n\t\t<\/div>\n\t\t\t\t<div id=\"qaef-1935\" class=\"qe-faq-toggle welding-machines\">\n\t\t\t<div class=\"qe-toggle-title\">\n\t\t\t\t<h4>\n\t\t\t\t\t<i class=\"fa fa-minus-circle\"><\/i> Lazer kayna\u011f\u0131n\u0131n geleneksel kaynak y\u00f6ntemlerinden fark\u0131 nedir?\t\t\t\t<\/h4>\n\t\t\t<\/div>\n\t\t\t<div class=\"qe-toggle-content\">\n\t\t\t\t<p>Lazer kayna\u011f\u0131 daha y\u00fcksek hassasiyet, minimum d\u00fczeyde \u0131s\u0131dan etkilenen b\u00f6lgeler, daha az bozulma ve daha h\u0131zl\u0131 i\u015fleme sunar. \u00d6zellikle hassas veya \u0131s\u0131ya duyarl\u0131 malzemelerin birle\u015ftirilmesinde faydal\u0131d\u0131r.<\/p>\n\t\t\t<\/div>\n\t\t<\/div>\n\t\t\t\t<div id=\"qaef-1934\" class=\"qe-faq-toggle welding-machines\">\n\t\t\t<div class=\"qe-toggle-title\">\n\t\t\t\t<h4>\n\t\t\t\t\t<i class=\"fa fa-minus-circle\"><\/i> Lazer kaynak makineleri ne t\u00fcr kaynak yapabilir?\t\t\t\t<\/h4>\n\t\t\t<\/div>\n\t\t\t<div class=\"qe-toggle-content\">\n\t\t\t\t<p>Lazer kaynak makineleri metal, plastik ve seramik gibi malzemeler \u00fczerinde nokta kayna\u011f\u0131, diki\u015f kayna\u011f\u0131, al\u0131n kayna\u011f\u0131 ve hatta hassas mikro kaynak yapabilir.<\/p>\n\t\t\t<\/div>\n\t\t<\/div>\n\t\t            <\/div>\n\t\t<\/div><div data-bb-version=\"4.6.1\" class=\"bt_bb_separator bt_bb_border_style_none bt_bb_top_spacing_60 bt_bb_bottom_spacing_60 bt_bb_hidden_xs bt_bb_hidden_ms bt_bb_hidden_sm\" data-bt-override-class=\"{&quot;bt_bb_top_spacing_&quot;:{&quot;current_class&quot;:&quot;bt_bb_top_spacing_60&quot;,&quot;def&quot;:&quot;60&quot;},&quot;bt_bb_bottom_spacing_&quot;:{&quot;current_class&quot;:&quot;bt_bb_bottom_spacing_60&quot;,&quot;def&quot;:&quot;60&quot;}}\"><\/div><\/div><\/div><\/div><\/div><\/div><\/div><!-- cell_inner --><\/div><!-- cell --><\/div><!-- port --><\/section><\/p>","protected":false},"excerpt":{"rendered":"<p>Uniquely deploy cross-unit benefits with wireless testing procedures. Collaboratively build backward-compatible relationships whereas tactical paradigms. Compellingly reconceptualize compelling outsourcing whereas optimal service.<\/p>","protected":false},"author":1,"featured_media":585,"parent":440,"menu_order":0,"comment_status":"closed","ping_status":"closed","template":"","meta":{"_acf_changed":false,"footnotes":""},"class_list":["post-1744","page","type-page","status-publish","has-post-thumbnail","hentry"],"acf":[],"yoast_head":"<!-- This site is optimized with the Yoast SEO Premium plugin v20.13 (Yoast SEO v20.13) - https:\/\/yoast.com\/wordpress\/plugins\/seo\/ -->\n<title>FAQ - Inyod Laser Machine Technology<\/title>\n<meta name=\"robots\" content=\"index, follow, max-snippet:-1, max-image-preview:large, max-video-preview:-1\" \/>\n<link rel=\"canonical\" href=\"https:\/\/inyod.com.tr\/tr\/about-us\/faq\/\" \/>\n<meta property=\"og:locale\" content=\"tr_TR\" \/>\n<meta property=\"og:type\" content=\"article\" \/>\n<meta property=\"og:title\" content=\"FAQ\" \/>\n<meta property=\"og:description\" content=\"Uniquely deploy cross-unit benefits with wireless testing procedures. Collaboratively build backward-compatible relationships whereas tactical paradigms. Compellingly reconceptualize compelling outsourcing whereas optimal service.\" \/>\n<meta property=\"og:url\" content=\"https:\/\/inyod.com.tr\/tr\/about-us\/faq\/\" \/>\n<meta property=\"og:site_name\" content=\"Inyod Laser Machine Technology\" \/>\n<meta property=\"article:publisher\" content=\"https:\/\/www.facebook.com\/inyod\" \/>\n<meta property=\"article:modified_time\" content=\"2023-10-10T08:24:18+00:00\" \/>\n<meta property=\"og:image\" content=\"https:\/\/inyod.com.tr\/wp-content\/uploads\/2020\/10\/post_12-1.jpg\" \/>\n\t<meta property=\"og:image:width\" content=\"2500\" \/>\n\t<meta property=\"og:image:height\" content=\"1667\" \/>\n\t<meta property=\"og:image:type\" content=\"image\/jpeg\" \/>\n<meta name=\"twitter:card\" content=\"summary_large_image\" \/>\n<meta name=\"twitter:site\" content=\"@inyodcom\" \/>\n<meta name=\"twitter:label1\" content=\"Tahmini okuma s\u00fcresi\" \/>\n\t<meta name=\"twitter:data1\" content=\"2 dakika\" \/>\n<script type=\"application\/ld+json\" class=\"yoast-schema-graph\">{\"@context\":\"https:\/\/schema.org\",\"@graph\":[{\"@type\":\"WebPage\",\"@id\":\"https:\/\/inyod.com.tr\/en\/about-us\/faq\/\",\"url\":\"https:\/\/inyod.com.tr\/en\/about-us\/faq\/\",\"name\":\"FAQ - Inyod Laser Machine Technology\",\"isPartOf\":{\"@id\":\"https:\/\/inyod.com.tr\/en\/#website\"},\"datePublished\":\"2023-09-27T10:29:26+00:00\",\"dateModified\":\"2023-10-10T08:24:18+00:00\",\"breadcrumb\":{\"@id\":\"https:\/\/inyod.com.tr\/en\/about-us\/faq\/#breadcrumb\"},\"inLanguage\":\"tr\",\"potentialAction\":[{\"@type\":\"ReadAction\",\"target\":[\"https:\/\/inyod.com.tr\/en\/about-us\/faq\/\"]}]},{\"@type\":\"BreadcrumbList\",\"@id\":\"https:\/\/inyod.com.tr\/en\/about-us\/faq\/#breadcrumb\",\"itemListElement\":[{\"@type\":\"ListItem\",\"position\":1,\"name\":\"Home\",\"item\":\"https:\/\/inyod.com.tr\/en\/\"},{\"@type\":\"ListItem\",\"position\":2,\"name\":\"About us\",\"item\":\"https:\/\/inyod.com.tr\/tr\/about-us\/\"},{\"@type\":\"ListItem\",\"position\":3,\"name\":\"FAQ\"}]},{\"@type\":\"WebSite\",\"@id\":\"https:\/\/inyod.com.tr\/en\/#website\",\"url\":\"https:\/\/inyod.com.tr\/en\/\",\"name\":\"Inyod Machine Technology\",\"description\":\"Inyod Technology\",\"publisher\":{\"@id\":\"https:\/\/inyod.com.tr\/en\/#organization\"},\"alternateName\":\"Machine Technology\",\"potentialAction\":[{\"@type\":\"SearchAction\",\"target\":{\"@type\":\"EntryPoint\",\"urlTemplate\":\"https:\/\/inyod.com.tr\/en\/?s={search_term_string}\"},\"query-input\":\"required name=search_term_string\"}],\"inLanguage\":\"tr\"},{\"@type\":\"Organization\",\"@id\":\"https:\/\/inyod.com.tr\/en\/#organization\",\"name\":\"Inyod\",\"url\":\"https:\/\/inyod.com.tr\/en\/\",\"logo\":{\"@type\":\"ImageObject\",\"inLanguage\":\"tr\",\"@id\":\"https:\/\/inyod.com.tr\/en\/#\/schema\/logo\/image\/\",\"url\":\"https:\/\/inyod.com.tr\/wp-content\/uploads\/2023\/09\/Inyod-marka591x591-e1695265459802.jpg\",\"contentUrl\":\"https:\/\/inyod.com.tr\/wp-content\/uploads\/2023\/09\/Inyod-marka591x591-e1695265459802.jpg\",\"width\":591,\"height\":254,\"caption\":\"Inyod\"},\"image\":{\"@id\":\"https:\/\/inyod.com.tr\/en\/#\/schema\/logo\/image\/\"},\"sameAs\":[\"https:\/\/www.facebook.com\/inyod\",\"https:\/\/twitter.com\/inyodcom\",\"https:\/\/www.instagram.com\/inyodcom\"]}]}<\/script>\n<!-- \/ Yoast SEO Premium plugin. -->","yoast_head_json":{"title":"FAQ - Inyod Laser Machine Technology","robots":{"index":"index","follow":"follow","max-snippet":"max-snippet:-1","max-image-preview":"max-image-preview:large","max-video-preview":"max-video-preview:-1"},"canonical":"https:\/\/inyod.com.tr\/tr\/about-us\/faq\/","og_locale":"tr_TR","og_type":"article","og_title":"FAQ","og_description":"Uniquely deploy cross-unit benefits with wireless testing procedures. Collaboratively build backward-compatible relationships whereas tactical paradigms. Compellingly reconceptualize compelling outsourcing whereas optimal service.","og_url":"https:\/\/inyod.com.tr\/tr\/about-us\/faq\/","og_site_name":"Inyod Laser Machine Technology","article_publisher":"https:\/\/www.facebook.com\/inyod","article_modified_time":"2023-10-10T08:24:18+00:00","og_image":[{"width":2500,"height":1667,"url":"https:\/\/inyod.com.tr\/wp-content\/uploads\/2020\/10\/post_12-1.jpg","type":"image\/jpeg"}],"twitter_card":"summary_large_image","twitter_site":"@inyodcom","twitter_misc":{"Tahmini okuma s\u00fcresi":"2 dakika"},"schema":{"@context":"https:\/\/schema.org","@graph":[{"@type":"WebPage","@id":"https:\/\/inyod.com.tr\/en\/about-us\/faq\/","url":"https:\/\/inyod.com.tr\/en\/about-us\/faq\/","name":"FAQ - Inyod Laser Machine Technology","isPartOf":{"@id":"https:\/\/inyod.com.tr\/en\/#website"},"datePublished":"2023-09-27T10:29:26+00:00","dateModified":"2023-10-10T08:24:18+00:00","breadcrumb":{"@id":"https:\/\/inyod.com.tr\/en\/about-us\/faq\/#breadcrumb"},"inLanguage":"tr","potentialAction":[{"@type":"ReadAction","target":["https:\/\/inyod.com.tr\/en\/about-us\/faq\/"]}]},{"@type":"BreadcrumbList","@id":"https:\/\/inyod.com.tr\/en\/about-us\/faq\/#breadcrumb","itemListElement":[{"@type":"ListItem","position":1,"name":"Home","item":"https:\/\/inyod.com.tr\/en\/"},{"@type":"ListItem","position":2,"name":"About us","item":"https:\/\/inyod.com.tr\/tr\/about-us\/"},{"@type":"ListItem","position":3,"name":"FAQ"}]},{"@type":"WebSite","@id":"https:\/\/inyod.com.tr\/en\/#website","url":"https:\/\/inyod.com.tr\/en\/","name":"Inyod Machine Technology","description":"Inyod Technology","publisher":{"@id":"https:\/\/inyod.com.tr\/en\/#organization"},"alternateName":"Machine Technology","potentialAction":[{"@type":"SearchAction","target":{"@type":"EntryPoint","urlTemplate":"https:\/\/inyod.com.tr\/en\/?s={search_term_string}"},"query-input":"required name=search_term_string"}],"inLanguage":"tr"},{"@type":"Organization","@id":"https:\/\/inyod.com.tr\/en\/#organization","name":"Inyod","url":"https:\/\/inyod.com.tr\/en\/","logo":{"@type":"ImageObject","inLanguage":"tr","@id":"https:\/\/inyod.com.tr\/en\/#\/schema\/logo\/image\/","url":"https:\/\/inyod.com.tr\/wp-content\/uploads\/2023\/09\/Inyod-marka591x591-e1695265459802.jpg","contentUrl":"https:\/\/inyod.com.tr\/wp-content\/uploads\/2023\/09\/Inyod-marka591x591-e1695265459802.jpg","width":591,"height":254,"caption":"Inyod"},"image":{"@id":"https:\/\/inyod.com.tr\/en\/#\/schema\/logo\/image\/"},"sameAs":["https:\/\/www.facebook.com\/inyod","https:\/\/twitter.com\/inyodcom","https:\/\/www.instagram.com\/inyodcom"]}]}},"_links":{"self":[{"href":"https:\/\/inyod.com.tr\/tr\/wp-json\/wp\/v2\/pages\/1744","targetHints":{"allow":["GET"]}}],"collection":[{"href":"https:\/\/inyod.com.tr\/tr\/wp-json\/wp\/v2\/pages"}],"about":[{"href":"https:\/\/inyod.com.tr\/tr\/wp-json\/wp\/v2\/types\/page"}],"author":[{"embeddable":true,"href":"https:\/\/inyod.com.tr\/tr\/wp-json\/wp\/v2\/users\/1"}],"replies":[{"embeddable":true,"href":"https:\/\/inyod.com.tr\/tr\/wp-json\/wp\/v2\/comments?post=1744"}],"version-history":[{"count":0,"href":"https:\/\/inyod.com.tr\/tr\/wp-json\/wp\/v2\/pages\/1744\/revisions"}],"up":[{"embeddable":true,"href":"https:\/\/inyod.com.tr\/tr\/wp-json\/wp\/v2\/pages\/440"}],"wp:featuredmedia":[{"embeddable":true,"href":"https:\/\/inyod.com.tr\/tr\/wp-json\/wp\/v2\/media\/585"}],"wp:attachment":[{"href":"https:\/\/inyod.com.tr\/tr\/wp-json\/wp\/v2\/media?parent=1744"}],"curies":[{"name":"wp","href":"https:\/\/api.w.org\/{rel}","templated":true}]}}