{"id":2576,"date":"2023-10-18T16:17:37","date_gmt":"2023-10-18T08:17:37","guid":{"rendered":"http:\/\/inyod.com.tr\/?post_type=product&#038;p=2576"},"modified":"2023-10-18T16:38:53","modified_gmt":"2023-10-18T08:38:53","slug":"iny-p-fls-fiber-laser-source","status":"publish","type":"product","link":"https:\/\/inyod.com.tr\/tr\/urun\/iny-p-fls-fiber-laser-source\/","title":{"rendered":"INY-P-FLS Fiber Lazer Kayna\u011f\u0131"},"content":{"rendered":"<p><span style=\"color: #000000;\">CW Fiber Lazerler, \u00e7\u0131k\u0131\u015f g\u00fcc\u00fc aral\u0131\u011f\u0131n\u0131 kaps\u0131yor ve geni\u015f bir \u00e7al\u0131\u015fma dalga boyu aral\u0131\u011f\u0131na sahip.<\/span><\/p>\n<p>&nbsp;<\/p>\n<h5><span style=\"color: #000000;\"><span style=\"color: #2f5496;\">\u00d6zellikleri<\/span><\/span><\/h5>\n<p><span style=\"color: #000000;\">CW Fiber Lazerler, geni\u015f bir \u00e7al\u0131\u015fma dalga boyu aral\u0131\u011f\u0131na, tek modlu ve \u00e7oklu mod se\u00e7eneklerine, y\u00fcksek stabiliteye ve son derece uzun pompa diyot \u00f6mr\u00fcne sahip \u00e7\u0131k\u0131\u015f g\u00fcc\u00fc aral\u0131\u011f\u0131n\u0131 kapsar. Bu lazerler su so\u011futmal\u0131d\u0131r ve yerle\u015fik veya ba\u011f\u0131ms\u0131z bir so\u011futucuyla birlikte tedarik edilebilir. Lazerler \u00e7ok \u00e7e\u015fitli fiber sonland\u0131rmalar\u0131, kolimasyon optikleri ve i\u015fleme kafalar\u0131yla mevcuttur.<\/span><\/p>\n<p><span style=\"color: #000000;\">Duvar prizi verimlili\u011fini kaydedin<\/span><\/p>\n<ol>\n<li style=\"list-style-type: none;\">\n<ol>\n<li><span style=\"color: #000000;\">1 \u2013 4000 W \u00e7\u0131k\u0131\u015f g\u00fcc\u00fc aral\u0131\u011f\u0131<\/span><\/li>\n<li><span style=\"color: #000000;\">Duvar prizi verimlili\u011fini kaydedin<\/span><\/li>\n<li><span style=\"color: #000000;\">M\u00fckemmel \u0131\u015f\u0131n modu kalitesi<\/span><\/li>\n<li><span style=\"color: #000000;\">M\u00fckemmel g\u00fcvenilirlik<\/span><\/li>\n<li><span style=\"color: #000000;\">\u0130hmal edilebilir \u0131\u015f\u0131n i\u015faretleme<\/span><\/li>\n<li><span style=\"color: #000000;\">Tam g\u00fc\u00e7 aral\u0131\u011f\u0131nda istikrarl\u0131 \u0131\u015f\u0131n kalitesi<\/span><\/li>\n<li><span style=\"color: #000000;\">Hava so\u011futma i\u015flemi<\/span><\/li>\n<li><span style=\"color: #000000;\">Son derece d\u00fc\u015f\u00fck ba\u015flang\u0131\u00e7 maliyeti<\/span><\/li>\n<li><span style=\"color: #000000;\">Son derece d\u00fc\u015f\u00fck sahip olma maliyeti<\/span><\/li>\n<li><span style=\"color: #000000;\">Geni\u015f spektral aral\u0131kta s\u0131n\u0131rs\u0131z dalga boyu se\u00e7ene\u011fi<\/span><\/li>\n<\/ol>\n<\/li>\n<\/ol>","protected":false},"excerpt":{"rendered":"<h5><span style=\"color: #000000;\"><span style=\"color: #2f5496;\">\u00d6zellikler<\/span><\/span><\/h5>\n<p>INY-XRAY-GA2000 Alt\u0131n Analiz\u00f6r\u00fc, alt\u0131n ve di\u011fer de\u011ferli metal \u00fcr\u00fcnlerinin do\u011frulu\u011funu, kalitesini ve orijinalli\u011fini sa\u011flayarak i\u015fletmelerin ve t\u00fcketicilerin bilin\u00e7li kararlar almas\u0131na yard\u0131mc\u0131 olur<\/p>\n<p>&nbsp;<\/p>\n<h5><span style=\"color: #000000;\"><span style=\"color: #2f5496;\">Uygulama Kapsam\u0131<\/span><\/span><\/h5>\n<p>Alt\u0131n i\u00e7eri\u011finin do\u011fru ve h\u0131zl\u0131 analizini sa\u011flad\u0131\u011f\u0131 i\u00e7in m\u00fccevher, madencilik, rafineri ve hurda metal geri d\u00f6n\u00fc\u015f\u00fcm\u00fc dahil olmak \u00fczere \u00e7e\u015fitli sekt\u00f6rlerde de\u011ferli bir ara\u00e7.<\/p>","protected":false},"featured_media":1528,"template":"","meta":{"_acf_changed":false},"product_brand":[],"product_cat":[230],"product_tag":[249],"class_list":{"0":"post-2576","1":"product","2":"type-product","3":"status-publish","4":"has-post-thumbnail","6":"product_cat-consumables","7":"product_tag-consumables","9":"first","10":"instock","11":"shipping-taxable","12":"product-type-simple"},"acf":[],"yoast_head":"<!-- This site is optimized with the Yoast SEO Premium plugin v20.13 (Yoast SEO v20.13) - https:\/\/yoast.com\/wordpress\/plugins\/seo\/ -->\n<title>INY-P-FLS Fiber Laser Source - Inyod Laser Machine Technology<\/title>\n<meta name=\"robots\" content=\"index, follow, max-snippet:-1, max-image-preview:large, max-video-preview:-1\" \/>\n<link rel=\"canonical\" href=\"https:\/\/inyod.com.tr\/tr\/urun\/iny-p-fls-fiber-laser-source\/\" \/>\n<meta property=\"og:locale\" content=\"tr_TR\" \/>\n<meta property=\"og:type\" content=\"article\" \/>\n<meta property=\"og:title\" content=\"INY-P-FLS Fiber Laser Source\" \/>\n<meta property=\"og:description\" content=\"Introduction INY-XRAY-GA2000 Gold Analyzer ensures the accuracy, quality, and authenticity of gold and other precious metal products, helping businesses and consumers make informed decisions  &nbsp; Application Scope valuable tool in various industries, including jewelry, mining, refining, and scrap metal recycling, as it provides accurate and fast analysis of gold content.\" \/>\n<meta property=\"og:url\" content=\"https:\/\/inyod.com.tr\/tr\/urun\/iny-p-fls-fiber-laser-source\/\" \/>\n<meta property=\"og:site_name\" content=\"Inyod Laser Machine Technology\" \/>\n<meta property=\"article:publisher\" content=\"https:\/\/www.facebook.com\/inyod\" \/>\n<meta property=\"article:modified_time\" content=\"2023-10-18T08:38:53+00:00\" \/>\n<meta property=\"og:image\" content=\"https:\/\/inyod.com.tr\/wp-content\/uploads\/2023\/09\/INY-P-FLS1-Fiber-Laser-Source.jpg\" \/>\n\t<meta property=\"og:image:width\" content=\"300\" \/>\n\t<meta property=\"og:image:height\" content=\"300\" \/>\n\t<meta property=\"og:image:type\" content=\"image\/jpeg\" \/>\n<meta name=\"twitter:card\" content=\"summary_large_image\" \/>\n<meta name=\"twitter:site\" content=\"@inyodcom\" \/>\n<meta name=\"twitter:label1\" content=\"Tahmini okuma s\u00fcresi\" \/>\n\t<meta name=\"twitter:data1\" content=\"1 dakika\" \/>\n<script type=\"application\/ld+json\" class=\"yoast-schema-graph\">{\"@context\":\"https:\/\/schema.org\",\"@graph\":[{\"@type\":\"WebPage\",\"@id\":\"https:\/\/inyod.com.tr\/en\/product\/iny-p-fls-fiber-laser-source\/\",\"url\":\"https:\/\/inyod.com.tr\/en\/product\/iny-p-fls-fiber-laser-source\/\",\"name\":\"INY-P-FLS Fiber Laser Source - Inyod Laser Machine Technology\",\"isPartOf\":{\"@id\":\"https:\/\/inyod.com.tr\/en\/#website\"},\"datePublished\":\"2023-10-18T08:17:37+00:00\",\"dateModified\":\"2023-10-18T08:38:53+00:00\",\"breadcrumb\":{\"@id\":\"https:\/\/inyod.com.tr\/en\/product\/iny-p-fls-fiber-laser-source\/#breadcrumb\"},\"inLanguage\":\"tr\",\"potentialAction\":[{\"@type\":\"ReadAction\",\"target\":[\"https:\/\/inyod.com.tr\/en\/product\/iny-p-fls-fiber-laser-source\/\"]}]},{\"@type\":\"BreadcrumbList\",\"@id\":\"https:\/\/inyod.com.tr\/en\/product\/iny-p-fls-fiber-laser-source\/#breadcrumb\",\"itemListElement\":[{\"@type\":\"ListItem\",\"position\":1,\"name\":\"Home\",\"item\":\"https:\/\/inyod.com.tr\/en\/\"},{\"@type\":\"ListItem\",\"position\":2,\"name\":\"Products\",\"item\":\"https:\/\/inyod.com.tr\/en\/products\/\"},{\"@type\":\"ListItem\",\"position\":3,\"name\":\"INY-P-FLS Fiber Laser Source\"}]},{\"@type\":\"WebSite\",\"@id\":\"https:\/\/inyod.com.tr\/en\/#website\",\"url\":\"https:\/\/inyod.com.tr\/en\/\",\"name\":\"Inyod Machine Technology\",\"description\":\"Inyod Technology\",\"publisher\":{\"@id\":\"https:\/\/inyod.com.tr\/en\/#organization\"},\"alternateName\":\"Machine Technology\",\"potentialAction\":[{\"@type\":\"SearchAction\",\"target\":{\"@type\":\"EntryPoint\",\"urlTemplate\":\"https:\/\/inyod.com.tr\/en\/?s={search_term_string}\"},\"query-input\":\"required name=search_term_string\"}],\"inLanguage\":\"tr\"},{\"@type\":\"Organization\",\"@id\":\"https:\/\/inyod.com.tr\/en\/#organization\",\"name\":\"Inyod\",\"url\":\"https:\/\/inyod.com.tr\/en\/\",\"logo\":{\"@type\":\"ImageObject\",\"inLanguage\":\"tr\",\"@id\":\"https:\/\/inyod.com.tr\/en\/#\/schema\/logo\/image\/\",\"url\":\"https:\/\/inyod.com.tr\/wp-content\/uploads\/2023\/09\/Inyod-marka591x591-e1695265459802.jpg\",\"contentUrl\":\"https:\/\/inyod.com.tr\/wp-content\/uploads\/2023\/09\/Inyod-marka591x591-e1695265459802.jpg\",\"width\":591,\"height\":254,\"caption\":\"Inyod\"},\"image\":{\"@id\":\"https:\/\/inyod.com.tr\/en\/#\/schema\/logo\/image\/\"},\"sameAs\":[\"https:\/\/www.facebook.com\/inyod\",\"https:\/\/twitter.com\/inyodcom\",\"https:\/\/www.instagram.com\/inyodcom\"]}]}<\/script>\n<!-- \/ Yoast SEO Premium plugin. -->","yoast_head_json":{"title":"INY-P-FLS Fiber Laser Source - Inyod Laser Machine Technology","robots":{"index":"index","follow":"follow","max-snippet":"max-snippet:-1","max-image-preview":"max-image-preview:large","max-video-preview":"max-video-preview:-1"},"canonical":"https:\/\/inyod.com.tr\/tr\/urun\/iny-p-fls-fiber-laser-source\/","og_locale":"tr_TR","og_type":"article","og_title":"INY-P-FLS Fiber Laser Source","og_description":"Introduction INY-XRAY-GA2000 Gold Analyzer ensures the accuracy, quality, and authenticity of gold and other precious metal products, helping businesses and consumers make informed decisions  &nbsp; Application Scope valuable tool in various industries, including jewelry, mining, refining, and scrap metal recycling, as it provides accurate and fast analysis of gold content.","og_url":"https:\/\/inyod.com.tr\/tr\/urun\/iny-p-fls-fiber-laser-source\/","og_site_name":"Inyod Laser Machine Technology","article_publisher":"https:\/\/www.facebook.com\/inyod","article_modified_time":"2023-10-18T08:38:53+00:00","og_image":[{"width":300,"height":300,"url":"https:\/\/inyod.com.tr\/wp-content\/uploads\/2023\/09\/INY-P-FLS1-Fiber-Laser-Source.jpg","type":"image\/jpeg"}],"twitter_card":"summary_large_image","twitter_site":"@inyodcom","twitter_misc":{"Tahmini okuma s\u00fcresi":"1 dakika"},"schema":{"@context":"https:\/\/schema.org","@graph":[{"@type":"WebPage","@id":"https:\/\/inyod.com.tr\/en\/product\/iny-p-fls-fiber-laser-source\/","url":"https:\/\/inyod.com.tr\/en\/product\/iny-p-fls-fiber-laser-source\/","name":"INY-P-FLS Fiber Laser Source - Inyod Laser Machine Technology","isPartOf":{"@id":"https:\/\/inyod.com.tr\/en\/#website"},"datePublished":"2023-10-18T08:17:37+00:00","dateModified":"2023-10-18T08:38:53+00:00","breadcrumb":{"@id":"https:\/\/inyod.com.tr\/en\/product\/iny-p-fls-fiber-laser-source\/#breadcrumb"},"inLanguage":"tr","potentialAction":[{"@type":"ReadAction","target":["https:\/\/inyod.com.tr\/en\/product\/iny-p-fls-fiber-laser-source\/"]}]},{"@type":"BreadcrumbList","@id":"https:\/\/inyod.com.tr\/en\/product\/iny-p-fls-fiber-laser-source\/#breadcrumb","itemListElement":[{"@type":"ListItem","position":1,"name":"Home","item":"https:\/\/inyod.com.tr\/en\/"},{"@type":"ListItem","position":2,"name":"Products","item":"https:\/\/inyod.com.tr\/en\/products\/"},{"@type":"ListItem","position":3,"name":"INY-P-FLS Fiber Laser Source"}]},{"@type":"WebSite","@id":"https:\/\/inyod.com.tr\/en\/#website","url":"https:\/\/inyod.com.tr\/en\/","name":"Inyod Machine Technology","description":"Inyod Technology","publisher":{"@id":"https:\/\/inyod.com.tr\/en\/#organization"},"alternateName":"Machine Technology","potentialAction":[{"@type":"SearchAction","target":{"@type":"EntryPoint","urlTemplate":"https:\/\/inyod.com.tr\/en\/?s={search_term_string}"},"query-input":"required name=search_term_string"}],"inLanguage":"tr"},{"@type":"Organization","@id":"https:\/\/inyod.com.tr\/en\/#organization","name":"Inyod","url":"https:\/\/inyod.com.tr\/en\/","logo":{"@type":"ImageObject","inLanguage":"tr","@id":"https:\/\/inyod.com.tr\/en\/#\/schema\/logo\/image\/","url":"https:\/\/inyod.com.tr\/wp-content\/uploads\/2023\/09\/Inyod-marka591x591-e1695265459802.jpg","contentUrl":"https:\/\/inyod.com.tr\/wp-content\/uploads\/2023\/09\/Inyod-marka591x591-e1695265459802.jpg","width":591,"height":254,"caption":"Inyod"},"image":{"@id":"https:\/\/inyod.com.tr\/en\/#\/schema\/logo\/image\/"},"sameAs":["https:\/\/www.facebook.com\/inyod","https:\/\/twitter.com\/inyodcom","https:\/\/www.instagram.com\/inyodcom"]}]}},"_links":{"self":[{"href":"https:\/\/inyod.com.tr\/tr\/wp-json\/wp\/v2\/product\/2576","targetHints":{"allow":["GET"]}}],"collection":[{"href":"https:\/\/inyod.com.tr\/tr\/wp-json\/wp\/v2\/product"}],"about":[{"href":"https:\/\/inyod.com.tr\/tr\/wp-json\/wp\/v2\/types\/product"}],"wp:featuredmedia":[{"embeddable":true,"href":"https:\/\/inyod.com.tr\/tr\/wp-json\/wp\/v2\/media\/1528"}],"wp:attachment":[{"href":"https:\/\/inyod.com.tr\/tr\/wp-json\/wp\/v2\/media?parent=2576"}],"wp:term":[{"taxonomy":"product_brand","embeddable":true,"href":"https:\/\/inyod.com.tr\/tr\/wp-json\/wp\/v2\/product_brand?post=2576"},{"taxonomy":"product_cat","embeddable":true,"href":"https:\/\/inyod.com.tr\/tr\/wp-json\/wp\/v2\/product_cat?post=2576"},{"taxonomy":"product_tag","embeddable":true,"href":"https:\/\/inyod.com.tr\/tr\/wp-json\/wp\/v2\/product_tag?post=2576"}],"curies":[{"name":"wp","href":"https:\/\/api.w.org\/{rel}","templated":true}]}}