{"id":2577,"date":"2023-10-18T16:39:55","date_gmt":"2023-10-18T08:39:55","guid":{"rendered":"http:\/\/inyod.com.tr\/?post_type=product&#038;p=2577"},"modified":"2023-10-18T21:10:03","modified_gmt":"2023-10-18T13:10:03","slug":"iny-p-cls-co2-laser-source","status":"publish","type":"product","link":"https:\/\/inyod.com.tr\/tr\/urun\/iny-p-cls-co2-laser-source\/","title":{"rendered":"INY-P-CLS CO2 Lazer Kayna\u011f\u0131"},"content":{"rendered":"<p><span style=\"color: #000000;\">CW Fiber Lazerler, \u00e7\u0131k\u0131\u015f g\u00fcc\u00fc aral\u0131\u011f\u0131n\u0131 kaps\u0131yor ve geni\u015f bir \u00e7al\u0131\u015fma dalga boyu aral\u0131\u011f\u0131na sahip.<\/span><\/p>\n<p>&nbsp;<\/p>\n<h5><span style=\"color: #000000;\"><span style=\"color: #2f5496;\">\u00d6zellikleri<\/span><\/span><\/h5>\n<ol>\n<li>A\u015f\u0131r\u0131 yo\u011fun<\/li>\n<li>Ola\u011fan\u00fcst\u00fc \u0131\u015f\u0131n kalitesi<\/li>\n<li>M\u00fckemmel g\u00fc\u00e7 kararl\u0131l\u0131\u011f\u0131<\/li>\n<li>Maliyet tasarrufu ve basit, do\u011frudan hava so\u011futmas\u0131<\/li>\n<li>Do\u011frusal polarizasyon<\/li>\n<li>H\u0131zl\u0131 y\u00fckselme\/d\u00fc\u015fme s\u00fcresi<\/li>\n<li>Uzun \u00f6m\u00fcr i\u00e7in tamamen metal contalar<\/li>\n<li>Geni\u015f \u00e7al\u0131\u015fma g\u00fcc\u00fc aral\u0131\u011f\u0131<\/li>\n<li>CW veya 25 kHz&#039;e kadar mod\u00fclasyonlu1 \u2013 100 W \u00e7\u0131k\u0131\u015f g\u00fcc\u00fc aral\u0131\u011f\u0131.<\/li>\n<\/ol>","protected":false},"excerpt":{"rendered":"<h5><span style=\"color: #000000;\"><span style=\"color: #2f5496;\">\u00d6zellikler<\/span><\/span><\/h5>\n<p><span style=\"color: #000000;\">Inyod, geni\u015f bir CO2 Lazer kayna\u011f\u0131 yelpazesi sunar; CO2 Lazer kayna\u011f\u0131, CO2 lazer Makinelerinin en \u00f6nemli par\u00e7as\u0131d\u0131r, kalitesi belirlenmi\u015f lazer makinesi kalitesi, uzun \u00f6m\u00fcr, y\u00fcksek kaliteli lazer \u0131\u015f\u0131n\u0131, istikrarl\u0131 performans ve bak\u0131m. \u0130yi bir lazer makinesinin ihtiya\u00e7 duydu\u011fu \u015fey budur.<\/span><\/p>\n<h5><span style=\"color: #000000;\"><span style=\"color: #2f5496;\">Uygulama Kapsam\u0131<\/span><\/span><\/h5>\n<p><span style=\"color: #000000;\">Alt\u0131n i\u00e7eri\u011finin do\u011fru ve h\u0131zl\u0131 analizini sa\u011flad\u0131\u011f\u0131 i\u00e7in m\u00fccevher, madencilik, rafineri ve hurda metal geri d\u00f6n\u00fc\u015f\u00fcm\u00fc dahil olmak \u00fczere \u00e7e\u015fitli sekt\u00f6rlerde de\u011ferli bir ara\u00e7.<\/span><\/p>","protected":false},"featured_media":1522,"template":"","meta":{"_acf_changed":false},"product_brand":[],"product_cat":[230],"product_tag":[249],"class_list":{"0":"post-2577","1":"product","2":"type-product","3":"status-publish","4":"has-post-thumbnail","6":"product_cat-consumables","7":"product_tag-consumables","9":"first","10":"instock","11":"shipping-taxable","12":"product-type-simple"},"acf":[],"yoast_head":"<!-- This site is optimized with the Yoast SEO Premium plugin v20.13 (Yoast SEO v20.13) - https:\/\/yoast.com\/wordpress\/plugins\/seo\/ -->\n<title>INY-P-CLS CO2 Laser Source - Inyod Laser Machine Technology<\/title>\n<meta name=\"robots\" content=\"index, follow, max-snippet:-1, max-image-preview:large, max-video-preview:-1\" \/>\n<link rel=\"canonical\" href=\"https:\/\/inyod.com.tr\/tr\/urun\/iny-p-cls-co2-laser-source\/\" \/>\n<meta property=\"og:locale\" content=\"tr_TR\" \/>\n<meta property=\"og:type\" content=\"article\" \/>\n<meta property=\"og:title\" content=\"INY-P-CLS CO2 Laser Source\" \/>\n<meta property=\"og:description\" content=\"Introduction Inyod offers a wide selection of CO2 Laser source, CO2 Laser source is the most important part of CO2 laser Machines, its quality determined laser machine quality, long time lifespan, high quality laser beam, stable performance, and maintenance. This is what a good laser machine needed. Application Scope valuable tool in various industries, including jewelry, mining, refining, and scrap metal recycling, as it provides accurate and fast analysis of gold content.\" \/>\n<meta property=\"og:url\" content=\"https:\/\/inyod.com.tr\/tr\/urun\/iny-p-cls-co2-laser-source\/\" \/>\n<meta property=\"og:site_name\" content=\"Inyod Laser Machine Technology\" \/>\n<meta property=\"article:publisher\" content=\"https:\/\/www.facebook.com\/inyod\" \/>\n<meta property=\"article:modified_time\" content=\"2023-10-18T13:10:03+00:00\" \/>\n<meta property=\"og:image\" content=\"https:\/\/inyod.com.tr\/wp-content\/uploads\/2023\/09\/INY-P-CLS-CO2-Laser-Source.jpg\" \/>\n\t<meta property=\"og:image:width\" content=\"300\" \/>\n\t<meta property=\"og:image:height\" content=\"300\" \/>\n\t<meta property=\"og:image:type\" content=\"image\/jpeg\" \/>\n<meta name=\"twitter:card\" content=\"summary_large_image\" \/>\n<meta name=\"twitter:site\" content=\"@inyodcom\" \/>\n<script type=\"application\/ld+json\" class=\"yoast-schema-graph\">{\"@context\":\"https:\/\/schema.org\",\"@graph\":[{\"@type\":\"WebPage\",\"@id\":\"https:\/\/inyod.com.tr\/en\/product\/iny-p-cls-co2-laser-source\/\",\"url\":\"https:\/\/inyod.com.tr\/en\/product\/iny-p-cls-co2-laser-source\/\",\"name\":\"INY-P-CLS CO2 Laser Source - Inyod Laser Machine Technology\",\"isPartOf\":{\"@id\":\"https:\/\/inyod.com.tr\/en\/#website\"},\"datePublished\":\"2023-10-18T08:39:55+00:00\",\"dateModified\":\"2023-10-18T13:10:03+00:00\",\"breadcrumb\":{\"@id\":\"https:\/\/inyod.com.tr\/en\/product\/iny-p-cls-co2-laser-source\/#breadcrumb\"},\"inLanguage\":\"tr\",\"potentialAction\":[{\"@type\":\"ReadAction\",\"target\":[\"https:\/\/inyod.com.tr\/en\/product\/iny-p-cls-co2-laser-source\/\"]}]},{\"@type\":\"BreadcrumbList\",\"@id\":\"https:\/\/inyod.com.tr\/en\/product\/iny-p-cls-co2-laser-source\/#breadcrumb\",\"itemListElement\":[{\"@type\":\"ListItem\",\"position\":1,\"name\":\"Home\",\"item\":\"https:\/\/inyod.com.tr\/en\/\"},{\"@type\":\"ListItem\",\"position\":2,\"name\":\"Products\",\"item\":\"https:\/\/inyod.com.tr\/en\/products\/\"},{\"@type\":\"ListItem\",\"position\":3,\"name\":\"INY-P-CLS CO2 Laser Source\"}]},{\"@type\":\"WebSite\",\"@id\":\"https:\/\/inyod.com.tr\/en\/#website\",\"url\":\"https:\/\/inyod.com.tr\/en\/\",\"name\":\"Inyod Machine Technology\",\"description\":\"Inyod Technology\",\"publisher\":{\"@id\":\"https:\/\/inyod.com.tr\/en\/#organization\"},\"alternateName\":\"Machine Technology\",\"potentialAction\":[{\"@type\":\"SearchAction\",\"target\":{\"@type\":\"EntryPoint\",\"urlTemplate\":\"https:\/\/inyod.com.tr\/en\/?s={search_term_string}\"},\"query-input\":\"required name=search_term_string\"}],\"inLanguage\":\"tr\"},{\"@type\":\"Organization\",\"@id\":\"https:\/\/inyod.com.tr\/en\/#organization\",\"name\":\"Inyod\",\"url\":\"https:\/\/inyod.com.tr\/en\/\",\"logo\":{\"@type\":\"ImageObject\",\"inLanguage\":\"tr\",\"@id\":\"https:\/\/inyod.com.tr\/en\/#\/schema\/logo\/image\/\",\"url\":\"https:\/\/inyod.com.tr\/wp-content\/uploads\/2023\/09\/Inyod-marka591x591-e1695265459802.jpg\",\"contentUrl\":\"https:\/\/inyod.com.tr\/wp-content\/uploads\/2023\/09\/Inyod-marka591x591-e1695265459802.jpg\",\"width\":591,\"height\":254,\"caption\":\"Inyod\"},\"image\":{\"@id\":\"https:\/\/inyod.com.tr\/en\/#\/schema\/logo\/image\/\"},\"sameAs\":[\"https:\/\/www.facebook.com\/inyod\",\"https:\/\/twitter.com\/inyodcom\",\"https:\/\/www.instagram.com\/inyodcom\"]}]}<\/script>\n<!-- \/ Yoast SEO Premium plugin. -->","yoast_head_json":{"title":"INY-P-CLS CO2 Laser Source - Inyod Laser Machine Technology","robots":{"index":"index","follow":"follow","max-snippet":"max-snippet:-1","max-image-preview":"max-image-preview:large","max-video-preview":"max-video-preview:-1"},"canonical":"https:\/\/inyod.com.tr\/tr\/urun\/iny-p-cls-co2-laser-source\/","og_locale":"tr_TR","og_type":"article","og_title":"INY-P-CLS CO2 Laser Source","og_description":"Introduction Inyod offers a wide selection of CO2 Laser source, CO2 Laser source is the most important part of CO2 laser Machines, its quality determined laser machine quality, long time lifespan, high quality laser beam, stable performance, and maintenance. This is what a good laser machine needed. Application Scope valuable tool in various industries, including jewelry, mining, refining, and scrap metal recycling, as it provides accurate and fast analysis of gold content.","og_url":"https:\/\/inyod.com.tr\/tr\/urun\/iny-p-cls-co2-laser-source\/","og_site_name":"Inyod Laser Machine Technology","article_publisher":"https:\/\/www.facebook.com\/inyod","article_modified_time":"2023-10-18T13:10:03+00:00","og_image":[{"width":300,"height":300,"url":"https:\/\/inyod.com.tr\/wp-content\/uploads\/2023\/09\/INY-P-CLS-CO2-Laser-Source.jpg","type":"image\/jpeg"}],"twitter_card":"summary_large_image","twitter_site":"@inyodcom","schema":{"@context":"https:\/\/schema.org","@graph":[{"@type":"WebPage","@id":"https:\/\/inyod.com.tr\/en\/product\/iny-p-cls-co2-laser-source\/","url":"https:\/\/inyod.com.tr\/en\/product\/iny-p-cls-co2-laser-source\/","name":"INY-P-CLS CO2 Laser Source - Inyod Laser Machine Technology","isPartOf":{"@id":"https:\/\/inyod.com.tr\/en\/#website"},"datePublished":"2023-10-18T08:39:55+00:00","dateModified":"2023-10-18T13:10:03+00:00","breadcrumb":{"@id":"https:\/\/inyod.com.tr\/en\/product\/iny-p-cls-co2-laser-source\/#breadcrumb"},"inLanguage":"tr","potentialAction":[{"@type":"ReadAction","target":["https:\/\/inyod.com.tr\/en\/product\/iny-p-cls-co2-laser-source\/"]}]},{"@type":"BreadcrumbList","@id":"https:\/\/inyod.com.tr\/en\/product\/iny-p-cls-co2-laser-source\/#breadcrumb","itemListElement":[{"@type":"ListItem","position":1,"name":"Home","item":"https:\/\/inyod.com.tr\/en\/"},{"@type":"ListItem","position":2,"name":"Products","item":"https:\/\/inyod.com.tr\/en\/products\/"},{"@type":"ListItem","position":3,"name":"INY-P-CLS CO2 Laser Source"}]},{"@type":"WebSite","@id":"https:\/\/inyod.com.tr\/en\/#website","url":"https:\/\/inyod.com.tr\/en\/","name":"Inyod Machine Technology","description":"Inyod Technology","publisher":{"@id":"https:\/\/inyod.com.tr\/en\/#organization"},"alternateName":"Machine Technology","potentialAction":[{"@type":"SearchAction","target":{"@type":"EntryPoint","urlTemplate":"https:\/\/inyod.com.tr\/en\/?s={search_term_string}"},"query-input":"required name=search_term_string"}],"inLanguage":"tr"},{"@type":"Organization","@id":"https:\/\/inyod.com.tr\/en\/#organization","name":"Inyod","url":"https:\/\/inyod.com.tr\/en\/","logo":{"@type":"ImageObject","inLanguage":"tr","@id":"https:\/\/inyod.com.tr\/en\/#\/schema\/logo\/image\/","url":"https:\/\/inyod.com.tr\/wp-content\/uploads\/2023\/09\/Inyod-marka591x591-e1695265459802.jpg","contentUrl":"https:\/\/inyod.com.tr\/wp-content\/uploads\/2023\/09\/Inyod-marka591x591-e1695265459802.jpg","width":591,"height":254,"caption":"Inyod"},"image":{"@id":"https:\/\/inyod.com.tr\/en\/#\/schema\/logo\/image\/"},"sameAs":["https:\/\/www.facebook.com\/inyod","https:\/\/twitter.com\/inyodcom","https:\/\/www.instagram.com\/inyodcom"]}]}},"_links":{"self":[{"href":"https:\/\/inyod.com.tr\/tr\/wp-json\/wp\/v2\/product\/2577","targetHints":{"allow":["GET"]}}],"collection":[{"href":"https:\/\/inyod.com.tr\/tr\/wp-json\/wp\/v2\/product"}],"about":[{"href":"https:\/\/inyod.com.tr\/tr\/wp-json\/wp\/v2\/types\/product"}],"wp:featuredmedia":[{"embeddable":true,"href":"https:\/\/inyod.com.tr\/tr\/wp-json\/wp\/v2\/media\/1522"}],"wp:attachment":[{"href":"https:\/\/inyod.com.tr\/tr\/wp-json\/wp\/v2\/media?parent=2577"}],"wp:term":[{"taxonomy":"product_brand","embeddable":true,"href":"https:\/\/inyod.com.tr\/tr\/wp-json\/wp\/v2\/product_brand?post=2577"},{"taxonomy":"product_cat","embeddable":true,"href":"https:\/\/inyod.com.tr\/tr\/wp-json\/wp\/v2\/product_cat?post=2577"},{"taxonomy":"product_tag","embeddable":true,"href":"https:\/\/inyod.com.tr\/tr\/wp-json\/wp\/v2\/product_tag?post=2577"}],"curies":[{"name":"wp","href":"https:\/\/api.w.org\/{rel}","templated":true}]}}