{"id":2579,"date":"2023-10-18T16:53:17","date_gmt":"2023-10-18T08:53:17","guid":{"rendered":"http:\/\/inyod.com.tr\/?post_type=product&#038;p=2579"},"modified":"2023-10-18T21:10:13","modified_gmt":"2023-10-18T13:10:13","slug":"iny-p-flwh-laser-welding-head","status":"publish","type":"product","link":"https:\/\/inyod.com.tr\/tr\/urun\/iny-p-flwh-laser-welding-head\/","title":{"rendered":"INY-P-FLWH Lazer Kaynak Kafas\u0131"},"content":{"rendered":"<p><span style=\"color: #000000;\">Inyod \u00e7ok \u00e7e\u015fitli lazer kaynak kafalar\u0131, Lazer \u0131\u015f\u0131n\u0131 da\u011f\u0131t\u0131m\u0131, lazer kaynak kafas\u0131, el tipi lazer tor\u00e7u sunar -End\u00fcstriyel gereksinimler i\u00e7in yal\u0131t\u0131lm\u0131\u015ft\u0131r -Sabit ve do\u011fru -Kolay montaj End\u00fcstriyel ortam k\u0131s\u0131tlamalar\u0131n\u0131 kar\u015f\u0131lamak \u00fczere tasarlanm\u0131\u015f bu tip lazer \u0131\u015f\u0131n\u0131 kafas\u0131, g\u00fcvenlik ve s\u0131zd\u0131rmazl\u0131k sa\u011flar bo\u015f alan lazer \u0131\u015f\u0131n yolu i\u00e7in kirlenme.<\/span><\/p>\n<h5><span style=\"color: #000000;\"><span style=\"color: #2f5496;\">\u00d6zellikleri<\/span><\/span><\/h5>\n<p><span style=\"color: #000000;\">Bu tip lazer \u0131\u015f\u0131n\u0131 kafas\u0131, bo\u015f alan lazer \u0131\u015f\u0131n\u0131 yolu i\u00e7in kirlenmeye kar\u015f\u0131 g\u00fcvenlik ve s\u0131zd\u0131rmazl\u0131k sa\u011flayarak end\u00fcstriyel ortam k\u0131s\u0131tlamalar\u0131n\u0131 kar\u015f\u0131lamak \u00fczere tasarlanm\u0131\u015ft\u0131r. Statik ve ayarlanabilir lazer \u0131\u015f\u0131n\u0131 manip\u00fclasyon se\u00e7enekleri mevcuttur. Hizalamay\u0131 etkilemeden optik ayna de\u011fi\u015fimi ger\u00e7ekle\u015ftirilebilir.<\/span><\/p>\n<p><span style=\"color: #000000;\">T\u00fcm \u0131\u015f\u0131n da\u011f\u0131t\u0131m cihazlar\u0131 Z ekseni ayarlanabilir, gaz giri\u015fi ve noz\u00fcl ile birlikte gelir. Talep \u00fczerine \u00f6zel yap\u0131m cihazlar mevcuttur. Y\u00fcksek g\u00fc\u00e7l\u00fc lazer i\u00e7in su so\u011futmas\u0131 sa\u011flanmaktad\u0131r.<\/span><\/p>\n<ol>\n<li><span style=\"color: #000000;\">End\u00fcstriyel gereksinimler i\u00e7in m\u00fch\u00fcrlenmi\u015ftir.<\/span><\/li>\n<li><span style=\"color: #000000;\">Kararl\u0131 ve do\u011fru<\/span><\/li>\n<li><span style=\"color: #000000;\">Kolay montaj<\/span><\/li>\n<\/ol>","protected":false},"excerpt":{"rendered":"<h5><span style=\"color: #000000;\"><span style=\"color: #2f5496;\">\u00d6zellikler<\/span><\/span><\/h5>\n<p><span style=\"color: #000000;\">Lazer \u0131\u015f\u0131n\u0131 da\u011f\u0131t\u0131m\u0131n\u0131 ve el tipi lazer tor\u00e7 se\u00e7eneklerini kapsayan lazer kaynak kafalar\u0131m\u0131z. S\u0131k\u0131 end\u00fcstriyel talepleri kar\u015f\u0131lamak \u00fczere tasarlanan bu kafalar, end\u00fcstriyel ortamlarda kirlenmeden lazer i\u015flemleri i\u00e7in sa\u011flam s\u0131zd\u0131rmazl\u0131klar\u0131yla \u00f6ne \u00e7\u0131k\u0131yor.<\/span><\/p>\n<h5><span style=\"color: #000000;\"><span style=\"color: #2f5496;\">Uygulama Kapsam\u0131<\/span><\/span><\/h5>\n<p><span style=\"color: #000000;\">Inyod&#039;un lazer kaynak kafalar\u0131 a\u015fa\u011f\u0131dakileri gerektiren end\u00fcstrilerde \u00e7ok y\u00f6nl\u00fc uygulama alan\u0131 bulur:<\/span><\/p>\n<ol>\n<li><span style=\"color: #000000;\"><strong>Hassas Kaynak:<\/strong> \u00c7e\u015fitli malzemelerde do\u011fru ve g\u00fcvenilir kaynaklar\u0131n sa\u011flanmas\u0131.<\/span><\/li>\n<li><span style=\"color: #000000;\"><strong>End\u00fcstriyel S\u0131zd\u0131rmazl\u0131k:<\/strong> End\u00fcstriyel ortamlarda kontaminasyonsuz kaynak i\u00e7in kat\u0131 gereklilikleri kar\u015f\u0131lar.<\/span><\/li>\n<li><span style=\"color: #000000;\"><strong>Ta\u015f\u0131nabilir Kaynak \u00c7\u00f6z\u00fcmleri:<\/strong> Hedeflenen kaynak g\u00f6revleri i\u00e7in el tipi lazer tor\u00e7 se\u00e7enekleriyle esneklik sunar.<\/span><\/li>\n<\/ol>","protected":false},"featured_media":1525,"template":"","meta":{"_acf_changed":false},"product_brand":[],"product_cat":[230],"product_tag":[249],"class_list":{"0":"post-2579","1":"product","2":"type-product","3":"status-publish","4":"has-post-thumbnail","6":"product_cat-consumables","7":"product_tag-consumables","9":"first","10":"instock","11":"shipping-taxable","12":"product-type-simple"},"acf":[],"yoast_head":"<!-- This site is optimized with the Yoast SEO Premium plugin v20.13 (Yoast SEO v20.13) - https:\/\/yoast.com\/wordpress\/plugins\/seo\/ -->\n<title>INY-P-FLWH Laser Welding Head - Inyod Laser Machine Technology<\/title>\n<meta name=\"robots\" content=\"index, follow, max-snippet:-1, max-image-preview:large, max-video-preview:-1\" \/>\n<link rel=\"canonical\" href=\"https:\/\/inyod.com.tr\/tr\/urun\/iny-p-flwh-laser-welding-head\/\" \/>\n<meta property=\"og:locale\" content=\"tr_TR\" \/>\n<meta property=\"og:type\" content=\"article\" \/>\n<meta property=\"og:title\" content=\"INY-P-FLWH Laser Welding Head\" \/>\n<meta property=\"og:description\" content=\"Introduction Our laser welding heads, encompassing laser beam delivery and handheld laser torch options. Crafted to meet stringent industrial demands, these heads are characterized by their robust sealing for contamination-free laser operations in industrial environments. Application Scope Inyod&#039;s laser welding heads find versatile application in industries requiring:   Precision Welding: Ensuring accurate and reliable welds in various materials.  Industrial Sealing: Meeting stringent requirements for contamination-free welding in industrial environments.  Portable Welding Solutions: Offering flexibility with handheld laser torch options for targeted welding tasks.\" \/>\n<meta property=\"og:url\" content=\"https:\/\/inyod.com.tr\/tr\/urun\/iny-p-flwh-laser-welding-head\/\" \/>\n<meta property=\"og:site_name\" content=\"Inyod Laser Machine Technology\" \/>\n<meta property=\"article:publisher\" content=\"https:\/\/www.facebook.com\/inyod\" \/>\n<meta property=\"article:modified_time\" content=\"2023-10-18T13:10:13+00:00\" \/>\n<meta property=\"og:image\" content=\"https:\/\/inyod.com.tr\/wp-content\/uploads\/2023\/09\/INY-P-FLCH-Laser-Cutting-Head.png\" \/>\n\t<meta property=\"og:image:width\" content=\"300\" \/>\n\t<meta property=\"og:image:height\" content=\"300\" \/>\n\t<meta property=\"og:image:type\" content=\"image\/png\" \/>\n<meta name=\"twitter:card\" content=\"summary_large_image\" \/>\n<meta name=\"twitter:site\" content=\"@inyodcom\" \/>\n<meta name=\"twitter:label1\" content=\"Tahmini okuma s\u00fcresi\" \/>\n\t<meta name=\"twitter:data1\" content=\"1 dakika\" \/>\n<script type=\"application\/ld+json\" class=\"yoast-schema-graph\">{\"@context\":\"https:\/\/schema.org\",\"@graph\":[{\"@type\":\"WebPage\",\"@id\":\"https:\/\/inyod.com.tr\/en\/product\/iny-p-flwh-laser-welding-head\/\",\"url\":\"https:\/\/inyod.com.tr\/en\/product\/iny-p-flwh-laser-welding-head\/\",\"name\":\"INY-P-FLWH Laser Welding Head - Inyod Laser Machine Technology\",\"isPartOf\":{\"@id\":\"https:\/\/inyod.com.tr\/en\/#website\"},\"datePublished\":\"2023-10-18T08:53:17+00:00\",\"dateModified\":\"2023-10-18T13:10:13+00:00\",\"breadcrumb\":{\"@id\":\"https:\/\/inyod.com.tr\/en\/product\/iny-p-flwh-laser-welding-head\/#breadcrumb\"},\"inLanguage\":\"tr\",\"potentialAction\":[{\"@type\":\"ReadAction\",\"target\":[\"https:\/\/inyod.com.tr\/en\/product\/iny-p-flwh-laser-welding-head\/\"]}]},{\"@type\":\"BreadcrumbList\",\"@id\":\"https:\/\/inyod.com.tr\/en\/product\/iny-p-flwh-laser-welding-head\/#breadcrumb\",\"itemListElement\":[{\"@type\":\"ListItem\",\"position\":1,\"name\":\"Home\",\"item\":\"https:\/\/inyod.com.tr\/en\/\"},{\"@type\":\"ListItem\",\"position\":2,\"name\":\"Products\",\"item\":\"https:\/\/inyod.com.tr\/en\/products\/\"},{\"@type\":\"ListItem\",\"position\":3,\"name\":\"INY-P-FLWH Laser Welding Head\"}]},{\"@type\":\"WebSite\",\"@id\":\"https:\/\/inyod.com.tr\/en\/#website\",\"url\":\"https:\/\/inyod.com.tr\/en\/\",\"name\":\"Inyod Machine Technology\",\"description\":\"Inyod Technology\",\"publisher\":{\"@id\":\"https:\/\/inyod.com.tr\/en\/#organization\"},\"alternateName\":\"Machine Technology\",\"potentialAction\":[{\"@type\":\"SearchAction\",\"target\":{\"@type\":\"EntryPoint\",\"urlTemplate\":\"https:\/\/inyod.com.tr\/en\/?s={search_term_string}\"},\"query-input\":\"required name=search_term_string\"}],\"inLanguage\":\"tr\"},{\"@type\":\"Organization\",\"@id\":\"https:\/\/inyod.com.tr\/en\/#organization\",\"name\":\"Inyod\",\"url\":\"https:\/\/inyod.com.tr\/en\/\",\"logo\":{\"@type\":\"ImageObject\",\"inLanguage\":\"tr\",\"@id\":\"https:\/\/inyod.com.tr\/en\/#\/schema\/logo\/image\/\",\"url\":\"https:\/\/inyod.com.tr\/wp-content\/uploads\/2023\/09\/Inyod-marka591x591-e1695265459802.jpg\",\"contentUrl\":\"https:\/\/inyod.com.tr\/wp-content\/uploads\/2023\/09\/Inyod-marka591x591-e1695265459802.jpg\",\"width\":591,\"height\":254,\"caption\":\"Inyod\"},\"image\":{\"@id\":\"https:\/\/inyod.com.tr\/en\/#\/schema\/logo\/image\/\"},\"sameAs\":[\"https:\/\/www.facebook.com\/inyod\",\"https:\/\/twitter.com\/inyodcom\",\"https:\/\/www.instagram.com\/inyodcom\"]}]}<\/script>\n<!-- \/ Yoast SEO Premium plugin. -->","yoast_head_json":{"title":"INY-P-FLWH Laser Welding Head - Inyod Laser Machine Technology","robots":{"index":"index","follow":"follow","max-snippet":"max-snippet:-1","max-image-preview":"max-image-preview:large","max-video-preview":"max-video-preview:-1"},"canonical":"https:\/\/inyod.com.tr\/tr\/urun\/iny-p-flwh-laser-welding-head\/","og_locale":"tr_TR","og_type":"article","og_title":"INY-P-FLWH Laser Welding Head","og_description":"Introduction Our laser welding heads, encompassing laser beam delivery and handheld laser torch options. Crafted to meet stringent industrial demands, these heads are characterized by their robust sealing for contamination-free laser operations in industrial environments. Application Scope Inyod's laser welding heads find versatile application in industries requiring:   Precision Welding: Ensuring accurate and reliable welds in various materials.  Industrial Sealing: Meeting stringent requirements for contamination-free welding in industrial environments.  Portable Welding Solutions: Offering flexibility with handheld laser torch options for targeted welding tasks.","og_url":"https:\/\/inyod.com.tr\/tr\/urun\/iny-p-flwh-laser-welding-head\/","og_site_name":"Inyod Laser Machine Technology","article_publisher":"https:\/\/www.facebook.com\/inyod","article_modified_time":"2023-10-18T13:10:13+00:00","og_image":[{"width":300,"height":300,"url":"https:\/\/inyod.com.tr\/wp-content\/uploads\/2023\/09\/INY-P-FLCH-Laser-Cutting-Head.png","type":"image\/png"}],"twitter_card":"summary_large_image","twitter_site":"@inyodcom","twitter_misc":{"Tahmini okuma s\u00fcresi":"1 dakika"},"schema":{"@context":"https:\/\/schema.org","@graph":[{"@type":"WebPage","@id":"https:\/\/inyod.com.tr\/en\/product\/iny-p-flwh-laser-welding-head\/","url":"https:\/\/inyod.com.tr\/en\/product\/iny-p-flwh-laser-welding-head\/","name":"INY-P-FLWH Laser Welding Head - Inyod Laser Machine Technology","isPartOf":{"@id":"https:\/\/inyod.com.tr\/en\/#website"},"datePublished":"2023-10-18T08:53:17+00:00","dateModified":"2023-10-18T13:10:13+00:00","breadcrumb":{"@id":"https:\/\/inyod.com.tr\/en\/product\/iny-p-flwh-laser-welding-head\/#breadcrumb"},"inLanguage":"tr","potentialAction":[{"@type":"ReadAction","target":["https:\/\/inyod.com.tr\/en\/product\/iny-p-flwh-laser-welding-head\/"]}]},{"@type":"BreadcrumbList","@id":"https:\/\/inyod.com.tr\/en\/product\/iny-p-flwh-laser-welding-head\/#breadcrumb","itemListElement":[{"@type":"ListItem","position":1,"name":"Home","item":"https:\/\/inyod.com.tr\/en\/"},{"@type":"ListItem","position":2,"name":"Products","item":"https:\/\/inyod.com.tr\/en\/products\/"},{"@type":"ListItem","position":3,"name":"INY-P-FLWH Laser Welding Head"}]},{"@type":"WebSite","@id":"https:\/\/inyod.com.tr\/en\/#website","url":"https:\/\/inyod.com.tr\/en\/","name":"Inyod Machine Technology","description":"Inyod Technology","publisher":{"@id":"https:\/\/inyod.com.tr\/en\/#organization"},"alternateName":"Machine Technology","potentialAction":[{"@type":"SearchAction","target":{"@type":"EntryPoint","urlTemplate":"https:\/\/inyod.com.tr\/en\/?s={search_term_string}"},"query-input":"required name=search_term_string"}],"inLanguage":"tr"},{"@type":"Organization","@id":"https:\/\/inyod.com.tr\/en\/#organization","name":"Inyod","url":"https:\/\/inyod.com.tr\/en\/","logo":{"@type":"ImageObject","inLanguage":"tr","@id":"https:\/\/inyod.com.tr\/en\/#\/schema\/logo\/image\/","url":"https:\/\/inyod.com.tr\/wp-content\/uploads\/2023\/09\/Inyod-marka591x591-e1695265459802.jpg","contentUrl":"https:\/\/inyod.com.tr\/wp-content\/uploads\/2023\/09\/Inyod-marka591x591-e1695265459802.jpg","width":591,"height":254,"caption":"Inyod"},"image":{"@id":"https:\/\/inyod.com.tr\/en\/#\/schema\/logo\/image\/"},"sameAs":["https:\/\/www.facebook.com\/inyod","https:\/\/twitter.com\/inyodcom","https:\/\/www.instagram.com\/inyodcom"]}]}},"_links":{"self":[{"href":"https:\/\/inyod.com.tr\/tr\/wp-json\/wp\/v2\/product\/2579","targetHints":{"allow":["GET"]}}],"collection":[{"href":"https:\/\/inyod.com.tr\/tr\/wp-json\/wp\/v2\/product"}],"about":[{"href":"https:\/\/inyod.com.tr\/tr\/wp-json\/wp\/v2\/types\/product"}],"wp:featuredmedia":[{"embeddable":true,"href":"https:\/\/inyod.com.tr\/tr\/wp-json\/wp\/v2\/media\/1525"}],"wp:attachment":[{"href":"https:\/\/inyod.com.tr\/tr\/wp-json\/wp\/v2\/media?parent=2579"}],"wp:term":[{"taxonomy":"product_brand","embeddable":true,"href":"https:\/\/inyod.com.tr\/tr\/wp-json\/wp\/v2\/product_brand?post=2579"},{"taxonomy":"product_cat","embeddable":true,"href":"https:\/\/inyod.com.tr\/tr\/wp-json\/wp\/v2\/product_cat?post=2579"},{"taxonomy":"product_tag","embeddable":true,"href":"https:\/\/inyod.com.tr\/tr\/wp-json\/wp\/v2\/product_tag?post=2579"}],"curies":[{"name":"wp","href":"https:\/\/api.w.org\/{rel}","templated":true}]}}