{"id":2580,"date":"2023-10-18T16:57:14","date_gmt":"2023-10-18T08:57:14","guid":{"rendered":"http:\/\/inyod.com.tr\/?post_type=product&#038;p=2580"},"modified":"2023-10-18T21:10:37","modified_gmt":"2023-10-18T13:10:37","slug":"iny-p-flgsh-fiber-laser-galvo-scanner-head","status":"publish","type":"product","link":"https:\/\/inyod.com.tr\/tr\/urun\/iny-p-flgsh-fiber-laser-galvo-scanner-head\/","title":{"rendered":"INY-P-CLGSH CO2 Lazer Galvo Taray\u0131c\u0131 Kafas\u0131"},"content":{"rendered":"<p><span style=\"color: #000000;\">Tam kapsaml\u0131 g\u00fcvenlik koruma fonksiyonu ve \u00f6zel yaz\u0131l\u0131m, bu galvo taray\u0131c\u0131n\u0131n istikrar\u0131n\u0131 ve g\u00fcvenilirli\u011fini d\u00fcnyan\u0131n en \u00fcst seviyesine ula\u015ft\u0131r\u0131r<\/span><\/p>\n<h5><span style=\"color: #2f5496;\">\u015eartname\u00a0<\/span><\/h5>\n<div align=\"center\">\n<table style=\"height: 489px;\" width=\"1940\">\n<tbody>\n<tr>\n<td colspan=\"2\" width=\"428\">Y\u00fcksek H\u0131zl\u0131 Galvanometre Taray\u0131c\u0131n\u0131n \u00d6zellikleri<\/td>\n<\/tr>\n<tr>\n<td width=\"189\">Do\u011frusall\u0131k<\/td>\n<td width=\"237\">99.9%<\/td>\n<\/tr>\n<tr>\n<td width=\"189\">\u00d6l\u00e7ek Kaymas\u0131<\/td>\n<td width=\"237\">&lt;40PPM\/\u00b0C<\/td>\n<\/tr>\n<tr>\n<td width=\"189\">S\u0131f\u0131r Kayma<\/td>\n<td width=\"237\">&lt;15\u03bcRad.\/\u00b0C<\/td>\n<\/tr>\n<tr>\n<td width=\"189\">Tekrarlanabilirlik<\/td>\n<td width=\"237\">8\u03bcRad<\/td>\n<\/tr>\n<tr>\n<td width=\"189\">Ay\u0131rt Edilebilirlik<\/td>\n<td width=\"237\">12\u03bcRad<\/td>\n<\/tr>\n<tr>\n<td width=\"189\">RMS Ak\u0131m\u0131<\/td>\n<td width=\"237\">6,0A(Maks)<\/td>\n<\/tr>\n<tr>\n<td width=\"189\">Tepe Ak\u0131m\u0131<\/td>\n<td width=\"237\">20A(Maks.)<\/td>\n<\/tr>\n<tr>\n<td width=\"189\">Optik A\u00e7\u0131kl\u0131k (standart)<\/td>\n<td width=\"237\">F12.0mm<\/td>\n<\/tr>\n<tr>\n<td width=\"189\">Maksimum Tarama A\u00e7\u0131s\u0131<\/td>\n<td width=\"237\">\u00b115\u00b0<\/td>\n<\/tr>\n<tr>\n<td width=\"189\">\u00c7al\u0131\u015fma S\u0131cakl\u0131\u011f\u0131 Aral\u0131\u011f\u0131<\/td>\n<td width=\"237\">25\u00b0C\u00b120\u00b0<\/td>\n<\/tr>\n<tr>\n<td width=\"189\">S\u0131kl\u0131k<\/td>\n<td width=\"237\">=400HZ<\/td>\n<\/tr>\n<tr>\n<td width=\"189\">A\u011f\u0131rl\u0131k<\/td>\n<td width=\"237\">1.6Kg<\/td>\n<\/tr>\n<\/tbody>\n<\/table>\n<\/div>\n<h5><span style=\"color: #000000;\"><span style=\"color: #2f5496;\">\u00d6zellikleri<\/span><\/span><\/h5>\n<ol>\n<li>Dikey olay \u0131\u015f\u0131k yap\u0131s\u0131n\u0131, kompakt boyutu, yaln\u0131zca 150g&#039;yi, esnek ve kullan\u0131\u015fl\u0131 olan\u0131 benimseyin.<\/li>\n<li>D\u00fcnyan\u0131n en k\u00fc\u00e7\u00fck tarama motorunu kullanan, Amerika Birle\u015fik Devletleri&#039;nden ithal edilen fotoelektrik sens\u00f6r, yaln\u0131zca 13g, genel galvo taray\u0131c\u0131dan 2 kat daha h\u0131zl\u0131, k\u00fc\u00e7\u00fck A\u00e7\u0131 tepki s\u00fcresi 0,3 milisaniyeye ula\u015f\u0131yor.<\/li>\n<li>G\u00fc\u00e7l\u00fc yaz\u0131l\u0131m fonksiyonu, uygun parametre ayar\u0131, \u00e7e\u015fitli grafikler ve tarama modu se\u00e7ilebilir, grafiklerin iki y\u00f6nl\u00fc ayar fonksiyonu vard\u0131r.<\/li>\n<li>Galvo taray\u0131c\u0131, 0,1 milisaniye i\u00e7inde anormal, koruma sinyali \u00e7\u0131k\u0131\u015f\u0131 tespit etti\u011finde ve lazer g\u00fcc\u00fcn\u00fc kapatarak t\u0131bbi kazalar\u0131 etkili bir \u015fekilde \u00f6nledi\u011finde, tam bir kendi kendini denetleme ve koruma sinyali \u00e7\u0131k\u0131\u015f fonksiyonuna sahiptir.<\/li>\n<li>End\u00fcstriyel bilgisayar anakart\u0131 standart tasar\u0131m\u0131na g\u00f6re Kontrol panosu, iyi elektromanyetik uyumlulu\u011fa, g\u00fc\u00e7l\u00fc parazit \u00f6nleme \u00f6zelli\u011fine sahip ve harici eri\u015fim hatas\u0131 veya elektri\u011fin neden oldu\u011fu anakart hasar\u0131n\u0131 etkili bir \u015fekilde \u00f6nleyen kapsaml\u0131 izolasyon \u00f6nlemlerini yap\u0131land\u0131r\u0131r.<\/li>\n<\/ol>","protected":false},"excerpt":{"rendered":"<h5><span style=\"color: #000000;\"><span style=\"color: #2f5496;\">\u00d6zellikler<\/span><\/span><\/h5>\n<p><span style=\"color: #000000;\">Inyod Co2 galvo taray\u0131c\u0131, y\u00fcksek performansl\u0131 galvanometredeki en son Ar-Ge&#039;mizdir; dikey \u0131\u015f\u0131k yap\u0131s\u0131 k\u00fc\u00e7\u00fck boyutlu, hafif, y\u00fcksek h\u0131zl\u0131, esnek \u00e7al\u0131\u015fmal\u0131d\u0131r.<\/span><\/p>\n<h5><span style=\"color: #000000;\"><span style=\"color: #2f5496;\">Uygulama Kapsam\u0131<\/span><\/span><\/h5>\n<p>Inyod&#039;un y\u00fcksek performansl\u0131 galvo taray\u0131c\u0131s\u0131 a\u015fa\u011f\u0131dakileri gerektiren end\u00fcstrilerde geni\u015f uygulama alan\u0131 bulur:<\/p>\n<ol>\n<li><strong>Hassas Lazer Markalama:<\/strong> \u00c7e\u015fitli malzemeler \u00fczerinde do\u011fru ve karma\u015f\u0131k markalama yap\u0131lmas\u0131na olanak sa\u011flar.<\/li>\n<li><strong>3D Bask\u0131 ve Eklemeli \u0130malat:<\/strong> H\u0131zl\u0131 ve hassas malzeme biriktirmeyi kolayla\u015ft\u0131r\u0131r.<\/li>\n<li><strong>Lazer Grav\u00fcr ve Kesim:<\/strong> \u00c7e\u015fitli uygulamalar i\u00e7in karma\u015f\u0131k ve verimli malzeme i\u015flemenin sa\u011flanmas\u0131.<\/li>\n<\/ol>","protected":false},"featured_media":1521,"template":"","meta":{"_acf_changed":false},"product_brand":[],"product_cat":[230],"product_tag":[249],"class_list":{"0":"post-2580","1":"product","2":"type-product","3":"status-publish","4":"has-post-thumbnail","6":"product_cat-consumables","7":"product_tag-consumables","9":"first","10":"instock","11":"shipping-taxable","12":"product-type-simple"},"acf":[],"yoast_head":"<!-- This site is optimized with the Yoast SEO Premium plugin v20.13 (Yoast SEO v20.13) - https:\/\/yoast.com\/wordpress\/plugins\/seo\/ -->\n<title>INY-P-CLGSH CO2 Laser Galvo Scanner Head - Inyod Laser Machine Technology<\/title>\n<meta name=\"robots\" content=\"index, follow, max-snippet:-1, max-image-preview:large, max-video-preview:-1\" \/>\n<link rel=\"canonical\" href=\"https:\/\/inyod.com.tr\/tr\/urun\/iny-p-flgsh-fiber-laser-galvo-scanner-head\/\" \/>\n<meta property=\"og:locale\" content=\"tr_TR\" \/>\n<meta property=\"og:type\" content=\"article\" \/>\n<meta property=\"og:title\" content=\"INY-P-CLGSH CO2 Laser Galvo Scanner Head\" \/>\n<meta property=\"og:description\" content=\"Introduction Inyod Co2 galvo scanner is our latest R&amp;D of high-performance galvanometer, its vertical incident light structure is small size, light weight, high speed, flexible operation Application Scope Inyod&#039;s high-performance galvo scanner finds wide application in industries requiring:   Precision Laser Marking: Enabling accurate and intricate marking on various materials.  3D Printing and Additive Manufacturing: Facilitating rapid and precise material deposition.  Laser Engraving and Cutting: Ensuring intricate and efficient material processing for diverse applications.\" \/>\n<meta property=\"og:url\" content=\"https:\/\/inyod.com.tr\/tr\/urun\/iny-p-flgsh-fiber-laser-galvo-scanner-head\/\" \/>\n<meta property=\"og:site_name\" content=\"Inyod Laser Machine Technology\" \/>\n<meta property=\"article:publisher\" content=\"https:\/\/www.facebook.com\/inyod\" \/>\n<meta property=\"article:modified_time\" content=\"2023-10-18T13:10:37+00:00\" \/>\n<meta property=\"og:image\" content=\"https:\/\/inyod.com.tr\/wp-content\/uploads\/2023\/09\/INY-P-CLGSH-CO2-Laser-Galvo-Scanner-Head.jpg\" \/>\n\t<meta property=\"og:image:width\" content=\"300\" \/>\n\t<meta property=\"og:image:height\" content=\"300\" \/>\n\t<meta property=\"og:image:type\" content=\"image\/jpeg\" \/>\n<meta name=\"twitter:card\" content=\"summary_large_image\" \/>\n<meta name=\"twitter:site\" content=\"@inyodcom\" \/>\n<meta name=\"twitter:label1\" content=\"Tahmini okuma s\u00fcresi\" \/>\n\t<meta name=\"twitter:data1\" content=\"1 dakika\" \/>\n<script type=\"application\/ld+json\" class=\"yoast-schema-graph\">{\"@context\":\"https:\/\/schema.org\",\"@graph\":[{\"@type\":\"WebPage\",\"@id\":\"https:\/\/inyod.com.tr\/en\/product\/iny-p-flgsh-fiber-laser-galvo-scanner-head\/\",\"url\":\"https:\/\/inyod.com.tr\/en\/product\/iny-p-flgsh-fiber-laser-galvo-scanner-head\/\",\"name\":\"INY-P-CLGSH CO2 Laser Galvo Scanner Head - Inyod Laser Machine Technology\",\"isPartOf\":{\"@id\":\"https:\/\/inyod.com.tr\/en\/#website\"},\"datePublished\":\"2023-10-18T08:57:14+00:00\",\"dateModified\":\"2023-10-18T13:10:37+00:00\",\"breadcrumb\":{\"@id\":\"https:\/\/inyod.com.tr\/en\/product\/iny-p-flgsh-fiber-laser-galvo-scanner-head\/#breadcrumb\"},\"inLanguage\":\"tr\",\"potentialAction\":[{\"@type\":\"ReadAction\",\"target\":[\"https:\/\/inyod.com.tr\/en\/product\/iny-p-flgsh-fiber-laser-galvo-scanner-head\/\"]}]},{\"@type\":\"BreadcrumbList\",\"@id\":\"https:\/\/inyod.com.tr\/en\/product\/iny-p-flgsh-fiber-laser-galvo-scanner-head\/#breadcrumb\",\"itemListElement\":[{\"@type\":\"ListItem\",\"position\":1,\"name\":\"Home\",\"item\":\"https:\/\/inyod.com.tr\/en\/\"},{\"@type\":\"ListItem\",\"position\":2,\"name\":\"Products\",\"item\":\"https:\/\/inyod.com.tr\/en\/products\/\"},{\"@type\":\"ListItem\",\"position\":3,\"name\":\"INY-P-CLGSH CO2 Laser Galvo Scanner Head\"}]},{\"@type\":\"WebSite\",\"@id\":\"https:\/\/inyod.com.tr\/en\/#website\",\"url\":\"https:\/\/inyod.com.tr\/en\/\",\"name\":\"Inyod Machine Technology\",\"description\":\"Inyod Technology\",\"publisher\":{\"@id\":\"https:\/\/inyod.com.tr\/en\/#organization\"},\"alternateName\":\"Machine Technology\",\"potentialAction\":[{\"@type\":\"SearchAction\",\"target\":{\"@type\":\"EntryPoint\",\"urlTemplate\":\"https:\/\/inyod.com.tr\/en\/?s={search_term_string}\"},\"query-input\":\"required name=search_term_string\"}],\"inLanguage\":\"tr\"},{\"@type\":\"Organization\",\"@id\":\"https:\/\/inyod.com.tr\/en\/#organization\",\"name\":\"Inyod\",\"url\":\"https:\/\/inyod.com.tr\/en\/\",\"logo\":{\"@type\":\"ImageObject\",\"inLanguage\":\"tr\",\"@id\":\"https:\/\/inyod.com.tr\/en\/#\/schema\/logo\/image\/\",\"url\":\"https:\/\/inyod.com.tr\/wp-content\/uploads\/2023\/09\/Inyod-marka591x591-e1695265459802.jpg\",\"contentUrl\":\"https:\/\/inyod.com.tr\/wp-content\/uploads\/2023\/09\/Inyod-marka591x591-e1695265459802.jpg\",\"width\":591,\"height\":254,\"caption\":\"Inyod\"},\"image\":{\"@id\":\"https:\/\/inyod.com.tr\/en\/#\/schema\/logo\/image\/\"},\"sameAs\":[\"https:\/\/www.facebook.com\/inyod\",\"https:\/\/twitter.com\/inyodcom\",\"https:\/\/www.instagram.com\/inyodcom\"]}]}<\/script>\n<!-- \/ Yoast SEO Premium plugin. -->","yoast_head_json":{"title":"INY-P-CLGSH CO2 Laser Galvo Scanner Head - Inyod Laser Machine Technology","robots":{"index":"index","follow":"follow","max-snippet":"max-snippet:-1","max-image-preview":"max-image-preview:large","max-video-preview":"max-video-preview:-1"},"canonical":"https:\/\/inyod.com.tr\/tr\/urun\/iny-p-flgsh-fiber-laser-galvo-scanner-head\/","og_locale":"tr_TR","og_type":"article","og_title":"INY-P-CLGSH CO2 Laser Galvo Scanner Head","og_description":"Introduction Inyod Co2 galvo scanner is our latest R&amp;D of high-performance galvanometer, its vertical incident light structure is small size, light weight, high speed, flexible operation Application Scope Inyod's high-performance galvo scanner finds wide application in industries requiring:   Precision Laser Marking: Enabling accurate and intricate marking on various materials.  3D Printing and Additive Manufacturing: Facilitating rapid and precise material deposition.  Laser Engraving and Cutting: Ensuring intricate and efficient material processing for diverse applications.","og_url":"https:\/\/inyod.com.tr\/tr\/urun\/iny-p-flgsh-fiber-laser-galvo-scanner-head\/","og_site_name":"Inyod Laser Machine Technology","article_publisher":"https:\/\/www.facebook.com\/inyod","article_modified_time":"2023-10-18T13:10:37+00:00","og_image":[{"width":300,"height":300,"url":"https:\/\/inyod.com.tr\/wp-content\/uploads\/2023\/09\/INY-P-CLGSH-CO2-Laser-Galvo-Scanner-Head.jpg","type":"image\/jpeg"}],"twitter_card":"summary_large_image","twitter_site":"@inyodcom","twitter_misc":{"Tahmini okuma s\u00fcresi":"1 dakika"},"schema":{"@context":"https:\/\/schema.org","@graph":[{"@type":"WebPage","@id":"https:\/\/inyod.com.tr\/en\/product\/iny-p-flgsh-fiber-laser-galvo-scanner-head\/","url":"https:\/\/inyod.com.tr\/en\/product\/iny-p-flgsh-fiber-laser-galvo-scanner-head\/","name":"INY-P-CLGSH CO2 Laser Galvo Scanner Head - Inyod Laser Machine Technology","isPartOf":{"@id":"https:\/\/inyod.com.tr\/en\/#website"},"datePublished":"2023-10-18T08:57:14+00:00","dateModified":"2023-10-18T13:10:37+00:00","breadcrumb":{"@id":"https:\/\/inyod.com.tr\/en\/product\/iny-p-flgsh-fiber-laser-galvo-scanner-head\/#breadcrumb"},"inLanguage":"tr","potentialAction":[{"@type":"ReadAction","target":["https:\/\/inyod.com.tr\/en\/product\/iny-p-flgsh-fiber-laser-galvo-scanner-head\/"]}]},{"@type":"BreadcrumbList","@id":"https:\/\/inyod.com.tr\/en\/product\/iny-p-flgsh-fiber-laser-galvo-scanner-head\/#breadcrumb","itemListElement":[{"@type":"ListItem","position":1,"name":"Home","item":"https:\/\/inyod.com.tr\/en\/"},{"@type":"ListItem","position":2,"name":"Products","item":"https:\/\/inyod.com.tr\/en\/products\/"},{"@type":"ListItem","position":3,"name":"INY-P-CLGSH CO2 Laser Galvo Scanner Head"}]},{"@type":"WebSite","@id":"https:\/\/inyod.com.tr\/en\/#website","url":"https:\/\/inyod.com.tr\/en\/","name":"Inyod Machine Technology","description":"Inyod Technology","publisher":{"@id":"https:\/\/inyod.com.tr\/en\/#organization"},"alternateName":"Machine Technology","potentialAction":[{"@type":"SearchAction","target":{"@type":"EntryPoint","urlTemplate":"https:\/\/inyod.com.tr\/en\/?s={search_term_string}"},"query-input":"required name=search_term_string"}],"inLanguage":"tr"},{"@type":"Organization","@id":"https:\/\/inyod.com.tr\/en\/#organization","name":"Inyod","url":"https:\/\/inyod.com.tr\/en\/","logo":{"@type":"ImageObject","inLanguage":"tr","@id":"https:\/\/inyod.com.tr\/en\/#\/schema\/logo\/image\/","url":"https:\/\/inyod.com.tr\/wp-content\/uploads\/2023\/09\/Inyod-marka591x591-e1695265459802.jpg","contentUrl":"https:\/\/inyod.com.tr\/wp-content\/uploads\/2023\/09\/Inyod-marka591x591-e1695265459802.jpg","width":591,"height":254,"caption":"Inyod"},"image":{"@id":"https:\/\/inyod.com.tr\/en\/#\/schema\/logo\/image\/"},"sameAs":["https:\/\/www.facebook.com\/inyod","https:\/\/twitter.com\/inyodcom","https:\/\/www.instagram.com\/inyodcom"]}]}},"_links":{"self":[{"href":"https:\/\/inyod.com.tr\/tr\/wp-json\/wp\/v2\/product\/2580","targetHints":{"allow":["GET"]}}],"collection":[{"href":"https:\/\/inyod.com.tr\/tr\/wp-json\/wp\/v2\/product"}],"about":[{"href":"https:\/\/inyod.com.tr\/tr\/wp-json\/wp\/v2\/types\/product"}],"wp:featuredmedia":[{"embeddable":true,"href":"https:\/\/inyod.com.tr\/tr\/wp-json\/wp\/v2\/media\/1521"}],"wp:attachment":[{"href":"https:\/\/inyod.com.tr\/tr\/wp-json\/wp\/v2\/media?parent=2580"}],"wp:term":[{"taxonomy":"product_brand","embeddable":true,"href":"https:\/\/inyod.com.tr\/tr\/wp-json\/wp\/v2\/product_brand?post=2580"},{"taxonomy":"product_cat","embeddable":true,"href":"https:\/\/inyod.com.tr\/tr\/wp-json\/wp\/v2\/product_cat?post=2580"},{"taxonomy":"product_tag","embeddable":true,"href":"https:\/\/inyod.com.tr\/tr\/wp-json\/wp\/v2\/product_tag?post=2580"}],"curies":[{"name":"wp","href":"https:\/\/api.w.org\/{rel}","templated":true}]}}