{"id":2583,"date":"2023-10-18T20:39:00","date_gmt":"2023-10-18T12:39:00","guid":{"rendered":"http:\/\/inyod.com.tr\/?post_type=product&#038;p=2583"},"modified":"2023-10-18T21:10:26","modified_gmt":"2023-10-18T13:10:26","slug":"iny-p-flfc-fiber-cable","status":"publish","type":"product","link":"https:\/\/inyod.com.tr\/tr\/urun\/iny-p-flfc-fiber-cable\/","title":{"rendered":"INY-P-FLFC Fiber Kablo"},"content":{"rendered":"<p><span style=\"color: #000000;\">Inyod Fiber Kablolar, 2,5, 4, 10 ve 15 mm \u00e7ap aral\u0131\u011f\u0131na sahip \u00f6zel tasar\u0131ml\u0131 daha b\u00fcy\u00fck boyutlu bir konekt\u00f6rle veya D-80 ve D-Mitsubishi konekt\u00f6rleriyle bir araya getirilerek Diod ve Kat\u0131 Hal lazerlerden birka\u00e7 kW&#039;a kadar g\u00fc\u00e7 sa\u011flayabilir. 200 t\u00fcr. Konekt\u00f6r tasar\u0131m\u0131, yo\u011fun lazer \u0131\u015f\u0131n\u0131yla Bak\u0131r\u0131n buharla\u015fmas\u0131n\u0131 \u00f6nlemek i\u00e7in Safir halkalarla Bak\u0131r halka korumas\u0131 i\u00e7erebilir<\/span><\/p>\n<h5><\/h5>\n<div class=\"WordSection128\">\n<p>Lazer G\u00fc\u00e7 Da\u011f\u0131t\u0131m\u0131 i\u00e7in Do\u011fru Fiber Kabloyu Se\u00e7mek<\/p>\n<ol>\n<li>Fiber tipi ve \u00e7ekirdek \u00e7ap\u0131<\/li>\n<li>Kaplama ve koruyucu boru<\/li>\n<li>Ba\u011flay\u0131c\u0131<\/li>\n<\/ol>\n<\/div>\n<p>&nbsp;<\/p>","protected":false},"excerpt":{"rendered":"<h5><span style=\"color: #000000;\"><span style=\"color: #2f5496;\">\u00d6zellikler<\/span><\/span><\/h5>\n<p><span style=\"color: #000000;\">Inyod Fiber Kablolar, \u00f6zel tasar\u0131ml\u0131 daha b\u00fcy\u00fck boyutlu bir konekt\u00f6rle bir araya getirilerek Diode ve Solid-State lazerlerden birka\u00e7 kW&#039;a kadar g\u00fc\u00e7 sa\u011flayabilir. <\/span><\/p>\n<h5><span style=\"color: #000000;\"><span style=\"color: #2f5496;\">Uygulama Kapsam\u0131<\/span><\/span><\/h5>\n<p>Lazer kaynak teli \u00e7e\u015fitli end\u00fcstrilerde \u00e7ok \u00f6nemlidir:<\/p>\n<ol>\n<li><strong>Otomotiv:<\/strong> Egzozlarda, \u00e7er\u00e7evelerde ve g\u00f6vde bile\u015fenlerinde sa\u011flam kaynaklar\u0131n sa\u011flanmas\u0131.<\/li>\n<li><strong>Havac\u0131l\u0131k:<\/strong> U\u00e7ak ve uzay ara\u00e7lar\u0131 i\u00e7in hassas par\u00e7alar \u00fcretiyoruz.<\/li>\n<li><strong>T\u0131bbi cihazlar:<\/strong> Steril, g\u00fcvenilir aletlerin ve implantlar\u0131n olu\u015fturulmas\u0131na olanak sa\u011flar.<\/li>\n<\/ol>","protected":false},"featured_media":1526,"template":"","meta":{"_acf_changed":false},"product_brand":[],"product_cat":[230],"product_tag":[249],"class_list":{"0":"post-2583","1":"product","2":"type-product","3":"status-publish","4":"has-post-thumbnail","6":"product_cat-consumables","7":"product_tag-consumables","9":"first","10":"instock","11":"shipping-taxable","12":"product-type-simple"},"acf":[],"yoast_head":"<!-- This site is optimized with the Yoast SEO Premium plugin v20.13 (Yoast SEO v20.13) - https:\/\/yoast.com\/wordpress\/plugins\/seo\/ -->\n<title>INY-P-FLFC Fiber Cable - Inyod Laser Machine Technology<\/title>\n<meta name=\"robots\" content=\"index, follow, max-snippet:-1, max-image-preview:large, max-video-preview:-1\" \/>\n<link rel=\"canonical\" href=\"https:\/\/inyod.com.tr\/tr\/urun\/iny-p-flfc-fiber-cable\/\" \/>\n<meta property=\"og:locale\" content=\"tr_TR\" \/>\n<meta property=\"og:type\" content=\"article\" \/>\n<meta property=\"og:title\" content=\"INY-P-FLFC Fiber Cable\" \/>\n<meta property=\"og:description\" content=\"Introduction Inyod Fiber Cables could deliver up to several kW from Diode and Solid-State lasers resulting from their assembly with a larger size connector of special design  Application Scope Laser welding wire is crucial in various industries:   Automotive: Ensuring robust welds in exhausts, frames, and body components.  Aerospace: Crafting precise parts for aircraft and spacecraft.  Medical Devices: Enabling the creation of sterile, reliable instruments and implants.\" \/>\n<meta property=\"og:url\" content=\"https:\/\/inyod.com.tr\/tr\/urun\/iny-p-flfc-fiber-cable\/\" \/>\n<meta property=\"og:site_name\" content=\"Inyod Laser Machine Technology\" \/>\n<meta property=\"article:publisher\" content=\"https:\/\/www.facebook.com\/inyod\" \/>\n<meta property=\"article:modified_time\" content=\"2023-10-18T13:10:26+00:00\" \/>\n<meta property=\"og:image\" content=\"https:\/\/inyod.com.tr\/wp-content\/uploads\/2023\/09\/INY-P-FLFC-Fiber-Cable.png\" \/>\n\t<meta property=\"og:image:width\" content=\"300\" \/>\n\t<meta property=\"og:image:height\" content=\"300\" \/>\n\t<meta property=\"og:image:type\" content=\"image\/png\" \/>\n<meta name=\"twitter:card\" content=\"summary_large_image\" \/>\n<meta name=\"twitter:site\" content=\"@inyodcom\" \/>\n<script type=\"application\/ld+json\" class=\"yoast-schema-graph\">{\"@context\":\"https:\/\/schema.org\",\"@graph\":[{\"@type\":\"WebPage\",\"@id\":\"https:\/\/inyod.com.tr\/en\/product\/iny-p-flfc-fiber-cable\/\",\"url\":\"https:\/\/inyod.com.tr\/en\/product\/iny-p-flfc-fiber-cable\/\",\"name\":\"INY-P-FLFC Fiber Cable - Inyod Laser Machine Technology\",\"isPartOf\":{\"@id\":\"https:\/\/inyod.com.tr\/en\/#website\"},\"datePublished\":\"2023-10-18T12:39:00+00:00\",\"dateModified\":\"2023-10-18T13:10:26+00:00\",\"breadcrumb\":{\"@id\":\"https:\/\/inyod.com.tr\/en\/product\/iny-p-flfc-fiber-cable\/#breadcrumb\"},\"inLanguage\":\"tr\",\"potentialAction\":[{\"@type\":\"ReadAction\",\"target\":[\"https:\/\/inyod.com.tr\/en\/product\/iny-p-flfc-fiber-cable\/\"]}]},{\"@type\":\"BreadcrumbList\",\"@id\":\"https:\/\/inyod.com.tr\/en\/product\/iny-p-flfc-fiber-cable\/#breadcrumb\",\"itemListElement\":[{\"@type\":\"ListItem\",\"position\":1,\"name\":\"Home\",\"item\":\"https:\/\/inyod.com.tr\/en\/\"},{\"@type\":\"ListItem\",\"position\":2,\"name\":\"Products\",\"item\":\"https:\/\/inyod.com.tr\/en\/products\/\"},{\"@type\":\"ListItem\",\"position\":3,\"name\":\"INY-P-FLFC Fiber Cable\"}]},{\"@type\":\"WebSite\",\"@id\":\"https:\/\/inyod.com.tr\/en\/#website\",\"url\":\"https:\/\/inyod.com.tr\/en\/\",\"name\":\"Inyod Machine Technology\",\"description\":\"Inyod Technology\",\"publisher\":{\"@id\":\"https:\/\/inyod.com.tr\/en\/#organization\"},\"alternateName\":\"Machine Technology\",\"potentialAction\":[{\"@type\":\"SearchAction\",\"target\":{\"@type\":\"EntryPoint\",\"urlTemplate\":\"https:\/\/inyod.com.tr\/en\/?s={search_term_string}\"},\"query-input\":\"required name=search_term_string\"}],\"inLanguage\":\"tr\"},{\"@type\":\"Organization\",\"@id\":\"https:\/\/inyod.com.tr\/en\/#organization\",\"name\":\"Inyod\",\"url\":\"https:\/\/inyod.com.tr\/en\/\",\"logo\":{\"@type\":\"ImageObject\",\"inLanguage\":\"tr\",\"@id\":\"https:\/\/inyod.com.tr\/en\/#\/schema\/logo\/image\/\",\"url\":\"https:\/\/inyod.com.tr\/wp-content\/uploads\/2023\/09\/Inyod-marka591x591-e1695265459802.jpg\",\"contentUrl\":\"https:\/\/inyod.com.tr\/wp-content\/uploads\/2023\/09\/Inyod-marka591x591-e1695265459802.jpg\",\"width\":591,\"height\":254,\"caption\":\"Inyod\"},\"image\":{\"@id\":\"https:\/\/inyod.com.tr\/en\/#\/schema\/logo\/image\/\"},\"sameAs\":[\"https:\/\/www.facebook.com\/inyod\",\"https:\/\/twitter.com\/inyodcom\",\"https:\/\/www.instagram.com\/inyodcom\"]}]}<\/script>\n<!-- \/ Yoast SEO Premium plugin. -->","yoast_head_json":{"title":"INY-P-FLFC Fiber Cable - Inyod Laser Machine Technology","robots":{"index":"index","follow":"follow","max-snippet":"max-snippet:-1","max-image-preview":"max-image-preview:large","max-video-preview":"max-video-preview:-1"},"canonical":"https:\/\/inyod.com.tr\/tr\/urun\/iny-p-flfc-fiber-cable\/","og_locale":"tr_TR","og_type":"article","og_title":"INY-P-FLFC Fiber Cable","og_description":"Introduction Inyod Fiber Cables could deliver up to several kW from Diode and Solid-State lasers resulting from their assembly with a larger size connector of special design  Application Scope Laser welding wire is crucial in various industries:   Automotive: Ensuring robust welds in exhausts, frames, and body components.  Aerospace: Crafting precise parts for aircraft and spacecraft.  Medical Devices: Enabling the creation of sterile, reliable instruments and implants.","og_url":"https:\/\/inyod.com.tr\/tr\/urun\/iny-p-flfc-fiber-cable\/","og_site_name":"Inyod Laser Machine Technology","article_publisher":"https:\/\/www.facebook.com\/inyod","article_modified_time":"2023-10-18T13:10:26+00:00","og_image":[{"width":300,"height":300,"url":"https:\/\/inyod.com.tr\/wp-content\/uploads\/2023\/09\/INY-P-FLFC-Fiber-Cable.png","type":"image\/png"}],"twitter_card":"summary_large_image","twitter_site":"@inyodcom","schema":{"@context":"https:\/\/schema.org","@graph":[{"@type":"WebPage","@id":"https:\/\/inyod.com.tr\/en\/product\/iny-p-flfc-fiber-cable\/","url":"https:\/\/inyod.com.tr\/en\/product\/iny-p-flfc-fiber-cable\/","name":"INY-P-FLFC Fiber Cable - Inyod Laser Machine Technology","isPartOf":{"@id":"https:\/\/inyod.com.tr\/en\/#website"},"datePublished":"2023-10-18T12:39:00+00:00","dateModified":"2023-10-18T13:10:26+00:00","breadcrumb":{"@id":"https:\/\/inyod.com.tr\/en\/product\/iny-p-flfc-fiber-cable\/#breadcrumb"},"inLanguage":"tr","potentialAction":[{"@type":"ReadAction","target":["https:\/\/inyod.com.tr\/en\/product\/iny-p-flfc-fiber-cable\/"]}]},{"@type":"BreadcrumbList","@id":"https:\/\/inyod.com.tr\/en\/product\/iny-p-flfc-fiber-cable\/#breadcrumb","itemListElement":[{"@type":"ListItem","position":1,"name":"Home","item":"https:\/\/inyod.com.tr\/en\/"},{"@type":"ListItem","position":2,"name":"Products","item":"https:\/\/inyod.com.tr\/en\/products\/"},{"@type":"ListItem","position":3,"name":"INY-P-FLFC Fiber Cable"}]},{"@type":"WebSite","@id":"https:\/\/inyod.com.tr\/en\/#website","url":"https:\/\/inyod.com.tr\/en\/","name":"Inyod Machine Technology","description":"Inyod Technology","publisher":{"@id":"https:\/\/inyod.com.tr\/en\/#organization"},"alternateName":"Machine Technology","potentialAction":[{"@type":"SearchAction","target":{"@type":"EntryPoint","urlTemplate":"https:\/\/inyod.com.tr\/en\/?s={search_term_string}"},"query-input":"required name=search_term_string"}],"inLanguage":"tr"},{"@type":"Organization","@id":"https:\/\/inyod.com.tr\/en\/#organization","name":"Inyod","url":"https:\/\/inyod.com.tr\/en\/","logo":{"@type":"ImageObject","inLanguage":"tr","@id":"https:\/\/inyod.com.tr\/en\/#\/schema\/logo\/image\/","url":"https:\/\/inyod.com.tr\/wp-content\/uploads\/2023\/09\/Inyod-marka591x591-e1695265459802.jpg","contentUrl":"https:\/\/inyod.com.tr\/wp-content\/uploads\/2023\/09\/Inyod-marka591x591-e1695265459802.jpg","width":591,"height":254,"caption":"Inyod"},"image":{"@id":"https:\/\/inyod.com.tr\/en\/#\/schema\/logo\/image\/"},"sameAs":["https:\/\/www.facebook.com\/inyod","https:\/\/twitter.com\/inyodcom","https:\/\/www.instagram.com\/inyodcom"]}]}},"_links":{"self":[{"href":"https:\/\/inyod.com.tr\/tr\/wp-json\/wp\/v2\/product\/2583","targetHints":{"allow":["GET"]}}],"collection":[{"href":"https:\/\/inyod.com.tr\/tr\/wp-json\/wp\/v2\/product"}],"about":[{"href":"https:\/\/inyod.com.tr\/tr\/wp-json\/wp\/v2\/types\/product"}],"wp:featuredmedia":[{"embeddable":true,"href":"https:\/\/inyod.com.tr\/tr\/wp-json\/wp\/v2\/media\/1526"}],"wp:attachment":[{"href":"https:\/\/inyod.com.tr\/tr\/wp-json\/wp\/v2\/media?parent=2583"}],"wp:term":[{"taxonomy":"product_brand","embeddable":true,"href":"https:\/\/inyod.com.tr\/tr\/wp-json\/wp\/v2\/product_brand?post=2583"},{"taxonomy":"product_cat","embeddable":true,"href":"https:\/\/inyod.com.tr\/tr\/wp-json\/wp\/v2\/product_cat?post=2583"},{"taxonomy":"product_tag","embeddable":true,"href":"https:\/\/inyod.com.tr\/tr\/wp-json\/wp\/v2\/product_tag?post=2583"}],"curies":[{"name":"wp","href":"https:\/\/api.w.org\/{rel}","templated":true}]}}