{"id":2589,"date":"2023-10-18T20:59:10","date_gmt":"2023-10-18T12:59:10","guid":{"rendered":"http:\/\/inyod.com.tr\/?post_type=product&#038;p=2589"},"modified":"2023-10-18T21:11:36","modified_gmt":"2023-10-18T13:11:36","slug":"iny-p-xl-xenon-lamp","status":"publish","type":"product","link":"https:\/\/inyod.com.tr\/tr\/urun\/iny-p-xl-xenon-lamp\/","title":{"rendered":"INY-P-XL Xenon Lamba"},"content":{"rendered":"<p><span style=\"color: #000000;\">INYOD Xenon lazer lambas\u0131, y\u00fcksek y\u00fck, y\u00fcksek verimlilik, iyi \u0131\u015f\u0131n kalitesi ve uzun \u00f6m\u00fcrl\u00fcd\u00fcr. Lazer ksenon lamba, g\u00fc\u00e7 kayna\u011f\u0131n\u0131n \u00fcretti\u011fi y\u00fcksek voltajla ate\u015flenir ve g\u00fc\u00e7 kayna\u011f\u0131 ak\u0131m\u0131n\u0131n boyutuna g\u00f6re farkl\u0131 enerji a\u00e7\u0131\u011fa \u00e7\u0131kar\u0131r. Bu nedenle ksenon lamban\u0131n d\u00fczenli olarak de\u011fi\u015ftirilmesi gerekir ve genel servis \u00f6mr\u00fc yakla\u015f\u0131k 10 milyon katt\u0131r. Nd: YAG lazerin \u00e7\u0131k\u0131\u015f\u0131 \u00f6nemli \u00f6l\u00e7\u00fcde zay\u0131flad\u0131\u011f\u0131nda veya ksenon lamban\u0131n ate\u015flenmesi zor oldu\u011funda, onu yeni bir ksenon lambayla de\u011fi\u015ftirmeyi d\u00fc\u015f\u00fcn\u00fcn.<\/span><\/p>\n<p>&nbsp;<\/p>\n<h5><span style=\"color: #000000;\"><span style=\"color: #2f5496;\">\u015eartname<\/span><\/span><\/h5>\n<table width=\"773\">\n<tbody>\n<tr>\n<td width=\"145\">MODEL\u0130<\/td>\n<td width=\"74\">Tip<\/td>\n<td width=\"102\">La Yay Uzunlu\u011fu \/ mm<\/td>\n<td width=\"130\">Lb G\u00f6vde Uzunlu\u011fu \/ mm<\/td>\n<td width=\"120\">L. Toplam Uzunluk \/ mm<\/td>\n<td width=\"85\">D Lamba D\u0131\u015f \u00c7ap\u0131 \/ mm<\/td>\n<td width=\"77\">Lamba \u00c7ap\u0131 \/ mm<\/td>\n<td width=\"41\">dxl<\/td>\n<\/tr>\n<tr>\n<td width=\"145\">XL-X005075140<\/td>\n<td width=\"74\">X5x75x140<\/td>\n<td width=\"102\">75<\/td>\n<td width=\"130\">130<\/td>\n<td width=\"120\">140<\/td>\n<td width=\"85\">5<\/td>\n<td width=\"77\">4<\/td>\n<td width=\"41\">3&#215;5<\/td>\n<\/tr>\n<tr>\n<td width=\"145\">XL-X007070150<\/td>\n<td width=\"74\">X7x70x150<\/td>\n<td width=\"102\">70<\/td>\n<td width=\"130\">140<\/td>\n<td width=\"120\">150<\/td>\n<td width=\"85\">7<\/td>\n<td width=\"77\">5<\/td>\n<td width=\"41\">4&#215;5<\/td>\n<\/tr>\n<tr>\n<td width=\"145\">XL-X007100210<\/td>\n<td width=\"74\">X7x100x210<\/td>\n<td width=\"102\">100<\/td>\n<td width=\"130\">194<\/td>\n<td width=\"120\">210<\/td>\n<td width=\"85\">7<\/td>\n<td width=\"77\">5<\/td>\n<td width=\"41\">4&#215;8<\/td>\n<\/tr>\n<tr>\n<td width=\"145\">XL-X007100186<\/td>\n<td width=\"74\">X7x100x186<\/td>\n<td width=\"102\">100<\/td>\n<td width=\"130\">170<\/td>\n<td width=\"120\">186<\/td>\n<td width=\"85\">7<\/td>\n<td width=\"77\">5<\/td>\n<td width=\"41\">4&#215;8<\/td>\n<\/tr>\n<tr>\n<td width=\"145\">XL-X008090220<\/td>\n<td width=\"74\">X8x90x220<\/td>\n<td width=\"102\">90<\/td>\n<td width=\"130\">204<\/td>\n<td width=\"120\">220<\/td>\n<td width=\"85\">8<\/td>\n<td width=\"77\">6<\/td>\n<td width=\"41\">5&#215;8<\/td>\n<\/tr>\n<tr>\n<td width=\"145\">XL-X008100230<\/td>\n<td width=\"74\">X8x100x230<\/td>\n<td width=\"102\">100<\/td>\n<td width=\"130\">214<\/td>\n<td width=\"120\">230<\/td>\n<td width=\"85\">8<\/td>\n<td width=\"77\">6<\/td>\n<td width=\"41\">5&#215;8<\/td>\n<\/tr>\n<tr>\n<td width=\"145\">XL-X008100250<\/td>\n<td width=\"74\">X8x100x250<\/td>\n<td width=\"102\">100<\/td>\n<td width=\"130\">234<\/td>\n<td width=\"120\">250<\/td>\n<td width=\"85\">8<\/td>\n<td width=\"77\">6<\/td>\n<td width=\"41\">5&#215;8<\/td>\n<\/tr>\n<tr>\n<td width=\"145\">XL-X008100288<\/td>\n<td width=\"74\">X8x100x288<\/td>\n<td width=\"102\">100<\/td>\n<td width=\"130\">268<\/td>\n<td width=\"120\">288<\/td>\n<td width=\"85\">8<\/td>\n<td width=\"77\">6<\/td>\n<td width=\"41\">5&#215;10<\/td>\n<\/tr>\n<tr>\n<td width=\"145\">XL-X008120240<\/td>\n<td width=\"74\">X8x120x240<\/td>\n<td width=\"102\">120<\/td>\n<td width=\"130\">224<\/td>\n<td width=\"120\">240<\/td>\n<td width=\"85\">8<\/td>\n<td width=\"77\">6<\/td>\n<td width=\"41\">5&#215;8<\/td>\n<\/tr>\n<tr>\n<td width=\"145\">XL-X008120260<\/td>\n<td width=\"74\">X8x120x260<\/td>\n<td width=\"102\">120<\/td>\n<td width=\"130\">244<\/td>\n<td width=\"120\">260<\/td>\n<td width=\"85\">8<\/td>\n<td width=\"77\">6<\/td>\n<td width=\"41\">5&#215;8<\/td>\n<\/tr>\n<tr>\n<td width=\"145\">XL-X008140280<\/td>\n<td width=\"74\">X8x140x280<\/td>\n<td width=\"102\">140<\/td>\n<td width=\"130\">264<\/td>\n<td width=\"120\">280<\/td>\n<td width=\"85\">8<\/td>\n<td width=\"77\">6<\/td>\n<td width=\"41\">5&#215;8<\/td>\n<\/tr>\n<tr>\n<td width=\"145\">XL-X008150297<\/td>\n<td width=\"74\">X8x150x297<\/td>\n<td width=\"102\">150<\/td>\n<td width=\"130\">277<\/td>\n<td width=\"120\">297<\/td>\n<td width=\"85\">8<\/td>\n<td width=\"77\">6<\/td>\n<td width=\"41\">5&#215;10<\/td>\n<\/tr>\n<tr>\n<td width=\"145\">XL-X009130264<\/td>\n<td width=\"74\">X9x130x264<\/td>\n<td width=\"102\">130<\/td>\n<td width=\"130\">248<\/td>\n<td width=\"120\">264<\/td>\n<td width=\"85\">9<\/td>\n<td width=\"77\">7<\/td>\n<td width=\"41\">6&#215;8<\/td>\n<\/tr>\n<tr>\n<td width=\"145\">XL-X009280390<\/td>\n<td width=\"74\">X9x280x390<\/td>\n<td width=\"102\">280<\/td>\n<td width=\"130\">374<\/td>\n<td width=\"120\">390<\/td>\n<td width=\"85\">9<\/td>\n<td width=\"77\">7<\/td>\n<td width=\"41\">6&#215;8<\/td>\n<\/tr>\n<tr>\n<td width=\"145\">XL-X010045125<\/td>\n<td width=\"74\">X10x45x125<\/td>\n<td width=\"102\">45<\/td>\n<td width=\"130\">115<\/td>\n<td width=\"120\">125<\/td>\n<td width=\"85\">10<\/td>\n<td width=\"77\">8<\/td>\n<td width=\"41\">6.5&#215;5<\/td>\n<\/tr>\n<\/tbody>\n<\/table>","protected":false},"excerpt":{"rendered":"<h5><span style=\"color: #000000;\"><span style=\"color: #2f5496;\">\u00d6zellikler<\/span><\/span><\/h5>\n<p><span style=\"color: #000000;\">Inyod ksenon lamba, y\u00fcksek kaliteli UV filtreli kuvars camdan yap\u0131lm\u0131\u015ft\u0131r ve yedek yay\u0131c\u0131 elektrotlar kullan\u0131r. Lazer ksenon lamba, darbeli ksenon lamba, ksenon lamba, lazer t\u00fcp, lazer kaynak ksenon lamba, ksenon t\u00fcp, YAG lazer ksenon lamba, foton ksenon lamba olarak da adland\u0131r\u0131l\u0131r.<\/span><\/p>\n<h5><span style=\"color: #000000;\"><span style=\"color: #2f5496;\">Uygulama Kapsam\u0131<\/span><\/span><\/h5>\n<p>Inyod ksenon lamba, yo\u011fun ve hassas bir \u015fekilde kontrol edilen \u0131\u015f\u0131k kaynaklar\u0131 gerektiren bir dizi end\u00fcstriyel, t\u0131bbi veya bilimsel uygulamada kullan\u0131m alan\u0131 bulan \u00e7ok y\u00f6nl\u00fc ve sa\u011flam bir bile\u015fendir; spesifik uygulamalar, yo\u011funluk, dalga boyu aral\u0131\u011f\u0131 dahil olmak \u00fczere lamban\u0131n \u00f6zelliklerine ba\u011fl\u0131 olarak de\u011fi\u015fiklik g\u00f6sterebilir. ve darbe s\u00fcresi.<\/p>\n<ol>\n<li><strong>Lazer Sistemleri<\/strong>: Lamba, dermatoloji, oftalmoloji ve cerrahi gibi prosed\u00fcrlere y\u00f6nelik t\u0131bbi lazerlerin yan\u0131 s\u0131ra kesme, kaynaklama ve oymaya y\u00f6nelik end\u00fcstriyel lazerler de dahil olmak \u00fczere \u00e7e\u015fitli lazer sistemlerinde \u0131\u015f\u0131k kayna\u011f\u0131 olarak kullan\u0131labilir.<\/li>\n<li><strong>Fototerapi<\/strong>: Sedef hastal\u0131\u011f\u0131 gibi cilt rahats\u0131zl\u0131klar\u0131nda veya yenido\u011fanlarda sar\u0131l\u0131\u011f\u0131n tedavisinde fototerapi gibi t\u0131bbi uygulamalarda kullan\u0131m alan\u0131 bulabilir.<\/li>\n<li><strong>Bilimsel ara\u015ft\u0131rma<\/strong>: Lamba, laboratuvarlarda spektroskopi, malzeme bilimi ve plazma fizi\u011fi gibi yo\u011fun \u0131\u015f\u0131k kaynaklar\u0131 gerektiren deneyler i\u00e7in kullan\u0131labilir.<\/li>\n<li><strong>End\u00fcstriyel i\u015flemler<\/strong>: \u0130malatta, kaplamalar\u0131n k\u00fcrlenmesi veya y\u00fcksek h\u0131zl\u0131 muayenelerin yap\u0131lmas\u0131 gibi yo\u011fun \u0131\u015f\u0131k gerektiren i\u015flemler i\u00e7in kullan\u0131labilir.<\/li>\n<li><strong>Fotolitografi<\/strong>: Yar\u0131 iletken \u00fcretiminde, fotolitografi ekipmanlar\u0131nda silikon levhalar \u00fczerinde desen olu\u015fturmak i\u00e7in \u0131\u015f\u0131k kayna\u011f\u0131 olarak ksenon lambalar kullan\u0131l\u0131r.<\/li>\n<li><strong>T\u0131bbi G\u00f6r\u00fcnt\u00fcleme<\/strong>: Floroskopi gibi yo\u011fun, k\u0131sa \u0131\u015f\u0131k patlamalar\u0131na ihtiya\u00e7 duyulan t\u0131bbi g\u00f6r\u00fcnt\u00fcleme teknolojilerinde kullan\u0131labilir.<\/li>\n<li><strong>E\u011flence ve Projeksiyon<\/strong>: Xenon lambalar sinema, etkinlikler ve b\u00fcy\u00fck \u00f6l\u00e7ekli sunumlara y\u00f6nelik \u00fcst d\u00fczey projekt\u00f6rlerde kullan\u0131l\u0131r.<\/li>\n<li><strong>Ayd\u0131nlatma Sim\u00fclasyonu<\/strong>: Otomotiv tasar\u0131m\u0131, havac\u0131l\u0131k ve mimari gibi alanlarda test ama\u00e7l\u0131 olarak g\u00fcne\u015f \u0131\u015f\u0131\u011f\u0131n\u0131 sim\u00fcle etmek i\u00e7in ksenon lambalar kullan\u0131labilir.<\/li>\n<li><strong>Te\u015fhis ve Test<\/strong>: Tahribats\u0131z muayene (NDT) veya kalite kontrol gibi alanlarda malzemeleri kusur veya kusur a\u00e7\u0131s\u0131ndan incelemek i\u00e7in yo\u011fun \u0131\u015f\u0131k kaynaklar\u0131 kullan\u0131l\u0131r.<\/li>\n<li><strong>Estetik \u0130\u015flemler<\/strong>: Kozmetik dermatolojide, epilasyon ve cilt gen\u00e7le\u015ftirme gibi i\u015flemlere y\u00f6nelik yo\u011fun at\u0131ml\u0131 \u0131\u015f\u0131k (IPL) tedavilerinde \u0131\u015f\u0131k kayna\u011f\u0131 olarak ksenon lambalar kullan\u0131labilir.<\/li>\n<\/ol>","protected":false},"featured_media":1535,"template":"","meta":{"_acf_changed":false},"product_brand":[],"product_cat":[230],"product_tag":[249],"class_list":{"0":"post-2589","1":"product","2":"type-product","3":"status-publish","4":"has-post-thumbnail","6":"product_cat-consumables","7":"product_tag-consumables","9":"first","10":"instock","11":"shipping-taxable","12":"product-type-simple"},"acf":[],"yoast_head":"<!-- This site is optimized with the Yoast SEO Premium plugin v20.13 (Yoast SEO v20.13) - https:\/\/yoast.com\/wordpress\/plugins\/seo\/ -->\n<title>INY-P-XL Xenon Lamp - Inyod Laser Machine Technology<\/title>\n<meta name=\"robots\" content=\"index, follow, max-snippet:-1, max-image-preview:large, max-video-preview:-1\" \/>\n<link rel=\"canonical\" href=\"https:\/\/inyod.com.tr\/tr\/urun\/iny-p-xl-xenon-lamp\/\" \/>\n<meta property=\"og:locale\" content=\"tr_TR\" \/>\n<meta property=\"og:type\" content=\"article\" \/>\n<meta property=\"og:title\" content=\"INY-P-XL Xenon Lamp\" \/>\n<meta property=\"og:description\" content=\"Introduction Inyod xenon lamp is made of high-quality UV-filtering quartz glass, and it uses reserve emitter electrodes. It is also called Laser xenon lamp, pulse xenon lamp, xenon lamp, laser tube, laser welding xenon lamp, xenon tube, YAG laser xenon lamp, photon xenon lamp. Application Scope Inyod xenon lamp is a versatile and robust component, likely finding use in a range of industrial, medical, or scientific applications that require intense and precisely controlled light sources,specific applications may vary depending on the lamp&#039;s specifications, including its intensity, wavelength range, and pulse duration.   Laser Systems: The lamp could be used as a light source in various laser systems, including medical lasers for procedures like dermatology, ophthalmology, and surgery, as well as industrial lasers for cutting, welding, and engraving.  Phototherapy: It might find use in medical applications such as phototherapy for skin conditions like psoriasis or in the treatment of jaundice in newborns.  Scientific Research: The lamp could be used in laboratories for experiments that require intense light sources, such as spectroscopy, materials science, and plasma physics.  Industrial Processes: In manufacturing, it could be used for processes that require intense light, such as curing coatings or performing high-speed inspections.  Photolithography: In semiconductor manufacturing, xenon lamps are used as light sources in photolithography equipment for creating patterns on silicon wafers.  Medical Imaging: It might be used in medical imaging technologies like fluoroscopy, where intense, short bursts of light are needed.  Entertainment and Projection: Xenon lamps are used in high-end projectors for cinema, events, and large-scale presentations.  Lighting Simulation: In fields like automotive design, aerospace, and architecture, xenon lamps can be used to simulate sunlight for testing purposes.  Diagnostics and Testing: In fields like non-destructive testing (NDT) or quality control, intense light sources are used to inspect materials for flaws or defects.  Aesthetic Procedures: In cosmetic dermatology, intense pulsed light (IPL) treatments for procedures like hair removal and skin rejuvenation may use xenon lamps as a light source.\" \/>\n<meta property=\"og:url\" content=\"https:\/\/inyod.com.tr\/tr\/urun\/iny-p-xl-xenon-lamp\/\" \/>\n<meta property=\"og:site_name\" content=\"Inyod Laser Machine Technology\" \/>\n<meta property=\"article:publisher\" content=\"https:\/\/www.facebook.com\/inyod\" \/>\n<meta property=\"article:modified_time\" content=\"2023-10-18T13:11:36+00:00\" \/>\n<meta property=\"og:image\" content=\"https:\/\/inyod.com.tr\/wp-content\/uploads\/2023\/09\/INY-P-XL-Xenon-Lamp.jpg\" \/>\n\t<meta property=\"og:image:width\" content=\"300\" \/>\n\t<meta property=\"og:image:height\" content=\"300\" \/>\n\t<meta property=\"og:image:type\" content=\"image\/jpeg\" \/>\n<meta name=\"twitter:card\" content=\"summary_large_image\" \/>\n<meta name=\"twitter:site\" content=\"@inyodcom\" \/>\n<meta name=\"twitter:label1\" content=\"Tahmini okuma s\u00fcresi\" \/>\n\t<meta name=\"twitter:data1\" content=\"1 dakika\" \/>\n<script type=\"application\/ld+json\" class=\"yoast-schema-graph\">{\"@context\":\"https:\/\/schema.org\",\"@graph\":[{\"@type\":\"WebPage\",\"@id\":\"https:\/\/inyod.com.tr\/en\/product\/iny-p-xl-xenon-lamp\/\",\"url\":\"https:\/\/inyod.com.tr\/en\/product\/iny-p-xl-xenon-lamp\/\",\"name\":\"INY-P-XL Xenon Lamp - Inyod Laser Machine Technology\",\"isPartOf\":{\"@id\":\"https:\/\/inyod.com.tr\/en\/#website\"},\"datePublished\":\"2023-10-18T12:59:10+00:00\",\"dateModified\":\"2023-10-18T13:11:36+00:00\",\"breadcrumb\":{\"@id\":\"https:\/\/inyod.com.tr\/en\/product\/iny-p-xl-xenon-lamp\/#breadcrumb\"},\"inLanguage\":\"tr\",\"potentialAction\":[{\"@type\":\"ReadAction\",\"target\":[\"https:\/\/inyod.com.tr\/en\/product\/iny-p-xl-xenon-lamp\/\"]}]},{\"@type\":\"BreadcrumbList\",\"@id\":\"https:\/\/inyod.com.tr\/en\/product\/iny-p-xl-xenon-lamp\/#breadcrumb\",\"itemListElement\":[{\"@type\":\"ListItem\",\"position\":1,\"name\":\"Home\",\"item\":\"https:\/\/inyod.com.tr\/en\/\"},{\"@type\":\"ListItem\",\"position\":2,\"name\":\"Products\",\"item\":\"https:\/\/inyod.com.tr\/en\/products\/\"},{\"@type\":\"ListItem\",\"position\":3,\"name\":\"INY-P-XL Xenon Lamp\"}]},{\"@type\":\"WebSite\",\"@id\":\"https:\/\/inyod.com.tr\/en\/#website\",\"url\":\"https:\/\/inyod.com.tr\/en\/\",\"name\":\"Inyod Machine Technology\",\"description\":\"Inyod Technology\",\"publisher\":{\"@id\":\"https:\/\/inyod.com.tr\/en\/#organization\"},\"alternateName\":\"Machine Technology\",\"potentialAction\":[{\"@type\":\"SearchAction\",\"target\":{\"@type\":\"EntryPoint\",\"urlTemplate\":\"https:\/\/inyod.com.tr\/en\/?s={search_term_string}\"},\"query-input\":\"required name=search_term_string\"}],\"inLanguage\":\"tr\"},{\"@type\":\"Organization\",\"@id\":\"https:\/\/inyod.com.tr\/en\/#organization\",\"name\":\"Inyod\",\"url\":\"https:\/\/inyod.com.tr\/en\/\",\"logo\":{\"@type\":\"ImageObject\",\"inLanguage\":\"tr\",\"@id\":\"https:\/\/inyod.com.tr\/en\/#\/schema\/logo\/image\/\",\"url\":\"https:\/\/inyod.com.tr\/wp-content\/uploads\/2023\/09\/Inyod-marka591x591-e1695265459802.jpg\",\"contentUrl\":\"https:\/\/inyod.com.tr\/wp-content\/uploads\/2023\/09\/Inyod-marka591x591-e1695265459802.jpg\",\"width\":591,\"height\":254,\"caption\":\"Inyod\"},\"image\":{\"@id\":\"https:\/\/inyod.com.tr\/en\/#\/schema\/logo\/image\/\"},\"sameAs\":[\"https:\/\/www.facebook.com\/inyod\",\"https:\/\/twitter.com\/inyodcom\",\"https:\/\/www.instagram.com\/inyodcom\"]}]}<\/script>\n<!-- \/ Yoast SEO Premium plugin. -->","yoast_head_json":{"title":"INY-P-XL Xenon Lamp - Inyod Laser Machine Technology","robots":{"index":"index","follow":"follow","max-snippet":"max-snippet:-1","max-image-preview":"max-image-preview:large","max-video-preview":"max-video-preview:-1"},"canonical":"https:\/\/inyod.com.tr\/tr\/urun\/iny-p-xl-xenon-lamp\/","og_locale":"tr_TR","og_type":"article","og_title":"INY-P-XL Xenon Lamp","og_description":"Introduction Inyod xenon lamp is made of high-quality UV-filtering quartz glass, and it uses reserve emitter electrodes. It is also called Laser xenon lamp, pulse xenon lamp, xenon lamp, laser tube, laser welding xenon lamp, xenon tube, YAG laser xenon lamp, photon xenon lamp. Application Scope Inyod xenon lamp is a versatile and robust component, likely finding use in a range of industrial, medical, or scientific applications that require intense and precisely controlled light sources,specific applications may vary depending on the lamp's specifications, including its intensity, wavelength range, and pulse duration.   Laser Systems: The lamp could be used as a light source in various laser systems, including medical lasers for procedures like dermatology, ophthalmology, and surgery, as well as industrial lasers for cutting, welding, and engraving.  Phototherapy: It might find use in medical applications such as phototherapy for skin conditions like psoriasis or in the treatment of jaundice in newborns.  Scientific Research: The lamp could be used in laboratories for experiments that require intense light sources, such as spectroscopy, materials science, and plasma physics.  Industrial Processes: In manufacturing, it could be used for processes that require intense light, such as curing coatings or performing high-speed inspections.  Photolithography: In semiconductor manufacturing, xenon lamps are used as light sources in photolithography equipment for creating patterns on silicon wafers.  Medical Imaging: It might be used in medical imaging technologies like fluoroscopy, where intense, short bursts of light are needed.  Entertainment and Projection: Xenon lamps are used in high-end projectors for cinema, events, and large-scale presentations.  Lighting Simulation: In fields like automotive design, aerospace, and architecture, xenon lamps can be used to simulate sunlight for testing purposes.  Diagnostics and Testing: In fields like non-destructive testing (NDT) or quality control, intense light sources are used to inspect materials for flaws or defects.  Aesthetic Procedures: In cosmetic dermatology, intense pulsed light (IPL) treatments for procedures like hair removal and skin rejuvenation may use xenon lamps as a light source.","og_url":"https:\/\/inyod.com.tr\/tr\/urun\/iny-p-xl-xenon-lamp\/","og_site_name":"Inyod Laser Machine Technology","article_publisher":"https:\/\/www.facebook.com\/inyod","article_modified_time":"2023-10-18T13:11:36+00:00","og_image":[{"width":300,"height":300,"url":"https:\/\/inyod.com.tr\/wp-content\/uploads\/2023\/09\/INY-P-XL-Xenon-Lamp.jpg","type":"image\/jpeg"}],"twitter_card":"summary_large_image","twitter_site":"@inyodcom","twitter_misc":{"Tahmini okuma s\u00fcresi":"1 dakika"},"schema":{"@context":"https:\/\/schema.org","@graph":[{"@type":"WebPage","@id":"https:\/\/inyod.com.tr\/en\/product\/iny-p-xl-xenon-lamp\/","url":"https:\/\/inyod.com.tr\/en\/product\/iny-p-xl-xenon-lamp\/","name":"INY-P-XL Xenon Lamp - Inyod Laser Machine Technology","isPartOf":{"@id":"https:\/\/inyod.com.tr\/en\/#website"},"datePublished":"2023-10-18T12:59:10+00:00","dateModified":"2023-10-18T13:11:36+00:00","breadcrumb":{"@id":"https:\/\/inyod.com.tr\/en\/product\/iny-p-xl-xenon-lamp\/#breadcrumb"},"inLanguage":"tr","potentialAction":[{"@type":"ReadAction","target":["https:\/\/inyod.com.tr\/en\/product\/iny-p-xl-xenon-lamp\/"]}]},{"@type":"BreadcrumbList","@id":"https:\/\/inyod.com.tr\/en\/product\/iny-p-xl-xenon-lamp\/#breadcrumb","itemListElement":[{"@type":"ListItem","position":1,"name":"Home","item":"https:\/\/inyod.com.tr\/en\/"},{"@type":"ListItem","position":2,"name":"Products","item":"https:\/\/inyod.com.tr\/en\/products\/"},{"@type":"ListItem","position":3,"name":"INY-P-XL Xenon Lamp"}]},{"@type":"WebSite","@id":"https:\/\/inyod.com.tr\/en\/#website","url":"https:\/\/inyod.com.tr\/en\/","name":"Inyod Machine Technology","description":"Inyod Technology","publisher":{"@id":"https:\/\/inyod.com.tr\/en\/#organization"},"alternateName":"Machine Technology","potentialAction":[{"@type":"SearchAction","target":{"@type":"EntryPoint","urlTemplate":"https:\/\/inyod.com.tr\/en\/?s={search_term_string}"},"query-input":"required name=search_term_string"}],"inLanguage":"tr"},{"@type":"Organization","@id":"https:\/\/inyod.com.tr\/en\/#organization","name":"Inyod","url":"https:\/\/inyod.com.tr\/en\/","logo":{"@type":"ImageObject","inLanguage":"tr","@id":"https:\/\/inyod.com.tr\/en\/#\/schema\/logo\/image\/","url":"https:\/\/inyod.com.tr\/wp-content\/uploads\/2023\/09\/Inyod-marka591x591-e1695265459802.jpg","contentUrl":"https:\/\/inyod.com.tr\/wp-content\/uploads\/2023\/09\/Inyod-marka591x591-e1695265459802.jpg","width":591,"height":254,"caption":"Inyod"},"image":{"@id":"https:\/\/inyod.com.tr\/en\/#\/schema\/logo\/image\/"},"sameAs":["https:\/\/www.facebook.com\/inyod","https:\/\/twitter.com\/inyodcom","https:\/\/www.instagram.com\/inyodcom"]}]}},"_links":{"self":[{"href":"https:\/\/inyod.com.tr\/tr\/wp-json\/wp\/v2\/product\/2589","targetHints":{"allow":["GET"]}}],"collection":[{"href":"https:\/\/inyod.com.tr\/tr\/wp-json\/wp\/v2\/product"}],"about":[{"href":"https:\/\/inyod.com.tr\/tr\/wp-json\/wp\/v2\/types\/product"}],"wp:featuredmedia":[{"embeddable":true,"href":"https:\/\/inyod.com.tr\/tr\/wp-json\/wp\/v2\/media\/1535"}],"wp:attachment":[{"href":"https:\/\/inyod.com.tr\/tr\/wp-json\/wp\/v2\/media?parent=2589"}],"wp:term":[{"taxonomy":"product_brand","embeddable":true,"href":"https:\/\/inyod.com.tr\/tr\/wp-json\/wp\/v2\/product_brand?post=2589"},{"taxonomy":"product_cat","embeddable":true,"href":"https:\/\/inyod.com.tr\/tr\/wp-json\/wp\/v2\/product_cat?post=2589"},{"taxonomy":"product_tag","embeddable":true,"href":"https:\/\/inyod.com.tr\/tr\/wp-json\/wp\/v2\/product_tag?post=2589"}],"curies":[{"name":"wp","href":"https:\/\/api.w.org\/{rel}","templated":true}]}}