{"id":2591,"date":"2023-10-18T21:13:07","date_gmt":"2023-10-18T13:13:07","guid":{"rendered":"http:\/\/inyod.com.tr\/?post_type=product&#038;p=2591"},"modified":"2023-12-29T14:30:07","modified_gmt":"2023-12-29T06:30:07","slug":"iny-p-om-optical-mirror","status":"publish","type":"product","link":"https:\/\/inyod.com.tr\/tr\/urun\/iny-p-om-optical-mirror\/","title":{"rendered":"INY-P-OM Optik Ayna"},"content":{"rendered":"<p>Koruyucu aynalar odak lensinin hasar g\u00f6rmesini \u00f6nleyebilir ve lazer makinelerinin servis \u00f6mr\u00fcn\u00fc uzatarak bak\u0131m maliyetini azaltabilir. Y\u00fczeydeki AR kaplama lazer makinelerinin dalga boyuna g\u00f6re tasarlanm\u0131\u015ft\u0131r. Farkl\u0131 uygulamalar i\u00e7in, spesifikasyonlarda kullan\u0131c\u0131lar\u0131n \u00f6zel gereksinimlerine g\u00f6re belirlenmesi gereken \u00e7e\u015fitli se\u00e7enekler bulunmaktad\u0131r. Cooper, Silikon, bo\u015fluk ve Al\u00fcminyum aynalar<\/p>\n<h5><span style=\"color: #000000;\"><span style=\"color: #2f5496;\">Mevcut Tipler\u00a0<\/span><\/span><\/h5>\n<ul>\n<li><strong>Koruyucu Aynalar<\/strong>: Bu aynalar lazer i\u015flemeyle ilgili zorlu ko\u015fullara dayanacak \u015fekilde tasarlanm\u0131\u015ft\u0131r. Genellikle \u0131s\u0131ya, d\u00f6k\u00fcnt\u00fcye ve di\u011fer potansiyel hasar kaynaklar\u0131na dayanabilecek kaplamalara veya malzemelere sahiptirler.<\/li>\n<li><strong>Tamamen Yans\u0131t\u0131c\u0131 Aynalar (Y\u00fcksek Reflekt\u00f6rler)<\/strong>: Bu aynalar, belirli bir dalga boyu aral\u0131\u011f\u0131nda gelen \u0131\u015f\u0131\u011f\u0131n neredeyse tamam\u0131n\u0131 yans\u0131tacak \u015fekilde tasarlanm\u0131\u015ft\u0131r. Maksimum yans\u0131man\u0131n gerekli oldu\u011fu uygulamalarda kullan\u0131l\u0131rlar.<\/li>\n<li><strong>Yar\u0131 Yans\u0131t\u0131c\u0131 Aynalar (\u00c7\u0131k\u0131\u015f Ba\u011flay\u0131c\u0131lar\u0131)<\/strong>: Bu aynalar gelen \u0131\u015f\u0131\u011f\u0131n bir k\u0131sm\u0131n\u0131 yans\u0131t\u0131rken bir k\u0131sm\u0131n\u0131n ge\u00e7mesine izin verir. Lazer \u0131\u015f\u0131\u011f\u0131n\u0131n bir k\u0131sm\u0131n\u0131n \u00e7\u0131k\u0131\u015f i\u00e7in \u00e7\u0131kar\u0131ld\u0131\u011f\u0131 lazer bo\u015fluklar\u0131 gibi uygulamalarda kullan\u0131l\u0131rlar.<\/li>\n<\/ul>\n<h5><span style=\"color: #000000;\"><span style=\"color: #2f5496;\">\u00d6zellikler<\/span><\/span><\/h5>\n<ul>\n<li>M\u00fckemmel kalite<\/li>\n<li>En y\u00fcksek g\u00fcvenilirlik<\/li>\n<li>Kendi geli\u015ftirme departman\u0131<\/li>\n<li>M\u00fc\u015fteri spesifikasyonlar\u0131na g\u00f6re \u00fcretim<\/li>\n<li>H\u0131zl\u0131 teslimat<\/li>\n<li>Metalik ve dielektrik kaplamalar<\/li>\n<li>Y\u00fcksek kaliteli malzemelerin kullan\u0131m\u0131<\/li>\n<li>Plano aynalar ve k\u00fcreler mevcut<\/li>\n<\/ul>\n<p><span style=\"color: #000000;\"> Inyod Lazer Optik Aynalar, markalama, grav\u00fcr, kaynak ve kesme dahil olmak \u00fczere \u00e7e\u015fitli lazer i\u015fleme uygulamalar\u0131nda kritik bile\u015fenlerdir. Yo\u011fun lazer kullan\u0131m\u0131n\u0131n taleplerine dayanacak ve lazer \u0131\u015f\u0131n\u0131n\u0131n y\u00f6n\u00fc ve oda\u011f\u0131 \u00fczerinde hassas kontrol sa\u011flayacak \u015fekilde tasarlanm\u0131\u015flard\u0131r. Bu, onlar\u0131 lazer teknolojisinin \u00e7ok \u00e7e\u015fitli uygulamalar i\u00e7in kullan\u0131ld\u0131\u011f\u0131 end\u00fcstrilerde vazge\u00e7ilmez ara\u00e7lar haline getirir.<\/span><\/p>","protected":false},"excerpt":{"rendered":"<h5><span style=\"color: #000000;\"><span style=\"color: #2f5496;\">\u00d6zellikler<\/span><\/span><\/h5>\n<p><span style=\"color: #000000;\">Inyod Lazer Optik Aynalar, lazer markalama, lazer grav\u00fcr, lazer kaynak ve lazer kesim dahil olmak \u00fczere \u00e7e\u015fitli uygulamalar i\u00e7in \u0131\u015f\u0131\u011f\u0131 yans\u0131tacak \u015fekilde tasarlanm\u0131\u015ft\u0131r. Lazer ekipmanlar\u0131nda koruyucu aynalar, tam yans\u0131tmal\u0131 aynalar, yar\u0131 yans\u0131t\u0131c\u0131 aynalar yayg\u0131n olarak kullan\u0131lmaktad\u0131r. <\/span><\/p>\n<h5><span style=\"color: #000000;\"><span style=\"color: #2f5496;\">Uygulama Kapsam\u0131<\/span><\/span><\/h5>\n<p><span style=\"color: #000000;\">\u00a0Inyod Lazer Optik Aynalar, lazer \u0131\u015f\u0131\u011f\u0131n\u0131 verimli bir \u015fekilde yans\u0131tacak \u015fekilde \u00f6zel olarak tasarlanm\u0131\u015ft\u0131r. Bu \u00f6zellik, lazer \u0131\u015f\u0131nlar\u0131n\u0131n hassas kontrol\u00fcn\u00fcn ve manip\u00fclasyonunun gerekli oldu\u011fu uygulamalarda \u00e7ok \u00f6nemlidir.<\/span><\/p>\n<ul>\n<li><strong>Lazer Markalama<\/strong>: Lazer markalama sistemlerinde kullan\u0131lan aynalar, lazer \u0131\u015f\u0131n\u0131n\u0131 yans\u0131tarak \u00e7e\u015fitli malzemeler \u00fczerinde markalama olu\u015fturur. Bu, end\u00fcstrilerde \u00fcr\u00fcn etiketleme ve tan\u0131mlama i\u00e7in yayg\u0131n olarak kullan\u0131l\u0131r.<\/li>\n<li><strong>Lazer i\u015fleme<\/strong>: Aynalar, lazer grav\u00fcr uygulamalar\u0131nda lazer \u0131\u015f\u0131n\u0131n\u0131n metal, ah\u015fap veya akrilik gibi malzemeler \u00fczerine tasar\u0131mlar, desenler veya metinler kaz\u0131mak \u00fczere y\u00f6nlendirilmesinde \u00e7ok \u00f6nemli bir rol oynar.<\/li>\n<li><strong>Lazer kaynak<\/strong>: Lazer kaynak i\u015flemlerinde aynalar, lazer \u0131\u015f\u0131n\u0131n\u0131n kaynak alan\u0131na y\u00f6nlendirilmesine ve odaklanmas\u0131na yard\u0131mc\u0131 olarak malzemelerin do\u011fru ve verimli bir \u015fekilde birle\u015ftirilmesini sa\u011flar.<\/li>\n<li><strong>Lazer Kesim<\/strong>: Lazer \u0131\u015f\u0131n\u0131n\u0131 metal, plastik veya kuma\u015f gibi malzemeleri hassas bir \u015fekilde kesmek \u00fczere y\u00f6nlendiren aynalar, lazer kesim sistemlerinde hayati \u00f6neme sahiptir.<\/li>\n<\/ul>","protected":false},"featured_media":1534,"template":"","meta":{"_acf_changed":false},"product_brand":[],"product_cat":[230],"product_tag":[249],"class_list":{"0":"post-2591","1":"product","2":"type-product","3":"status-publish","4":"has-post-thumbnail","6":"product_cat-consumables","7":"product_tag-consumables","9":"first","10":"instock","11":"featured","12":"shipping-taxable","13":"product-type-simple"},"acf":[],"yoast_head":"<!-- This site is optimized with the Yoast SEO Premium plugin v20.13 (Yoast SEO v20.13) - https:\/\/yoast.com\/wordpress\/plugins\/seo\/ -->\n<title>INY-P-OM Optical Mirror - Inyod Laser Machine Technology<\/title>\n<meta name=\"robots\" content=\"index, follow, max-snippet:-1, max-image-preview:large, max-video-preview:-1\" \/>\n<link rel=\"canonical\" href=\"https:\/\/inyod.com.tr\/tr\/urun\/iny-p-om-optical-mirror\/\" \/>\n<meta property=\"og:locale\" content=\"tr_TR\" \/>\n<meta property=\"og:type\" content=\"article\" \/>\n<meta property=\"og:title\" content=\"INY-P-OM Optical Mirror\" \/>\n<meta property=\"og:description\" content=\"Introduction Inyod Laser Optical Mirrors are designed to reflect light for a variety of applications, including laser marking, laser engraving, laser welding and laser cutting. Protective mirrors, totally reflecting mirror, semi-reflective mirrors are popular applied in laser equipment\u2019s.  Application Scope \u00a0Inyod Laser Optical Mirrors are specifically designed to efficiently reflect laser light. This property is crucial in applications where precise control and manipulation of laser beams are required.   Laser Marking: Mirrors used in laser marking systems reflect the laser beam to create markings on various materials. This is commonly used in industries for product labeling and identification.  Laser Engraving: Mirrors play a crucial role in directing the laser beam to etch designs, patterns, or text onto materials like metal, wood, or acrylic in laser engraving applications.  Laser Welding: In laser welding processes, mirrors help guide and focus the laser beam onto the welding area, ensuring accurate and efficient joining of materials.  Laser Cutting: Mirrors are vital in laser cutting systems, redirecting the laser beam to precisely cut through materials like metal, plastic, or fabric.\" \/>\n<meta property=\"og:url\" content=\"https:\/\/inyod.com.tr\/tr\/urun\/iny-p-om-optical-mirror\/\" \/>\n<meta property=\"og:site_name\" content=\"Inyod Laser Machine Technology\" \/>\n<meta property=\"article:publisher\" content=\"https:\/\/www.facebook.com\/inyod\" \/>\n<meta property=\"article:modified_time\" content=\"2023-12-29T06:30:07+00:00\" \/>\n<meta property=\"og:image\" content=\"https:\/\/inyod.com.tr\/wp-content\/uploads\/2023\/09\/INY-P-OM-Optical-Mirror.jpg\" \/>\n\t<meta property=\"og:image:width\" content=\"300\" \/>\n\t<meta property=\"og:image:height\" content=\"300\" \/>\n\t<meta property=\"og:image:type\" content=\"image\/jpeg\" \/>\n<meta name=\"twitter:card\" content=\"summary_large_image\" \/>\n<meta name=\"twitter:site\" content=\"@inyodcom\" \/>\n<meta name=\"twitter:label1\" content=\"Tahmini okuma s\u00fcresi\" \/>\n\t<meta name=\"twitter:data1\" content=\"1 dakika\" \/>\n<script type=\"application\/ld+json\" class=\"yoast-schema-graph\">{\"@context\":\"https:\/\/schema.org\",\"@graph\":[{\"@type\":\"WebPage\",\"@id\":\"https:\/\/inyod.com.tr\/en\/product\/iny-p-om-optical-mirror\/\",\"url\":\"https:\/\/inyod.com.tr\/en\/product\/iny-p-om-optical-mirror\/\",\"name\":\"INY-P-OM Optical Mirror - Inyod Laser Machine Technology\",\"isPartOf\":{\"@id\":\"https:\/\/inyod.com.tr\/en\/#website\"},\"datePublished\":\"2023-10-18T13:13:07+00:00\",\"dateModified\":\"2023-12-29T06:30:07+00:00\",\"breadcrumb\":{\"@id\":\"https:\/\/inyod.com.tr\/en\/product\/iny-p-om-optical-mirror\/#breadcrumb\"},\"inLanguage\":\"tr\",\"potentialAction\":[{\"@type\":\"ReadAction\",\"target\":[\"https:\/\/inyod.com.tr\/en\/product\/iny-p-om-optical-mirror\/\"]}]},{\"@type\":\"BreadcrumbList\",\"@id\":\"https:\/\/inyod.com.tr\/en\/product\/iny-p-om-optical-mirror\/#breadcrumb\",\"itemListElement\":[{\"@type\":\"ListItem\",\"position\":1,\"name\":\"Home\",\"item\":\"https:\/\/inyod.com.tr\/en\/\"},{\"@type\":\"ListItem\",\"position\":2,\"name\":\"Products\",\"item\":\"https:\/\/inyod.com.tr\/en\/products\/\"},{\"@type\":\"ListItem\",\"position\":3,\"name\":\"INY-P-OM Optical Mirror\"}]},{\"@type\":\"WebSite\",\"@id\":\"https:\/\/inyod.com.tr\/en\/#website\",\"url\":\"https:\/\/inyod.com.tr\/en\/\",\"name\":\"Inyod Machine Technology\",\"description\":\"Inyod Technology\",\"publisher\":{\"@id\":\"https:\/\/inyod.com.tr\/en\/#organization\"},\"alternateName\":\"Machine Technology\",\"potentialAction\":[{\"@type\":\"SearchAction\",\"target\":{\"@type\":\"EntryPoint\",\"urlTemplate\":\"https:\/\/inyod.com.tr\/en\/?s={search_term_string}\"},\"query-input\":\"required name=search_term_string\"}],\"inLanguage\":\"tr\"},{\"@type\":\"Organization\",\"@id\":\"https:\/\/inyod.com.tr\/en\/#organization\",\"name\":\"Inyod\",\"url\":\"https:\/\/inyod.com.tr\/en\/\",\"logo\":{\"@type\":\"ImageObject\",\"inLanguage\":\"tr\",\"@id\":\"https:\/\/inyod.com.tr\/en\/#\/schema\/logo\/image\/\",\"url\":\"https:\/\/inyod.com.tr\/wp-content\/uploads\/2023\/09\/Inyod-marka591x591-e1695265459802.jpg\",\"contentUrl\":\"https:\/\/inyod.com.tr\/wp-content\/uploads\/2023\/09\/Inyod-marka591x591-e1695265459802.jpg\",\"width\":591,\"height\":254,\"caption\":\"Inyod\"},\"image\":{\"@id\":\"https:\/\/inyod.com.tr\/en\/#\/schema\/logo\/image\/\"},\"sameAs\":[\"https:\/\/www.facebook.com\/inyod\",\"https:\/\/twitter.com\/inyodcom\",\"https:\/\/www.instagram.com\/inyodcom\"]}]}<\/script>\n<!-- \/ Yoast SEO Premium plugin. -->","yoast_head_json":{"title":"INY-P-OM Optical Mirror - Inyod Laser Machine Technology","robots":{"index":"index","follow":"follow","max-snippet":"max-snippet:-1","max-image-preview":"max-image-preview:large","max-video-preview":"max-video-preview:-1"},"canonical":"https:\/\/inyod.com.tr\/tr\/urun\/iny-p-om-optical-mirror\/","og_locale":"tr_TR","og_type":"article","og_title":"INY-P-OM Optical Mirror","og_description":"Introduction Inyod Laser Optical Mirrors are designed to reflect light for a variety of applications, including laser marking, laser engraving, laser welding and laser cutting. Protective mirrors, totally reflecting mirror, semi-reflective mirrors are popular applied in laser equipment\u2019s.  Application Scope \u00a0Inyod Laser Optical Mirrors are specifically designed to efficiently reflect laser light. This property is crucial in applications where precise control and manipulation of laser beams are required.   Laser Marking: Mirrors used in laser marking systems reflect the laser beam to create markings on various materials. This is commonly used in industries for product labeling and identification.  Laser Engraving: Mirrors play a crucial role in directing the laser beam to etch designs, patterns, or text onto materials like metal, wood, or acrylic in laser engraving applications.  Laser Welding: In laser welding processes, mirrors help guide and focus the laser beam onto the welding area, ensuring accurate and efficient joining of materials.  Laser Cutting: Mirrors are vital in laser cutting systems, redirecting the laser beam to precisely cut through materials like metal, plastic, or fabric.","og_url":"https:\/\/inyod.com.tr\/tr\/urun\/iny-p-om-optical-mirror\/","og_site_name":"Inyod Laser Machine Technology","article_publisher":"https:\/\/www.facebook.com\/inyod","article_modified_time":"2023-12-29T06:30:07+00:00","og_image":[{"width":300,"height":300,"url":"https:\/\/inyod.com.tr\/wp-content\/uploads\/2023\/09\/INY-P-OM-Optical-Mirror.jpg","type":"image\/jpeg"}],"twitter_card":"summary_large_image","twitter_site":"@inyodcom","twitter_misc":{"Tahmini okuma s\u00fcresi":"1 dakika"},"schema":{"@context":"https:\/\/schema.org","@graph":[{"@type":"WebPage","@id":"https:\/\/inyod.com.tr\/en\/product\/iny-p-om-optical-mirror\/","url":"https:\/\/inyod.com.tr\/en\/product\/iny-p-om-optical-mirror\/","name":"INY-P-OM Optical Mirror - Inyod Laser Machine Technology","isPartOf":{"@id":"https:\/\/inyod.com.tr\/en\/#website"},"datePublished":"2023-10-18T13:13:07+00:00","dateModified":"2023-12-29T06:30:07+00:00","breadcrumb":{"@id":"https:\/\/inyod.com.tr\/en\/product\/iny-p-om-optical-mirror\/#breadcrumb"},"inLanguage":"tr","potentialAction":[{"@type":"ReadAction","target":["https:\/\/inyod.com.tr\/en\/product\/iny-p-om-optical-mirror\/"]}]},{"@type":"BreadcrumbList","@id":"https:\/\/inyod.com.tr\/en\/product\/iny-p-om-optical-mirror\/#breadcrumb","itemListElement":[{"@type":"ListItem","position":1,"name":"Home","item":"https:\/\/inyod.com.tr\/en\/"},{"@type":"ListItem","position":2,"name":"Products","item":"https:\/\/inyod.com.tr\/en\/products\/"},{"@type":"ListItem","position":3,"name":"INY-P-OM Optical Mirror"}]},{"@type":"WebSite","@id":"https:\/\/inyod.com.tr\/en\/#website","url":"https:\/\/inyod.com.tr\/en\/","name":"Inyod Machine Technology","description":"Inyod Technology","publisher":{"@id":"https:\/\/inyod.com.tr\/en\/#organization"},"alternateName":"Machine Technology","potentialAction":[{"@type":"SearchAction","target":{"@type":"EntryPoint","urlTemplate":"https:\/\/inyod.com.tr\/en\/?s={search_term_string}"},"query-input":"required name=search_term_string"}],"inLanguage":"tr"},{"@type":"Organization","@id":"https:\/\/inyod.com.tr\/en\/#organization","name":"Inyod","url":"https:\/\/inyod.com.tr\/en\/","logo":{"@type":"ImageObject","inLanguage":"tr","@id":"https:\/\/inyod.com.tr\/en\/#\/schema\/logo\/image\/","url":"https:\/\/inyod.com.tr\/wp-content\/uploads\/2023\/09\/Inyod-marka591x591-e1695265459802.jpg","contentUrl":"https:\/\/inyod.com.tr\/wp-content\/uploads\/2023\/09\/Inyod-marka591x591-e1695265459802.jpg","width":591,"height":254,"caption":"Inyod"},"image":{"@id":"https:\/\/inyod.com.tr\/en\/#\/schema\/logo\/image\/"},"sameAs":["https:\/\/www.facebook.com\/inyod","https:\/\/twitter.com\/inyodcom","https:\/\/www.instagram.com\/inyodcom"]}]}},"_links":{"self":[{"href":"https:\/\/inyod.com.tr\/tr\/wp-json\/wp\/v2\/product\/2591","targetHints":{"allow":["GET"]}}],"collection":[{"href":"https:\/\/inyod.com.tr\/tr\/wp-json\/wp\/v2\/product"}],"about":[{"href":"https:\/\/inyod.com.tr\/tr\/wp-json\/wp\/v2\/types\/product"}],"wp:featuredmedia":[{"embeddable":true,"href":"https:\/\/inyod.com.tr\/tr\/wp-json\/wp\/v2\/media\/1534"}],"wp:attachment":[{"href":"https:\/\/inyod.com.tr\/tr\/wp-json\/wp\/v2\/media?parent=2591"}],"wp:term":[{"taxonomy":"product_brand","embeddable":true,"href":"https:\/\/inyod.com.tr\/tr\/wp-json\/wp\/v2\/product_brand?post=2591"},{"taxonomy":"product_cat","embeddable":true,"href":"https:\/\/inyod.com.tr\/tr\/wp-json\/wp\/v2\/product_cat?post=2591"},{"taxonomy":"product_tag","embeddable":true,"href":"https:\/\/inyod.com.tr\/tr\/wp-json\/wp\/v2\/product_tag?post=2591"}],"curies":[{"name":"wp","href":"https:\/\/api.w.org\/{rel}","templated":true}]}}