{"id":2593,"date":"2023-10-18T21:28:22","date_gmt":"2023-10-18T13:28:22","guid":{"rendered":"http:\/\/inyod.com.tr\/?post_type=product&#038;p=2593"},"modified":"2023-10-18T21:40:14","modified_gmt":"2023-10-18T13:40:14","slug":"iny-p-cl-collimating-lens","status":"publish","type":"product","link":"https:\/\/inyod.com.tr\/tr\/urun\/iny-p-cl-collimating-lens\/","title":{"rendered":"INY-P-CL Y\u00f6nlendirici Lens"},"content":{"rendered":"<p><span style=\"color: #000000;\">Inyod Kolimat\u00f6r Lensinin temel i\u015flevi \u0131\u015f\u0131\u011f\u0131 y\u00f6nlendirmektir. Kolimasyon, \u0131raksak veya yak\u0131nsak \u0131\u015f\u0131k \u0131\u015f\u0131nlar\u0131n\u0131 paralel \u0131\u015f\u0131nlara d\u00f6n\u00fc\u015ft\u00fcrmeyi i\u00e7erir. Bu, odaklanm\u0131\u015f, paralel bir \u0131\u015f\u0131n\u0131n gerekli oldu\u011fu uygulamalar i\u00e7in \u00e7ok \u00f6nemlidir.<\/span><\/p>\n<h5><\/h5>\n<h5><span style=\"color: #000000;\"><span style=\"color: #2f5496;\">\u00d6zellikler<\/span><\/span><\/h5>\n<ul>\n<li><span style=\"color: #000000;\">Lazer odaklama merce\u011fi: F50, F60, F70, F80, F100, F120, F150, F180, F200<\/span><\/li>\n<li><span style=\"color: #000000;\">Malzeme Erimi\u015f Silika 7980 Kuvars<\/span><\/li>\n<li><span style=\"color: #000000;\">\u00c7ap hatas\u0131 -1mm<\/span><\/li>\n<li><span style=\"color: #000000;\">Kal\u0131nl\u0131k hatas\u0131 1mm<\/span><\/li>\n<li><span style=\"color: #000000;\">Ge\u00e7irgenlik 99.9%<\/span><\/li>\n<li><span style=\"color: #000000;\">A\/R Kaplama<\/span><\/li>\n<li><span style=\"color: #000000;\">4000W&#039;a kadar<\/span><\/li>\n<li><span style=\"color: #000000;\">Metalik ve dielektrik kaplamalar<\/span><\/li>\n<li><span style=\"color: #000000;\">Y\u00fcksek kaliteli malzemelerin kullan\u0131m\u0131<\/span><\/li>\n<li><span style=\"color: #000000;\">Plano aynalar ve k\u00fcreler mevcut<\/span><\/li>\n<\/ul>\n<p><span style=\"color: #000000;\"> Inyod Kolimat\u00f6r Lensi, \u0131\u015f\u0131\u011f\u0131n hassas \u015fekilde kolimasyonunun gerekli oldu\u011fu lazer cihazlar\u0131nda kritik bir bile\u015fendir. Odaklanm\u0131\u015f, paralel bir \u0131\u015f\u0131n \u00fcretme yetene\u011fi, onu \u00e7e\u015fitli uygulamalar i\u00e7in lazer teknolojisine dayanan end\u00fcstrilerde de\u011ferli bir ara\u00e7 haline getirir.<\/span><\/p>","protected":false},"excerpt":{"rendered":"<h5><span style=\"color: #000000;\"><span style=\"color: #2f5496;\">\u00d6zellikler<\/span><\/span><\/h5>\n<p>Inyod Kolimat\u00f6r Lensi, lazer cihazlar\u0131nda paralelle\u015ftirilmi\u015f ve do\u011frudan etki yapabilen, \u0131\u015f\u0131\u011f\u0131 istenilen \u00e7aptaki \u0131\u015f\u0131na y\u00f6nlendirmek i\u00e7in tasarlanm\u0131\u015f birka\u00e7 mercekten veya tek asferik merceklerden yap\u0131lm\u0131\u015ft\u0131r.<\/p>\n<h5><span style=\"color: #000000;\"><span style=\"color: #2f5496;\">Uygulama Kapsam\u0131<\/span><\/span><\/h5>\n<p><span style=\"color: #000000;\">Y\u00f6nlendirici lens, hassas bir \u015fekilde y\u00f6nlendirilmi\u015f bir \u0131\u015f\u0131n\u0131n gerekli oldu\u011fu lazer cihazlar\u0131nda \u00f6zellikle kullan\u0131\u015fl\u0131d\u0131r. Bu, lazer \u00f6l\u00e7\u00fcm cihazlar\u0131n\u0131, lazer telemetreleri veya do\u011fru lazer \u0131\u015f\u0131nlar\u0131na dayanan di\u011fer ekipmanlar\u0131 i\u00e7erebilir.<\/span><\/p>","protected":false},"featured_media":1520,"template":"","meta":{"_acf_changed":false},"product_brand":[],"product_cat":[230],"product_tag":[249],"class_list":{"0":"post-2593","1":"product","2":"type-product","3":"status-publish","4":"has-post-thumbnail","6":"product_cat-consumables","7":"product_tag-consumables","9":"first","10":"instock","11":"shipping-taxable","12":"product-type-simple"},"acf":[],"yoast_head":"<!-- This site is optimized with the Yoast SEO Premium plugin v20.13 (Yoast SEO v20.13) - https:\/\/yoast.com\/wordpress\/plugins\/seo\/ -->\n<title>INY-P-CL Collimating Lens - Inyod Laser Machine Technology<\/title>\n<meta name=\"robots\" content=\"index, follow, max-snippet:-1, max-image-preview:large, max-video-preview:-1\" \/>\n<link rel=\"canonical\" href=\"https:\/\/inyod.com.tr\/tr\/produkt\/iny-p-cl-collimating-lens\/\" \/>\n<meta property=\"og:locale\" content=\"tr_TR\" \/>\n<meta property=\"og:type\" content=\"article\" \/>\n<meta property=\"og:title\" content=\"INY-P-CL Collimating Lens\" \/>\n<meta property=\"og:description\" content=\"Introduction Inyod Collimator Lens is made of several lenses or single aspheric lenses, designed to collimate light to a desired diameter beam which can make a collimated and direct effect in laser instruments. Application Scope The collimator lens is particularly useful in laser instruments where a precisely collimated beam is required. This might include laser measurement devices, laser rangefinders, or other equipment that relies on accurate laser beams.\" \/>\n<meta property=\"og:url\" content=\"https:\/\/inyod.com.tr\/tr\/produkt\/iny-p-cl-collimating-lens\/\" \/>\n<meta property=\"og:site_name\" content=\"Inyod Laser Machine Technology\" \/>\n<meta property=\"article:publisher\" content=\"https:\/\/www.facebook.com\/inyod\" \/>\n<meta property=\"article:modified_time\" content=\"2023-10-18T13:40:14+00:00\" \/>\n<meta property=\"og:image\" content=\"https:\/\/inyod.com.tr\/wp-content\/uploads\/2023\/09\/INY-P-CL-Collimating-Lens.png\" \/>\n\t<meta property=\"og:image:width\" content=\"300\" \/>\n\t<meta property=\"og:image:height\" content=\"300\" \/>\n\t<meta property=\"og:image:type\" content=\"image\/png\" \/>\n<meta name=\"twitter:card\" content=\"summary_large_image\" \/>\n<meta name=\"twitter:site\" content=\"@inyodcom\" \/>\n<meta name=\"twitter:label1\" content=\"Tahmini okuma s\u00fcresi\" \/>\n\t<meta name=\"twitter:data1\" content=\"1 dakika\" \/>\n<script type=\"application\/ld+json\" class=\"yoast-schema-graph\">{\"@context\":\"https:\/\/schema.org\",\"@graph\":[{\"@type\":\"WebPage\",\"@id\":\"https:\/\/inyod.com.tr\/de\/produkt\/iny-p-cl-collimating-lens\/\",\"url\":\"https:\/\/inyod.com.tr\/de\/produkt\/iny-p-cl-collimating-lens\/\",\"name\":\"INY-P-CL Collimating Lens - Inyod Laser Machine Technology\",\"isPartOf\":{\"@id\":\"https:\/\/inyod.com.tr\/en\/#website\"},\"datePublished\":\"2023-10-18T13:28:22+00:00\",\"dateModified\":\"2023-10-18T13:40:14+00:00\",\"breadcrumb\":{\"@id\":\"https:\/\/inyod.com.tr\/de\/produkt\/iny-p-cl-collimating-lens\/#breadcrumb\"},\"inLanguage\":\"tr\",\"potentialAction\":[{\"@type\":\"ReadAction\",\"target\":[\"https:\/\/inyod.com.tr\/de\/produkt\/iny-p-cl-collimating-lens\/\"]}]},{\"@type\":\"BreadcrumbList\",\"@id\":\"https:\/\/inyod.com.tr\/de\/produkt\/iny-p-cl-collimating-lens\/#breadcrumb\",\"itemListElement\":[{\"@type\":\"ListItem\",\"position\":1,\"name\":\"Home\",\"item\":\"https:\/\/inyod.com.tr\/en\/\"},{\"@type\":\"ListItem\",\"position\":2,\"name\":\"Products\",\"item\":\"https:\/\/inyod.com.tr\/en\/products\/\"},{\"@type\":\"ListItem\",\"position\":3,\"name\":\"INY-P-CL Collimating Lens\"}]},{\"@type\":\"WebSite\",\"@id\":\"https:\/\/inyod.com.tr\/en\/#website\",\"url\":\"https:\/\/inyod.com.tr\/en\/\",\"name\":\"Inyod Machine Technology\",\"description\":\"Inyod Technology\",\"publisher\":{\"@id\":\"https:\/\/inyod.com.tr\/en\/#organization\"},\"alternateName\":\"Machine Technology\",\"potentialAction\":[{\"@type\":\"SearchAction\",\"target\":{\"@type\":\"EntryPoint\",\"urlTemplate\":\"https:\/\/inyod.com.tr\/en\/?s={search_term_string}\"},\"query-input\":\"required name=search_term_string\"}],\"inLanguage\":\"tr\"},{\"@type\":\"Organization\",\"@id\":\"https:\/\/inyod.com.tr\/en\/#organization\",\"name\":\"Inyod\",\"url\":\"https:\/\/inyod.com.tr\/en\/\",\"logo\":{\"@type\":\"ImageObject\",\"inLanguage\":\"tr\",\"@id\":\"https:\/\/inyod.com.tr\/en\/#\/schema\/logo\/image\/\",\"url\":\"https:\/\/inyod.com.tr\/wp-content\/uploads\/2023\/09\/Inyod-marka591x591-e1695265459802.jpg\",\"contentUrl\":\"https:\/\/inyod.com.tr\/wp-content\/uploads\/2023\/09\/Inyod-marka591x591-e1695265459802.jpg\",\"width\":591,\"height\":254,\"caption\":\"Inyod\"},\"image\":{\"@id\":\"https:\/\/inyod.com.tr\/en\/#\/schema\/logo\/image\/\"},\"sameAs\":[\"https:\/\/www.facebook.com\/inyod\",\"https:\/\/twitter.com\/inyodcom\",\"https:\/\/www.instagram.com\/inyodcom\"]}]}<\/script>\n<!-- \/ Yoast SEO Premium plugin. -->","yoast_head_json":{"title":"INY-P-CL Collimating Lens - Inyod Laser Machine Technology","robots":{"index":"index","follow":"follow","max-snippet":"max-snippet:-1","max-image-preview":"max-image-preview:large","max-video-preview":"max-video-preview:-1"},"canonical":"https:\/\/inyod.com.tr\/tr\/produkt\/iny-p-cl-collimating-lens\/","og_locale":"tr_TR","og_type":"article","og_title":"INY-P-CL Collimating Lens","og_description":"Introduction Inyod Collimator Lens is made of several lenses or single aspheric lenses, designed to collimate light to a desired diameter beam which can make a collimated and direct effect in laser instruments. Application Scope The collimator lens is particularly useful in laser instruments where a precisely collimated beam is required. This might include laser measurement devices, laser rangefinders, or other equipment that relies on accurate laser beams.","og_url":"https:\/\/inyod.com.tr\/tr\/produkt\/iny-p-cl-collimating-lens\/","og_site_name":"Inyod Laser Machine Technology","article_publisher":"https:\/\/www.facebook.com\/inyod","article_modified_time":"2023-10-18T13:40:14+00:00","og_image":[{"width":300,"height":300,"url":"https:\/\/inyod.com.tr\/wp-content\/uploads\/2023\/09\/INY-P-CL-Collimating-Lens.png","type":"image\/png"}],"twitter_card":"summary_large_image","twitter_site":"@inyodcom","twitter_misc":{"Tahmini okuma s\u00fcresi":"1 dakika"},"schema":{"@context":"https:\/\/schema.org","@graph":[{"@type":"WebPage","@id":"https:\/\/inyod.com.tr\/de\/produkt\/iny-p-cl-collimating-lens\/","url":"https:\/\/inyod.com.tr\/de\/produkt\/iny-p-cl-collimating-lens\/","name":"INY-P-CL Collimating Lens - Inyod Laser Machine Technology","isPartOf":{"@id":"https:\/\/inyod.com.tr\/en\/#website"},"datePublished":"2023-10-18T13:28:22+00:00","dateModified":"2023-10-18T13:40:14+00:00","breadcrumb":{"@id":"https:\/\/inyod.com.tr\/de\/produkt\/iny-p-cl-collimating-lens\/#breadcrumb"},"inLanguage":"tr","potentialAction":[{"@type":"ReadAction","target":["https:\/\/inyod.com.tr\/de\/produkt\/iny-p-cl-collimating-lens\/"]}]},{"@type":"BreadcrumbList","@id":"https:\/\/inyod.com.tr\/de\/produkt\/iny-p-cl-collimating-lens\/#breadcrumb","itemListElement":[{"@type":"ListItem","position":1,"name":"Home","item":"https:\/\/inyod.com.tr\/en\/"},{"@type":"ListItem","position":2,"name":"Products","item":"https:\/\/inyod.com.tr\/en\/products\/"},{"@type":"ListItem","position":3,"name":"INY-P-CL Collimating Lens"}]},{"@type":"WebSite","@id":"https:\/\/inyod.com.tr\/en\/#website","url":"https:\/\/inyod.com.tr\/en\/","name":"Inyod Machine Technology","description":"Inyod Technology","publisher":{"@id":"https:\/\/inyod.com.tr\/en\/#organization"},"alternateName":"Machine Technology","potentialAction":[{"@type":"SearchAction","target":{"@type":"EntryPoint","urlTemplate":"https:\/\/inyod.com.tr\/en\/?s={search_term_string}"},"query-input":"required name=search_term_string"}],"inLanguage":"tr"},{"@type":"Organization","@id":"https:\/\/inyod.com.tr\/en\/#organization","name":"Inyod","url":"https:\/\/inyod.com.tr\/en\/","logo":{"@type":"ImageObject","inLanguage":"tr","@id":"https:\/\/inyod.com.tr\/en\/#\/schema\/logo\/image\/","url":"https:\/\/inyod.com.tr\/wp-content\/uploads\/2023\/09\/Inyod-marka591x591-e1695265459802.jpg","contentUrl":"https:\/\/inyod.com.tr\/wp-content\/uploads\/2023\/09\/Inyod-marka591x591-e1695265459802.jpg","width":591,"height":254,"caption":"Inyod"},"image":{"@id":"https:\/\/inyod.com.tr\/en\/#\/schema\/logo\/image\/"},"sameAs":["https:\/\/www.facebook.com\/inyod","https:\/\/twitter.com\/inyodcom","https:\/\/www.instagram.com\/inyodcom"]}]}},"_links":{"self":[{"href":"https:\/\/inyod.com.tr\/tr\/wp-json\/wp\/v2\/product\/2593","targetHints":{"allow":["GET"]}}],"collection":[{"href":"https:\/\/inyod.com.tr\/tr\/wp-json\/wp\/v2\/product"}],"about":[{"href":"https:\/\/inyod.com.tr\/tr\/wp-json\/wp\/v2\/types\/product"}],"wp:featuredmedia":[{"embeddable":true,"href":"https:\/\/inyod.com.tr\/tr\/wp-json\/wp\/v2\/media\/1520"}],"wp:attachment":[{"href":"https:\/\/inyod.com.tr\/tr\/wp-json\/wp\/v2\/media?parent=2593"}],"wp:term":[{"taxonomy":"product_brand","embeddable":true,"href":"https:\/\/inyod.com.tr\/tr\/wp-json\/wp\/v2\/product_brand?post=2593"},{"taxonomy":"product_cat","embeddable":true,"href":"https:\/\/inyod.com.tr\/tr\/wp-json\/wp\/v2\/product_cat?post=2593"},{"taxonomy":"product_tag","embeddable":true,"href":"https:\/\/inyod.com.tr\/tr\/wp-json\/wp\/v2\/product_tag?post=2593"}],"curies":[{"name":"wp","href":"https:\/\/api.w.org\/{rel}","templated":true}]}}